{"id":104,"date":"2017-07-31T15:57:43","date_gmt":"2017-07-31T15:57:43","guid":{"rendered":"http:\/\/cartonsa.com\/es\/?page_id=104"},"modified":"2025-11-21T06:01:48","modified_gmt":"2025-11-21T06:01:48","slug":"blog","status":"publish","type":"page","link":"https:\/\/cartonsa.com\/es\/carton-sa\/blog\/","title":{"rendered":"Blog"},"content":{"rendered":"\t\t<div data-elementor-type=\"wp-page\" data-elementor-id=\"104\" class=\"elementor elementor-104\">\n\t\t\t\t<div class=\"elementor-element elementor-element-49af0d92 e-flex e-con-boxed e-con e-parent\" data-id=\"49af0d92\" data-element_type=\"container\" data-e-type=\"container\" data-settings=\"{&quot;background_background&quot;:&quot;classic&quot;}\">\n\t\t\t\t\t<div class=\"e-con-inner\">\n\t\t<div class=\"elementor-element elementor-element-415dbc56 e-con-full e-flex e-con e-child\" data-id=\"415dbc56\" data-element_type=\"container\" data-e-type=\"container\">\n\t\t\t\t<div class=\"elementor-element elementor-element-39a870cb elementor-widget__width-auto elementor-widget elementor-widget-heading\" data-id=\"39a870cb\" data-element_type=\"widget\" data-e-type=\"widget\" data-widget_type=\"heading.default\">\n\t\t\t\t\t<h2 class=\"elementor-heading-title elementor-size-default\">Blog Cart\u00f3n SA<\/h2>\t\t\t\t<\/div>\n\t\t\t\t<\/div>\n\t\t\t\t\t<\/div>\n\t\t\t\t<\/div>\n\t\t<div class=\"elementor-element elementor-element-40dfc182 e-flex e-con-boxed e-con e-parent\" data-id=\"40dfc182\" data-element_type=\"container\" data-e-type=\"container\" data-settings=\"{&quot;background_background&quot;:&quot;classic&quot;}\">\n\t\t\t\t\t<div class=\"e-con-inner\">\n\t\t<div class=\"elementor-element elementor-element-24c80958 e-con-full e-flex e-con e-child\" data-id=\"24c80958\" data-element_type=\"container\" data-e-type=\"container\">\n\t\t\t\t<div class=\"elementor-element elementor-element-249dd7c5 elementor-widget__width-auto elementor-widget elementor-widget-heading\" data-id=\"249dd7c5\" data-element_type=\"widget\" data-e-type=\"widget\" data-widget_type=\"heading.default\">\n\t\t\t\t\t<p class=\"elementor-heading-title elementor-size-default\"><a href=\"https:\/\/cartonsa.com\/es\/\">Inicio<\/a><\/p>\t\t\t\t<\/div>\n\t\t\t\t<div class=\"elementor-element elementor-element-45c3ff42 elementor-view-default elementor-widget elementor-widget-icon\" data-id=\"45c3ff42\" data-element_type=\"widget\" data-e-type=\"widget\" data-widget_type=\"icon.default\">\n\t\t\t\t\t\t\t<div class=\"elementor-icon-wrapper\">\n\t\t\t<div class=\"elementor-icon\">\n\t\t\t<svg aria-hidden=\"true\" class=\"e-font-icon-svg e-fas-chevron-right\" viewBox=\"0 0 320 512\" xmlns=\"http:\/\/www.w3.org\/2000\/svg\"><path d=\"M285.476 272.971L91.132 467.314c-9.373 9.373-24.569 9.373-33.941 0l-22.667-22.667c-9.357-9.357-9.375-24.522-.04-33.901L188.505 256 34.484 101.255c-9.335-9.379-9.317-24.544.04-33.901l22.667-22.667c9.373-9.373 24.569-9.373 33.941 0L285.475 239.03c9.373 9.372 9.373 24.568.001 33.941z\"><\/path><\/svg>\t\t\t<\/div>\n\t\t<\/div>\n\t\t\t\t\t\t<\/div>\n\t\t\t\t<div class=\"elementor-element elementor-element-37cde67c elementor-widget__width-auto elementor-widget elementor-widget-heading\" data-id=\"37cde67c\" data-element_type=\"widget\" data-e-type=\"widget\" data-widget_type=\"heading.default\">\n\t\t\t\t\t<p class=\"elementor-heading-title elementor-size-default\">Blog<\/p>\t\t\t\t<\/div>\n\t\t\t\t<\/div>\n\t\t\t\t\t<\/div>\n\t\t\t\t<\/div>\n\t\t<div class=\"elementor-element elementor-element-6db2e29 e-flex e-con-boxed e-con e-parent\" data-id=\"6db2e29\" data-element_type=\"container\" data-e-type=\"container\">\n\t\t\t\t\t<div class=\"e-con-inner\">\n\t\t\t\t<div class=\"elementor-element elementor-element-d1518d4 elementor-widget elementor-widget-elementskit-blog-posts\" data-id=\"d1518d4\" data-element_type=\"widget\" data-e-type=\"widget\" data-widget_type=\"elementskit-blog-posts.default\">\n\t\t\t\t\t<div class=\"ekit-wid-con\" >        <div id=\"post-items--d1518d4\" class=\"row post-items\">\n                    <div class=\"col-md-12\">\n\n                                    <div class=\"elementskit-blog-block-post\">\n                        <div class=\"row no-gutters\">\n                                                            <div class=\"col-md-6 order-1\">\n                                    <a href=\"https:\/\/cartonsa.com\/es\/ejemplos-de-packaging-que-implementan-formas-geometricas-en-su-diseno\/\" class=\"elementskit-entry-thumb\">\n                                        <img decoding=\"async\" src=\"https:\/\/cartonsa.com\/es\/wp-content\/uploads\/2018\/05\/carton-sa-ejemplos-de-packaging-que-implementan-formas-geometricas-en-su-diseno.jpg\" alt=\"Ejemplos de Packaging que implementan formas geom\u00e9tricas en su dise\u00f1o\">\n                                    <\/a><!-- .elementskit-entry-thumb END -->\n                                <\/div>\n                            \n                            <div class=\"col-md-6 order-2\">\n                                <div class=\"elementskit-post-body \">\n                                    <div class=\"elementskit-entry-header\">\n                                        \n                                                                                            \t\t\t\t\t                                            \n                                            \n                                                                                            \t\t\t\t<h2 class=\"entry-title\">\n\t\t\t\t\t<a href=\"https:\/\/cartonsa.com\/es\/ejemplos-de-packaging-que-implementan-formas-geometricas-en-su-diseno\/\">\n\t\t\t\t\t\tEjemplos de Packaging que implementan formas geom\u00e9tricas en su dise\u00f1o\t\t\t\t\t<\/a>\n\t\t\t\t<\/h2>\n\t\t\t                                                                                <\/div><!-- .elementskit-entry-header END -->\n\n                                                                            <div class=\"elementskit-post-footer\">\n                                                                                            <p>A veces salir de la zona de confort y apostar por un packaging diferente permite a las marcas dar un paso al frente respecto a todos sus competidores. Es necesario que las marcas y los dise\u00f1adores apuesten por dise\u00f1os estructurales rompedores, que hagan que un producto sobresalga del lineal, que&hellip;<\/p>\n                                                                                                                                <\/div><!-- .elementskit-post-footer END -->\n                                                                    <\/div><!-- .elementskit-post-body END -->\n                            <\/div>\n                        <\/div>\n                    <\/div><!-- .elementskit-blog-block-post .radius .gradient-bg END -->\n                \n            <\/div>\n                    <div class=\"col-md-12\">\n\n                                    <div class=\"elementskit-blog-block-post\">\n                        <div class=\"row no-gutters\">\n                                                            <div class=\"col-md-6 order-1\">\n                                    <a href=\"https:\/\/cartonsa.com\/es\/nuevas-tendencias-en-diseno-y-produccion-de-empaques-profesionales\/\" class=\"elementskit-entry-thumb\">\n                                        <img decoding=\"async\" src=\"https:\/\/cartonsa.com\/es\/wp-content\/uploads\/2018\/05\/carton-sa-nuevas-tendencias-en-diseno-y-produccion-de-empaques-profesionales.jpg\" alt=\"Nuevas tendencias en dise\u00f1o y producci\u00f3n de Empaques profesionales\">\n                                    <\/a><!-- .elementskit-entry-thumb END -->\n                                <\/div>\n                            \n                            <div class=\"col-md-6 order-2\">\n                                <div class=\"elementskit-post-body \">\n                                    <div class=\"elementskit-entry-header\">\n                                        \n                                                                                            \t\t\t\t\t                                            \n                                            \n                                                                                            \t\t\t\t<h2 class=\"entry-title\">\n\t\t\t\t\t<a href=\"https:\/\/cartonsa.com\/es\/nuevas-tendencias-en-diseno-y-produccion-de-empaques-profesionales\/\">\n\t\t\t\t\t\tNuevas tendencias en dise\u00f1o y producci\u00f3n de Empaques profesionales\t\t\t\t\t<\/a>\n\t\t\t\t<\/h2>\n\t\t\t                                                                                <\/div><!-- .elementskit-entry-header END -->\n\n                                                                            <div class=\"elementskit-post-footer\">\n                                                                                            <p>En el estudio estamos muy atentos a las tendencias de nuestro sector, por eso, hemos pensado que ser\u00eda buena idea compartirlas con vosotros. Os dejamos con nuestro top 5 en tendencias de packaging. 1. El packaging Do it Yourself En los \u00faltimos a\u00f1os, y con el crecimiento de Internet, se&hellip;<\/p>\n                                                                                                                                <\/div><!-- .elementskit-post-footer END -->\n                                                                    <\/div><!-- .elementskit-post-body END -->\n                            <\/div>\n                        <\/div>\n                    <\/div><!-- .elementskit-blog-block-post .radius .gradient-bg END -->\n                \n            <\/div>\n                    <div class=\"col-md-12\">\n\n                                    <div class=\"elementskit-blog-block-post\">\n                        <div class=\"row no-gutters\">\n                                                            <div class=\"col-md-6 order-1\">\n                                    <a href=\"https:\/\/cartonsa.com\/es\/top-5-de-tendencias-e-innovaciones-en-diseno-de-packaging-para-flores\/\" class=\"elementskit-entry-thumb\">\n                                        <img decoding=\"async\" src=\"https:\/\/cartonsa.com\/es\/wp-content\/uploads\/2018\/05\/carton-sa-top-5-de-tendencias-e-innovaciones-en-diseno-de-packaging-para-flores.jpg\" alt=\"Top 5 de Tendencias e Innovaciones en Dise\u00f1o de Packaging para Flores\">\n                                    <\/a><!-- .elementskit-entry-thumb END -->\n                                <\/div>\n                            \n                            <div class=\"col-md-6 order-2\">\n                                <div class=\"elementskit-post-body \">\n                                    <div class=\"elementskit-entry-header\">\n                                        \n                                                                                            \t\t\t\t\t                                            \n                                            \n                                                                                            \t\t\t\t<h2 class=\"entry-title\">\n\t\t\t\t\t<a href=\"https:\/\/cartonsa.com\/es\/top-5-de-tendencias-e-innovaciones-en-diseno-de-packaging-para-flores\/\">\n\t\t\t\t\t\tTop 5 de Tendencias e Innovaciones en Dise\u00f1o de Packaging para Flores\t\t\t\t\t<\/a>\n\t\t\t\t<\/h2>\n\t\t\t                                                                                <\/div><!-- .elementskit-entry-header END -->\n\n                                                                            <div class=\"elementskit-post-footer\">\n                                                                                            <p>No se nos ocurre algo m\u00e1s dif\u00edcil de empaquetar que las flores. Siempre que tenemos un proyecto de este tipo, sentimos que tenemos que encontrar algo que haga justicia a la belleza suprema de una flor, y eso, no es sencillo. Adem\u00e1s, si tenemos en cuenta el hecho de que&hellip;<\/p>\n                                                                                                                                <\/div><!-- .elementskit-post-footer END -->\n                                                                    <\/div><!-- .elementskit-post-body END -->\n                            <\/div>\n                        <\/div>\n                    <\/div><!-- .elementskit-blog-block-post .radius .gradient-bg END -->\n                \n            <\/div>\n                    <div class=\"col-md-12\">\n\n                                    <div class=\"elementskit-blog-block-post\">\n                        <div class=\"row no-gutters\">\n                                                            <div class=\"col-md-6 order-1\">\n                                    <a href=\"https:\/\/cartonsa.com\/es\/startup-mexico-y-rotoplas-llaman-a-la-accion-a-emprendedores-por-el-dia-mundial-del-agua\/\" class=\"elementskit-entry-thumb\">\n                                        <img decoding=\"async\" src=\"https:\/\/cartonsa.com\/es\/wp-content\/uploads\/2018\/03\/carto-sa-startup-mexico-y-rotoplas-llaman-a-la-accion-a-emprendedores-por-el-dia-mundial-del-agua.jpg\" alt=\"Startup M\u00e9xico y Rotoplas llaman a la acci\u00f3n a emprendedores por el D\u00eda Mundial del Agua\">\n                                    <\/a><!-- .elementskit-entry-thumb END -->\n                                <\/div>\n                            \n                            <div class=\"col-md-6 order-2\">\n                                <div class=\"elementskit-post-body \">\n                                    <div class=\"elementskit-entry-header\">\n                                        \n                                                                                            \t\t\t\t\t                                            \n                                            \n                                                                                            \t\t\t\t<h2 class=\"entry-title\">\n\t\t\t\t\t<a href=\"https:\/\/cartonsa.com\/es\/startup-mexico-y-rotoplas-llaman-a-la-accion-a-emprendedores-por-el-dia-mundial-del-agua\/\">\n\t\t\t\t\t\tStartup M\u00e9xico y Rotoplas llaman a la acci\u00f3n a emprendedores por el D\u00eda Mundial del Agua\t\t\t\t\t<\/a>\n\t\t\t\t<\/h2>\n\t\t\t                                                                                <\/div><!-- .elementskit-entry-header END -->\n\n                                                                            <div class=\"elementskit-post-footer\">\n                                                                                            <p>A trav\u00e9s del programa Agua VITA: Valor, Innovaci\u00f3n y Tecnolog\u00edas para el Agua se busca contribuir al desarrollo de la sustentabilidad del agua en el pa\u00eds. El INEGI revel\u00f3 que en M\u00e9xico existen 10 millones de hogares sin acceso regular al agua o en muchos casos sin ning\u00fan tipo de&hellip;<\/p>\n                                                                                                                                <\/div><!-- .elementskit-post-footer END -->\n                                                                    <\/div><!-- .elementskit-post-body END -->\n                            <\/div>\n                        <\/div>\n                    <\/div><!-- .elementskit-blog-block-post .radius .gradient-bg END -->\n                \n            <\/div>\n                <\/div>\n       <\/div>\t\t\t\t<\/div>\n\t\t\t\t\t<\/div>\n\t\t\t\t<\/div>\n\t\t\t\t<\/div>\n\t\t","protected":false},"excerpt":{"rendered":"<p>Blog Cart\u00f3n SA Inicio Blog Ejemplos de Packaging que implementan formas geom\u00e9tricas en su dise\u00f1o A veces salir de la zona de confort y apostar por un packaging diferente permite a las marcas dar un paso al frente respecto a todos sus competidores. Es necesario que las marcas y los dise\u00f1adores apuesten por dise\u00f1os estructurales [&hellip;]<\/p>\n","protected":false},"author":1,"featured_media":713,"parent":94,"menu_order":0,"comment_status":"closed","ping_status":"closed","template":"","meta":{"_joinchat":[],"footnotes":""},"class_list":["post-104","page","type-page","status-publish","has-post-thumbnail","hentry"],"yoast_head":"<!-- This site is optimized with the Yoast SEO plugin v27.5 - https:\/\/yoast.com\/product\/yoast-seo-wordpress\/ -->\n<title>Blog - CART\u00d3N S.A. | Cajas de Cart\u00f3n e Ingenier\u00eda en Empaques en Barranquilla y toda Colombia<\/title>\n<meta name=\"description\" content=\"Dale un vistazo a las \u00faltimas tendencias e innovaciones en dise\u00f1o e ingenier\u00eda de empaques, nuevos materiales y nuevos usos del cart\u00f3n.\" \/>\n<meta name=\"robots\" content=\"index, follow, max-snippet:-1, max-image-preview:large, max-video-preview:-1\" \/>\n<link rel=\"canonical\" href=\"https:\/\/cartonsa.com\/es\/carton-sa\/blog\/\" \/>\n<meta property=\"og:locale\" content=\"es_ES\" \/>\n<meta property=\"og:type\" content=\"article\" \/>\n<meta property=\"og:title\" content=\"Blog - CART\u00d3N S.A. | Cajas de Cart\u00f3n e Ingenier\u00eda en Empaques en Barranquilla y toda Colombia\" \/>\n<meta property=\"og:description\" content=\"Dale un vistazo a las \u00faltimas tendencias e innovaciones en dise\u00f1o e ingenier\u00eda de empaques, nuevos materiales y nuevos usos del cart\u00f3n.\" \/>\n<meta property=\"og:url\" content=\"https:\/\/cartonsa.com\/es\/carton-sa\/blog\/\" \/>\n<meta property=\"og:site_name\" content=\"Cajas de Carton Colombia\" \/>\n<meta property=\"article:modified_time\" content=\"2025-11-21T06:01:48+00:00\" \/>\n<meta property=\"og:image\" content=\"https:\/\/cartonsa.com\/es\/wp-content\/uploads\/2018\/01\/carton-sa-blog.jpg\" \/>\n\t<meta property=\"og:image:width\" content=\"386\" \/>\n\t<meta property=\"og:image:height\" content=\"330\" \/>\n\t<meta property=\"og:image:type\" content=\"image\/jpeg\" \/>\n<meta name=\"twitter:card\" content=\"summary_large_image\" \/>\n<meta name=\"twitter:title\" content=\"Blog - CART\u00d3N S.A. | Cajas de Cart\u00f3n e Ingenier\u00eda en Empaques en Barranquilla y toda Colombia\" \/>\n<meta name=\"twitter:description\" content=\"Dale un vistazo a las \u00faltimas tendencias e innovaciones en dise\u00f1o e ingenier\u00eda de empaques, nuevos materiales y nuevos usos del cart\u00f3n.\" \/>\n<meta name=\"twitter:image\" content=\"http:\/\/cartonsa.com\/es\/wp-content\/uploads\/2018\/01\/carton-sa-blog.jpg\" \/>\n<meta name=\"twitter:label1\" content=\"Tiempo de lectura\" \/>\n\t<meta name=\"twitter:data1\" content=\"2 minutos\" \/>\n<script type=\"application\/ld+json\" class=\"yoast-schema-graph\">{\"@context\":\"https:\\\/\\\/schema.org\",\"@graph\":[{\"@type\":\"WebPage\",\"@id\":\"https:\\\/\\\/cartonsa.com\\\/es\\\/carton-sa\\\/blog\\\/\",\"url\":\"https:\\\/\\\/cartonsa.com\\\/es\\\/carton-sa\\\/blog\\\/\",\"name\":\"Blog - CART\u00d3N S.A. | Cajas de Cart\u00f3n e Ingenier\u00eda en Empaques en Barranquilla y toda Colombia\",\"isPartOf\":{\"@id\":\"https:\\\/\\\/cartonsa.com\\\/es\\\/#website\"},\"primaryImageOfPage\":{\"@id\":\"https:\\\/\\\/cartonsa.com\\\/es\\\/carton-sa\\\/blog\\\/#primaryimage\"},\"image\":{\"@id\":\"https:\\\/\\\/cartonsa.com\\\/es\\\/carton-sa\\\/blog\\\/#primaryimage\"},\"thumbnailUrl\":\"https:\\\/\\\/cartonsa.com\\\/es\\\/wp-content\\\/uploads\\\/2018\\\/01\\\/carton-sa-blog.jpg\",\"datePublished\":\"2017-07-31T15:57:43+00:00\",\"dateModified\":\"2025-11-21T06:01:48+00:00\",\"description\":\"Dale un vistazo a las \u00faltimas tendencias e innovaciones en dise\u00f1o e ingenier\u00eda de empaques, nuevos materiales y nuevos usos del cart\u00f3n.\",\"breadcrumb\":{\"@id\":\"https:\\\/\\\/cartonsa.com\\\/es\\\/carton-sa\\\/blog\\\/#breadcrumb\"},\"inLanguage\":\"es\",\"potentialAction\":[{\"@type\":\"ReadAction\",\"target\":[\"https:\\\/\\\/cartonsa.com\\\/es\\\/carton-sa\\\/blog\\\/\"]}]},{\"@type\":\"ImageObject\",\"inLanguage\":\"es\",\"@id\":\"https:\\\/\\\/cartonsa.com\\\/es\\\/carton-sa\\\/blog\\\/#primaryimage\",\"url\":\"https:\\\/\\\/cartonsa.com\\\/es\\\/wp-content\\\/uploads\\\/2018\\\/01\\\/carton-sa-blog.jpg\",\"contentUrl\":\"https:\\\/\\\/cartonsa.com\\\/es\\\/wp-content\\\/uploads\\\/2018\\\/01\\\/carton-sa-blog.jpg\",\"width\":386,\"height\":330,\"caption\":\"Blog \u2013 Cart\u00f3n S.A.\"},{\"@type\":\"BreadcrumbList\",\"@id\":\"https:\\\/\\\/cartonsa.com\\\/es\\\/carton-sa\\\/blog\\\/#breadcrumb\",\"itemListElement\":[{\"@type\":\"ListItem\",\"position\":1,\"name\":\"Inicio\",\"item\":\"https:\\\/\\\/cartonsa.com\\\/es\\\/\"},{\"@type\":\"ListItem\",\"position\":2,\"name\":\"Cart\u00f3n S.A.\",\"item\":\"https:\\\/\\\/cartonsa.com\\\/es\\\/carton-sa\\\/\"},{\"@type\":\"ListItem\",\"position\":3,\"name\":\"Blog\"}]},{\"@type\":\"WebSite\",\"@id\":\"https:\\\/\\\/cartonsa.com\\\/es\\\/#website\",\"url\":\"https:\\\/\\\/cartonsa.com\\\/es\\\/\",\"name\":\"Cajas de Carton Colombia\",\"description\":\"Fabrica de Cajas de Carton en Colombia\",\"potentialAction\":[{\"@type\":\"SearchAction\",\"target\":{\"@type\":\"EntryPoint\",\"urlTemplate\":\"https:\\\/\\\/cartonsa.com\\\/es\\\/?s={search_term_string}\"},\"query-input\":{\"@type\":\"PropertyValueSpecification\",\"valueRequired\":true,\"valueName\":\"search_term_string\"}}],\"inLanguage\":\"es\"}]}<\/script>\n<!-- \/ Yoast SEO plugin. -->","yoast_head_json":{"title":"Blog - CART\u00d3N S.A. | Cajas de Cart\u00f3n e Ingenier\u00eda en Empaques en Barranquilla y toda Colombia","description":"Dale un vistazo a las \u00faltimas tendencias e innovaciones en dise\u00f1o e ingenier\u00eda de empaques, nuevos materiales y nuevos usos del cart\u00f3n.","robots":{"index":"index","follow":"follow","max-snippet":"max-snippet:-1","max-image-preview":"max-image-preview:large","max-video-preview":"max-video-preview:-1"},"canonical":"https:\/\/cartonsa.com\/es\/carton-sa\/blog\/","og_locale":"es_ES","og_type":"article","og_title":"Blog - CART\u00d3N S.A. | Cajas de Cart\u00f3n e Ingenier\u00eda en Empaques en Barranquilla y toda Colombia","og_description":"Dale un vistazo a las \u00faltimas tendencias e innovaciones en dise\u00f1o e ingenier\u00eda de empaques, nuevos materiales y nuevos usos del cart\u00f3n.","og_url":"https:\/\/cartonsa.com\/es\/carton-sa\/blog\/","og_site_name":"Cajas de Carton Colombia","article_modified_time":"2025-11-21T06:01:48+00:00","og_image":[{"width":386,"height":330,"url":"https:\/\/cartonsa.com\/es\/wp-content\/uploads\/2018\/01\/carton-sa-blog.jpg","type":"image\/jpeg"}],"twitter_card":"summary_large_image","twitter_title":"Blog - CART\u00d3N S.A. | Cajas de Cart\u00f3n e Ingenier\u00eda en Empaques en Barranquilla y toda Colombia","twitter_description":"Dale un vistazo a las \u00faltimas tendencias e innovaciones en dise\u00f1o e ingenier\u00eda de empaques, nuevos materiales y nuevos usos del cart\u00f3n.","twitter_image":"http:\/\/cartonsa.com\/es\/wp-content\/uploads\/2018\/01\/carton-sa-blog.jpg","twitter_misc":{"Tiempo de lectura":"2 minutos"},"schema":{"@context":"https:\/\/schema.org","@graph":[{"@type":"WebPage","@id":"https:\/\/cartonsa.com\/es\/carton-sa\/blog\/","url":"https:\/\/cartonsa.com\/es\/carton-sa\/blog\/","name":"Blog - CART\u00d3N S.A. | Cajas de Cart\u00f3n e Ingenier\u00eda en Empaques en Barranquilla y toda Colombia","isPartOf":{"@id":"https:\/\/cartonsa.com\/es\/#website"},"primaryImageOfPage":{"@id":"https:\/\/cartonsa.com\/es\/carton-sa\/blog\/#primaryimage"},"image":{"@id":"https:\/\/cartonsa.com\/es\/carton-sa\/blog\/#primaryimage"},"thumbnailUrl":"https:\/\/cartonsa.com\/es\/wp-content\/uploads\/2018\/01\/carton-sa-blog.jpg","datePublished":"2017-07-31T15:57:43+00:00","dateModified":"2025-11-21T06:01:48+00:00","description":"Dale un vistazo a las \u00faltimas tendencias e innovaciones en dise\u00f1o e ingenier\u00eda de empaques, nuevos materiales y nuevos usos del cart\u00f3n.","breadcrumb":{"@id":"https:\/\/cartonsa.com\/es\/carton-sa\/blog\/#breadcrumb"},"inLanguage":"es","potentialAction":[{"@type":"ReadAction","target":["https:\/\/cartonsa.com\/es\/carton-sa\/blog\/"]}]},{"@type":"ImageObject","inLanguage":"es","@id":"https:\/\/cartonsa.com\/es\/carton-sa\/blog\/#primaryimage","url":"https:\/\/cartonsa.com\/es\/wp-content\/uploads\/2018\/01\/carton-sa-blog.jpg","contentUrl":"https:\/\/cartonsa.com\/es\/wp-content\/uploads\/2018\/01\/carton-sa-blog.jpg","width":386,"height":330,"caption":"Blog \u2013 Cart\u00f3n S.A."},{"@type":"BreadcrumbList","@id":"https:\/\/cartonsa.com\/es\/carton-sa\/blog\/#breadcrumb","itemListElement":[{"@type":"ListItem","position":1,"name":"Inicio","item":"https:\/\/cartonsa.com\/es\/"},{"@type":"ListItem","position":2,"name":"Cart\u00f3n S.A.","item":"https:\/\/cartonsa.com\/es\/carton-sa\/"},{"@type":"ListItem","position":3,"name":"Blog"}]},{"@type":"WebSite","@id":"https:\/\/cartonsa.com\/es\/#website","url":"https:\/\/cartonsa.com\/es\/","name":"Cajas de Carton Colombia","description":"Fabrica de Cajas de Carton en Colombia","potentialAction":[{"@type":"SearchAction","target":{"@type":"EntryPoint","urlTemplate":"https:\/\/cartonsa.com\/es\/?s={search_term_string}"},"query-input":{"@type":"PropertyValueSpecification","valueRequired":true,"valueName":"search_term_string"}}],"inLanguage":"es"}]}},"_links":{"self":[{"href":"https:\/\/cartonsa.com\/es\/wp-json\/wp\/v2\/pages\/104","targetHints":{"allow":["GET"]}}],"collection":[{"href":"https:\/\/cartonsa.com\/es\/wp-json\/wp\/v2\/pages"}],"about":[{"href":"https:\/\/cartonsa.com\/es\/wp-json\/wp\/v2\/types\/page"}],"author":[{"embeddable":true,"href":"https:\/\/cartonsa.com\/es\/wp-json\/wp\/v2\/users\/1"}],"replies":[{"embeddable":true,"href":"https:\/\/cartonsa.com\/es\/wp-json\/wp\/v2\/comments?post=104"}],"version-history":[{"count":14,"href":"https:\/\/cartonsa.com\/es\/wp-json\/wp\/v2\/pages\/104\/revisions"}],"predecessor-version":[{"id":3488,"href":"https:\/\/cartonsa.com\/es\/wp-json\/wp\/v2\/pages\/104\/revisions\/3488"}],"up":[{"embeddable":true,"href":"https:\/\/cartonsa.com\/es\/wp-json\/wp\/v2\/pages\/94"}],"wp:featuredmedia":[{"embeddable":true,"href":"https:\/\/cartonsa.com\/es\/wp-json\/wp\/v2\/media\/713"}],"wp:attachment":[{"href":"https:\/\/cartonsa.com\/es\/wp-json\/wp\/v2\/media?parent=104"}],"curies":[{"name":"wp","href":"https:\/\/api.w.org\/{rel}","templated":true}]}}