{"id":1137,"date":"2018-05-01T00:43:49","date_gmt":"2018-05-01T00:43:49","guid":{"rendered":"http:\/\/cartonsa.com\/es\/?page_id=1137"},"modified":"2023-05-30T16:41:22","modified_gmt":"2023-05-30T16:41:22","slug":"carton-corrugado-single-face","status":"publish","type":"page","link":"https:\/\/cartonsa.com\/es\/materiales\/carton-corrugado-single-face\/","title":{"rendered":"Cart\u00f3n Corrugado Single Face"},"content":{"rendered":"<div id=\"row-migas-de-pan\">\n<div class=\"col-md-12\">\n<nav id=\"box-migas-pan\">\n            <a href=\"https:\/\/cartonsa.com\/es\/\" class=\"pri-mp\" title=\"Inicio\">Inicio<\/a><br \/>\n            <span class=\"fle-mp\"><i class=\"material-icons\">chevron_right<\/i><\/span><br \/>\n            <a href=\"https:\/\/cartonsa.com\/es\/materiales\/\" class=\"pri-mp\" title=\"Materiales\">Materiales<\/a><br \/>\n            <span class=\"fle-mp\"><i class=\"material-icons\">chevron_right<\/i><\/span><br \/>\n            <span class=\"actual-mp\">Rollo Cart\u00f3n Corrugado Single Face<\/span><br \/>\n        <\/nav>\n<\/p><\/div>\n<\/div>\n<div id=\"row-titulo-paginas\" class=\"bg-06\">\n<div class=\"col-md-12\">\n<section>\n<h2 class=\"titulo-h2\">Rollo Cart\u00f3n Corrugado Single Face<\/h2>\n<p>Rollo de cart\u00f3n Corrugado de simple cara que sirve para proteger los productos en el interior del embalaje, separando los art\u00edculos, evitando golpes o ralladuras.<\/p>\n<p>            Est\u00e1 fabricado \u00edntegramente en cart\u00f3n Corrugado de 200 gr.\/m2, un material de gran calidad, ligero y flexible, contamos con rollos de 1,20X20, 1,20&#215;50, 1,20&#215;100 metros, 1.000 rollos disponibles. Entrega inmediata en barranquilla y toda colombia. Se trata de un material f\u00e1cil de utilizar y adaptable a la forma de los productos para envolverlos o fijarlos en el embalaje. Adem\u00e1s es 100% reciclable por lo que es un relleno ecol\u00f3gico que respeta el medio ambiente.<\/p>\n<\/section><\/div>\n<\/div>\n<section id=\"box-fotos-int\">\n<article id=\"box-fotos-left\">\n        <a data-fancybox=\"galeria\" data-caption=\"Cart\u00f3n Corrugado Single Face - Materiales | Cart\u00f3n S.A.\" href=\"https:\/\/cartonsa.com\/es\/wp-content\/uploads\/2018\/05\/carton-sa-materiales-carton-corrugado-single-face-001.jpg\" lang=\"es\" title=\"Cart\u00f3n Corrugado Single Face - Materiales\"><br \/>\n            <img fetchpriority=\"high\" decoding=\"async\" src=\"https:\/\/cartonsa.com\/es\/wp-content\/uploads\/2018\/05\/carton-sa-materiales-carton-corrugado-single-face-01.jpg\" width=\"290\" height=\"290\" alt=\"Cart\u00f3n Corrugado Single Face - Materiales | Cart\u00f3n S.A.\"><br \/>\n        <\/a><br \/>\n        <a data-fancybox=\"galeria\" data-caption=\"Cart\u00f3n Corrugado Single Face - Materiales | Cart\u00f3n S.A.\" href=\"https:\/\/cartonsa.com\/es\/wp-content\/uploads\/2018\/05\/carton-sa-materiales-carton-corrugado-single-face-002.jpg\" lang=\"es\" title=\"Cart\u00f3n Corrugado Single Face - Materiales\"><br \/>\n            <img decoding=\"async\" src=\"https:\/\/cartonsa.com\/es\/wp-content\/uploads\/2018\/05\/carton-sa-materiales-carton-corrugado-single-face-02.jpg\" width=\"290\" height=\"290\" alt=\"Cart\u00f3n Corrugado Single Face - Materiales | Cart\u00f3n S.A.\"><br \/>\n        <\/a><br \/>\n        <a data-fancybox=\"galeria\" data-caption=\"Cart\u00f3n Corrugado Single Face - Materiales | Cart\u00f3n S.A.\" href=\"https:\/\/cartonsa.com\/es\/wp-content\/uploads\/2018\/05\/carton-sa-materiales-carton-corrugado-single-face-003.jpg\" lang=\"es\" title=\"Cart\u00f3n Corrugado Single Face - Materiales\"><br \/>\n            <img decoding=\"async\" src=\"https:\/\/cartonsa.com\/es\/wp-content\/uploads\/2018\/05\/carton-sa-materiales-carton-corrugado-single-face-03.jpg\" width=\"290\" height=\"290\" alt=\"Cart\u00f3n Corrugado Single Face - Materiales | Cart\u00f3n S.A.\"><br \/>\n        <\/a><br \/>\n        <a data-fancybox=\"galeria\" data-caption=\"Cart\u00f3n Corrugado Single Face - Materiales | Cart\u00f3n S.A.\" href=\"https:\/\/cartonsa.com\/es\/wp-content\/uploads\/2018\/05\/carton-sa-materiales-carton-corrugado-single-face-004.jpg\" lang=\"es\" title=\"Cart\u00f3n Corrugado Single Face - Materiales\"><br \/>\n            <img loading=\"lazy\" decoding=\"async\" src=\"https:\/\/cartonsa.com\/es\/wp-content\/uploads\/2018\/05\/carton-sa-materiales-carton-corrugado-single-face-04.jpg\" width=\"290\" height=\"290\" alt=\"Cart\u00f3n Corrugado Single Face - Materiales | Cart\u00f3n S.A.\"><br \/>\n        <\/a><br \/>\n        <a data-fancybox=\"galeria\" data-caption=\"Cart\u00f3n Corrugado Single Face - Materiales | Cart\u00f3n S.A.\" href=\"https:\/\/cartonsa.com\/es\/wp-content\/uploads\/2018\/05\/carton-sa-materiales-carton-corrugado-single-face-005.jpg\" lang=\"es\" title=\"Cart\u00f3n Corrugado Single Face - Materiales\"><br \/>\n            <img loading=\"lazy\" decoding=\"async\" src=\"https:\/\/cartonsa.com\/es\/wp-content\/uploads\/2018\/05\/carton-sa-materiales-carton-corrugado-single-face-05.jpg\" width=\"290\" height=\"290\" alt=\"Cart\u00f3n Corrugado Single Face - Materiales | Cart\u00f3n S.A.\"><br \/>\n        <\/a><br \/>\n        <a data-fancybox=\"galeria\" data-caption=\"Cart\u00f3n Corrugado Single Face - Materiales | Cart\u00f3n S.A.\" href=\"https:\/\/cartonsa.com\/es\/wp-content\/uploads\/2018\/05\/carton-sa-materiales-carton-corrugado-single-face-006.jpg\" lang=\"es\" title=\"Cart\u00f3n Corrugado Single Face - Materiales\"><br \/>\n            <img loading=\"lazy\" decoding=\"async\" src=\"https:\/\/cartonsa.com\/es\/wp-content\/uploads\/2018\/05\/carton-sa-materiales-carton-corrugado-single-face-06.jpg\" width=\"290\" height=\"290\" alt=\"Cart\u00f3n Corrugado Single Face - Materiales | Cart\u00f3n S.A.\"><br \/>\n        <\/a><br \/>\n    <\/article>\n<article id=\"box-fotos-right\">\n<div id=\"box-cotizacion-int\">\n            \n<div class=\"wpcf7 no-js\" id=\"wpcf7-f1074-o1\" lang=\"es-ES\" dir=\"ltr\" data-wpcf7-id=\"1074\">\n<div class=\"screen-reader-response\"><p role=\"status\" aria-live=\"polite\" aria-atomic=\"true\"><\/p> <ul><\/ul><\/div>\n<form action=\"\/es\/wp-json\/wp\/v2\/pages\/1137#wpcf7-f1074-o1\" method=\"post\" class=\"wpcf7-form init\" aria-label=\"Formulario de contacto\" novalidate=\"novalidate\" data-status=\"init\">\n<fieldset class=\"hidden-fields-container\"><input type=\"hidden\" name=\"_wpcf7\" value=\"1074\" \/><input type=\"hidden\" name=\"_wpcf7_version\" value=\"6.1.5\" \/><input type=\"hidden\" name=\"_wpcf7_locale\" value=\"es_ES\" \/><input type=\"hidden\" name=\"_wpcf7_unit_tag\" value=\"wpcf7-f1074-o1\" \/><input type=\"hidden\" name=\"_wpcf7_container_post\" value=\"0\" \/><input type=\"hidden\" name=\"_wpcf7_posted_data_hash\" value=\"\" \/>\n<\/fieldset>\n<p><span class=\"wpcf7-form-control-wrap\" data-name=\"text-397\"><input size=\"40\" maxlength=\"400\" class=\"wpcf7-form-control wpcf7-text wpcf7-validates-as-required\" aria-required=\"true\" aria-invalid=\"false\" placeholder=\"Producto Escogido(*)\" value=\"\" type=\"text\" name=\"text-397\" \/><\/span><br \/>\n<span class=\"wpcf7-form-control-wrap\" data-name=\"email-773\"><input size=\"40\" maxlength=\"400\" class=\"wpcf7-form-control wpcf7-email wpcf7-validates-as-required wpcf7-text wpcf7-validates-as-email\" aria-required=\"true\" aria-invalid=\"false\" placeholder=\"Correo Electr\u00f3nico(*)\" value=\"\" type=\"email\" name=\"email-773\" \/><\/span><br \/>\n<span class=\"wpcf7-form-control-wrap\" data-name=\"text-398\"><input size=\"40\" maxlength=\"400\" class=\"wpcf7-form-control wpcf7-text wpcf7-validates-as-required\" aria-required=\"true\" aria-invalid=\"false\" placeholder=\"Tel\u00e9fono(*)\" value=\"\" type=\"text\" name=\"text-398\" \/><\/span><br \/>\n<input class=\"wpcf7-form-control wpcf7-submit has-spinner\" type=\"submit\" value=\"Enviar \u00bb\" \/>\n<\/p><div class=\"wpcf7-response-output\" aria-hidden=\"true\"><\/div>\n<\/form>\n<\/div>\n\n        <\/div>\n<nav id=\"nav-right\">\n            <a href=\"https:\/\/cartonsa.com\/es\/cajas-de-carton\/cajas-para-pizza\/\" lang=\"es\" title=\"Cajas para Pizza - CART\u00d3N S.A.\"><br \/>\n                <span class=\"nav-right-txt\">Cajas para Pizza<\/span><br \/>\n                <span class=\"nav-right-cover\"><\/span><br \/>\n                <img loading=\"lazy\" decoding=\"async\" src=\"https:\/\/cartonsa.com\/es\/wp-content\/uploads\/2017\/12\/carton-sa-cajas-para-pizza-300x256.jpg\" width=\"150\" height=\"128\" alt=\"Cajas para Pizza - CART\u00d3N S.A.\"><br \/>\n            <\/a><br \/>\n            <a href=\"https:\/\/cartonsa.com\/es\/cajas-de-carton\/cajas-de-carton-corrugado\/\" lang=\"es\" title=\"Cajas de Cart\u00f3n Corrugado - CART\u00d3N S.A.\"><br \/>\n                <span class=\"nav-right-txt\">Cajas de Cart\u00f3n Corrugado<\/span><br \/>\n                <span class=\"nav-right-cover\"><\/span><br \/>\n                <img loading=\"lazy\" decoding=\"async\" src=\"https:\/\/cartonsa.com\/es\/wp-content\/uploads\/2017\/12\/carton-sa-cajas-de-carton-regular-300x256.jpg\" width=\"150\" height=\"128\" alt=\"Cajas de Cart\u00f3n Corrugado - CART\u00d3N S.A.\"><br \/>\n            <\/a><br \/>\n            <a href=\"https:\/\/cartonsa.com\/es\/cajas-de-carton\/cajas-para-archivos\/\" lang=\"es\" title=\"Cajas para Archivos - CART\u00d3N S.A.\"><br \/>\n                <span class=\"nav-right-txt\">Cajas para Archivos<\/span><br \/>\n                <span class=\"nav-right-cover\"><\/span><br \/>\n                <img loading=\"lazy\" decoding=\"async\" src=\"https:\/\/cartonsa.com\/es\/wp-content\/uploads\/2017\/12\/carton-sa-cajas-para-archivos-300x256.jpg\" width=\"150\" height=\"128\" alt=\"Cajas para Archivos - CART\u00d3N S.A.\"><br \/>\n            <\/a><br \/>\n            <a href=\"https:\/\/cartonsa.com\/es\/cajas-de-carton\/cajas-para-envios\/\" lang=\"es\" title=\"Cajas para Env\u00edos - CART\u00d3N S.A.\"><br \/>\n                <span class=\"nav-right-txt\">Cajas para Env\u00edos<\/span><br \/>\n                <span class=\"nav-right-cover\"><\/span><br \/>\n                <img loading=\"lazy\" decoding=\"async\" src=\"https:\/\/cartonsa.com\/es\/wp-content\/uploads\/2017\/12\/carton-sa-cajas-para-envios-300x256.jpg\" width=\"150\" height=\"128\" alt=\"Cajas para Env\u00edos - CART\u00d3N S.A.\"><br \/>\n            <\/a><br \/>\n        <\/nav>\n<\/article>\n<\/section>\n","protected":false},"excerpt":{"rendered":"<p>Inicio chevron_right Materiales chevron_right Rollo Cart\u00f3n Corrugado Single Face Rollo Cart\u00f3n Corrugado Single Face Rollo de cart\u00f3n Corrugado de simple cara que sirve para proteger los productos en el interior del embalaje, separando los art\u00edculos, evitando golpes o ralladuras. Est\u00e1 fabricado \u00edntegramente en cart\u00f3n Corrugado de 200 gr.\/m2, un material de gran calidad, ligero y [&hellip;]<\/p>\n","protected":false},"author":1,"featured_media":1241,"parent":291,"menu_order":0,"comment_status":"closed","ping_status":"closed","template":"","meta":{"_joinchat":[],"footnotes":""},"class_list":["post-1137","page","type-page","status-publish","has-post-thumbnail","hentry"],"yoast_head":"<!-- This site is optimized with the Yoast SEO plugin v27.5 - https:\/\/yoast.com\/product\/yoast-seo-wordpress\/ -->\n<title>Rollo de Carton - Precio | Venta de Cart\u00f3n Corrugado | Barranquilla<\/title>\n<meta name=\"description\" content=\"Cart\u00f3n Corrugado en Rollo, Entrega Inmediata Barranquilla, Precios, rollos de 1,20X20, 1,20x50, 1,20x100 metros, 1.000 rollos disponibles.\" \/>\n<meta name=\"robots\" content=\"index, follow, max-snippet:-1, max-image-preview:large, max-video-preview:-1\" \/>\n<link rel=\"canonical\" href=\"https:\/\/cartonsa.com\/es\/materiales\/carton-corrugado-single-face\/\" \/>\n<meta property=\"og:locale\" content=\"es_ES\" \/>\n<meta property=\"og:type\" content=\"article\" \/>\n<meta property=\"og:title\" content=\"Cart\u00f3n Corrugado Single Face - Materiales | CART\u00d3N S.A. - Cajas de Cart\u00f3n e Ingenier\u00eda en Empaques en Barranquilla y toda Colombia\" \/>\n<meta property=\"og:description\" content=\"Rollo de cart\u00f3n Corrugado de simple cara que sirve para proteger los productos en el interior del embalaje, separando los art\u00edculos, evitando golpes o ralladuras.\" \/>\n<meta property=\"og:url\" content=\"https:\/\/cartonsa.com\/es\/materiales\/carton-corrugado-single-face\/\" \/>\n<meta property=\"og:site_name\" content=\"Cajas de Carton Colombia\" \/>\n<meta property=\"article:modified_time\" content=\"2023-05-30T16:41:22+00:00\" \/>\n<meta property=\"og:image\" content=\"https:\/\/cartonsa.com\/es\/wp-content\/uploads\/2018\/05\/carton-sa-materiales-carton-corrugado-single-face-001.jpg\" \/>\n\t<meta property=\"og:image:width\" content=\"1000\" \/>\n\t<meta property=\"og:image:height\" content=\"667\" \/>\n\t<meta property=\"og:image:type\" content=\"image\/jpeg\" \/>\n<meta name=\"twitter:card\" content=\"summary_large_image\" \/>\n<meta name=\"twitter:title\" content=\"Cart\u00f3n Corrugado Single Face - Materiales | CART\u00d3N S.A. - Cajas de Cart\u00f3n e Ingenier\u00eda en Empaques en Barranquilla y toda Colombia\" \/>\n<meta name=\"twitter:description\" content=\"Rollo de cart\u00f3n Corrugado de simple cara que sirve para proteger los productos en el interior del embalaje, separando los art\u00edculos, evitando golpes o ralladuras.\" \/>\n<meta name=\"twitter:image\" content=\"http:\/\/cartonsa.com\/es\/wp-content\/uploads\/2018\/05\/carton-sa-materiales-carton-corrugado-single-face-001.jpg\" \/>\n<meta name=\"twitter:label1\" content=\"Tiempo de lectura\" \/>\n\t<meta name=\"twitter:data1\" content=\"3 minutos\" \/>\n<script type=\"application\/ld+json\" class=\"yoast-schema-graph\">{\"@context\":\"https:\\\/\\\/schema.org\",\"@graph\":[{\"@type\":\"WebPage\",\"@id\":\"https:\\\/\\\/cartonsa.com\\\/es\\\/materiales\\\/carton-corrugado-single-face\\\/\",\"url\":\"https:\\\/\\\/cartonsa.com\\\/es\\\/materiales\\\/carton-corrugado-single-face\\\/\",\"name\":\"Rollo de Carton - Precio | Venta de Cart\u00f3n Corrugado | Barranquilla\",\"isPartOf\":{\"@id\":\"https:\\\/\\\/cartonsa.com\\\/es\\\/#website\"},\"primaryImageOfPage\":{\"@id\":\"https:\\\/\\\/cartonsa.com\\\/es\\\/materiales\\\/carton-corrugado-single-face\\\/#primaryimage\"},\"image\":{\"@id\":\"https:\\\/\\\/cartonsa.com\\\/es\\\/materiales\\\/carton-corrugado-single-face\\\/#primaryimage\"},\"thumbnailUrl\":\"https:\\\/\\\/cartonsa.com\\\/es\\\/wp-content\\\/uploads\\\/2018\\\/05\\\/carton-sa-materiales-carton-corrugado-single-face-001.jpg\",\"datePublished\":\"2018-05-01T00:43:49+00:00\",\"dateModified\":\"2023-05-30T16:41:22+00:00\",\"description\":\"Cart\u00f3n Corrugado en Rollo, Entrega Inmediata Barranquilla, Precios, rollos de 1,20X20, 1,20x50, 1,20x100 metros, 1.000 rollos disponibles.\",\"breadcrumb\":{\"@id\":\"https:\\\/\\\/cartonsa.com\\\/es\\\/materiales\\\/carton-corrugado-single-face\\\/#breadcrumb\"},\"inLanguage\":\"es\",\"potentialAction\":[{\"@type\":\"ReadAction\",\"target\":[\"https:\\\/\\\/cartonsa.com\\\/es\\\/materiales\\\/carton-corrugado-single-face\\\/\"]}]},{\"@type\":\"ImageObject\",\"inLanguage\":\"es\",\"@id\":\"https:\\\/\\\/cartonsa.com\\\/es\\\/materiales\\\/carton-corrugado-single-face\\\/#primaryimage\",\"url\":\"https:\\\/\\\/cartonsa.com\\\/es\\\/wp-content\\\/uploads\\\/2018\\\/05\\\/carton-sa-materiales-carton-corrugado-single-face-001.jpg\",\"contentUrl\":\"https:\\\/\\\/cartonsa.com\\\/es\\\/wp-content\\\/uploads\\\/2018\\\/05\\\/carton-sa-materiales-carton-corrugado-single-face-001.jpg\",\"width\":1000,\"height\":667,\"caption\":\"Cart\u00f3n Corrugado Single Face \u2013 Materiales | Cart\u00f3n S.A.\"},{\"@type\":\"BreadcrumbList\",\"@id\":\"https:\\\/\\\/cartonsa.com\\\/es\\\/materiales\\\/carton-corrugado-single-face\\\/#breadcrumb\",\"itemListElement\":[{\"@type\":\"ListItem\",\"position\":1,\"name\":\"Inicio\",\"item\":\"https:\\\/\\\/cartonsa.com\\\/es\\\/\"},{\"@type\":\"ListItem\",\"position\":2,\"name\":\"Materiales\",\"item\":\"https:\\\/\\\/cartonsa.com\\\/es\\\/materiales\\\/\"},{\"@type\":\"ListItem\",\"position\":3,\"name\":\"Cart\u00f3n Corrugado Single Face\"}]},{\"@type\":\"WebSite\",\"@id\":\"https:\\\/\\\/cartonsa.com\\\/es\\\/#website\",\"url\":\"https:\\\/\\\/cartonsa.com\\\/es\\\/\",\"name\":\"Cajas de Carton Colombia\",\"description\":\"Fabrica de Cajas de Carton en Colombia\",\"potentialAction\":[{\"@type\":\"SearchAction\",\"target\":{\"@type\":\"EntryPoint\",\"urlTemplate\":\"https:\\\/\\\/cartonsa.com\\\/es\\\/?s={search_term_string}\"},\"query-input\":{\"@type\":\"PropertyValueSpecification\",\"valueRequired\":true,\"valueName\":\"search_term_string\"}}],\"inLanguage\":\"es\"}]}<\/script>\n<!-- \/ Yoast SEO plugin. -->","yoast_head_json":{"title":"Rollo de Carton - Precio | Venta de Cart\u00f3n Corrugado | Barranquilla","description":"Cart\u00f3n Corrugado en Rollo, Entrega Inmediata Barranquilla, Precios, rollos de 1,20X20, 1,20x50, 1,20x100 metros, 1.000 rollos disponibles.","robots":{"index":"index","follow":"follow","max-snippet":"max-snippet:-1","max-image-preview":"max-image-preview:large","max-video-preview":"max-video-preview:-1"},"canonical":"https:\/\/cartonsa.com\/es\/materiales\/carton-corrugado-single-face\/","og_locale":"es_ES","og_type":"article","og_title":"Cart\u00f3n Corrugado Single Face - Materiales | CART\u00d3N S.A. - Cajas de Cart\u00f3n e Ingenier\u00eda en Empaques en Barranquilla y toda Colombia","og_description":"Rollo de cart\u00f3n Corrugado de simple cara que sirve para proteger los productos en el interior del embalaje, separando los art\u00edculos, evitando golpes o ralladuras.","og_url":"https:\/\/cartonsa.com\/es\/materiales\/carton-corrugado-single-face\/","og_site_name":"Cajas de Carton Colombia","article_modified_time":"2023-05-30T16:41:22+00:00","og_image":[{"width":1000,"height":667,"url":"https:\/\/cartonsa.com\/es\/wp-content\/uploads\/2018\/05\/carton-sa-materiales-carton-corrugado-single-face-001.jpg","type":"image\/jpeg"}],"twitter_card":"summary_large_image","twitter_title":"Cart\u00f3n Corrugado Single Face - Materiales | CART\u00d3N S.A. - Cajas de Cart\u00f3n e Ingenier\u00eda en Empaques en Barranquilla y toda Colombia","twitter_description":"Rollo de cart\u00f3n Corrugado de simple cara que sirve para proteger los productos en el interior del embalaje, separando los art\u00edculos, evitando golpes o ralladuras.","twitter_image":"http:\/\/cartonsa.com\/es\/wp-content\/uploads\/2018\/05\/carton-sa-materiales-carton-corrugado-single-face-001.jpg","twitter_misc":{"Tiempo de lectura":"3 minutos"},"schema":{"@context":"https:\/\/schema.org","@graph":[{"@type":"WebPage","@id":"https:\/\/cartonsa.com\/es\/materiales\/carton-corrugado-single-face\/","url":"https:\/\/cartonsa.com\/es\/materiales\/carton-corrugado-single-face\/","name":"Rollo de Carton - Precio | Venta de Cart\u00f3n Corrugado | Barranquilla","isPartOf":{"@id":"https:\/\/cartonsa.com\/es\/#website"},"primaryImageOfPage":{"@id":"https:\/\/cartonsa.com\/es\/materiales\/carton-corrugado-single-face\/#primaryimage"},"image":{"@id":"https:\/\/cartonsa.com\/es\/materiales\/carton-corrugado-single-face\/#primaryimage"},"thumbnailUrl":"https:\/\/cartonsa.com\/es\/wp-content\/uploads\/2018\/05\/carton-sa-materiales-carton-corrugado-single-face-001.jpg","datePublished":"2018-05-01T00:43:49+00:00","dateModified":"2023-05-30T16:41:22+00:00","description":"Cart\u00f3n Corrugado en Rollo, Entrega Inmediata Barranquilla, Precios, rollos de 1,20X20, 1,20x50, 1,20x100 metros, 1.000 rollos disponibles.","breadcrumb":{"@id":"https:\/\/cartonsa.com\/es\/materiales\/carton-corrugado-single-face\/#breadcrumb"},"inLanguage":"es","potentialAction":[{"@type":"ReadAction","target":["https:\/\/cartonsa.com\/es\/materiales\/carton-corrugado-single-face\/"]}]},{"@type":"ImageObject","inLanguage":"es","@id":"https:\/\/cartonsa.com\/es\/materiales\/carton-corrugado-single-face\/#primaryimage","url":"https:\/\/cartonsa.com\/es\/wp-content\/uploads\/2018\/05\/carton-sa-materiales-carton-corrugado-single-face-001.jpg","contentUrl":"https:\/\/cartonsa.com\/es\/wp-content\/uploads\/2018\/05\/carton-sa-materiales-carton-corrugado-single-face-001.jpg","width":1000,"height":667,"caption":"Cart\u00f3n Corrugado Single Face \u2013 Materiales | Cart\u00f3n S.A."},{"@type":"BreadcrumbList","@id":"https:\/\/cartonsa.com\/es\/materiales\/carton-corrugado-single-face\/#breadcrumb","itemListElement":[{"@type":"ListItem","position":1,"name":"Inicio","item":"https:\/\/cartonsa.com\/es\/"},{"@type":"ListItem","position":2,"name":"Materiales","item":"https:\/\/cartonsa.com\/es\/materiales\/"},{"@type":"ListItem","position":3,"name":"Cart\u00f3n Corrugado Single Face"}]},{"@type":"WebSite","@id":"https:\/\/cartonsa.com\/es\/#website","url":"https:\/\/cartonsa.com\/es\/","name":"Cajas de Carton Colombia","description":"Fabrica de Cajas de Carton en Colombia","potentialAction":[{"@type":"SearchAction","target":{"@type":"EntryPoint","urlTemplate":"https:\/\/cartonsa.com\/es\/?s={search_term_string}"},"query-input":{"@type":"PropertyValueSpecification","valueRequired":true,"valueName":"search_term_string"}}],"inLanguage":"es"}]}},"_links":{"self":[{"href":"https:\/\/cartonsa.com\/es\/wp-json\/wp\/v2\/pages\/1137","targetHints":{"allow":["GET"]}}],"collection":[{"href":"https:\/\/cartonsa.com\/es\/wp-json\/wp\/v2\/pages"}],"about":[{"href":"https:\/\/cartonsa.com\/es\/wp-json\/wp\/v2\/types\/page"}],"author":[{"embeddable":true,"href":"https:\/\/cartonsa.com\/es\/wp-json\/wp\/v2\/users\/1"}],"replies":[{"embeddable":true,"href":"https:\/\/cartonsa.com\/es\/wp-json\/wp\/v2\/comments?post=1137"}],"version-history":[{"count":19,"href":"https:\/\/cartonsa.com\/es\/wp-json\/wp\/v2\/pages\/1137\/revisions"}],"predecessor-version":[{"id":1551,"href":"https:\/\/cartonsa.com\/es\/wp-json\/wp\/v2\/pages\/1137\/revisions\/1551"}],"up":[{"embeddable":true,"href":"https:\/\/cartonsa.com\/es\/wp-json\/wp\/v2\/pages\/291"}],"wp:featuredmedia":[{"embeddable":true,"href":"https:\/\/cartonsa.com\/es\/wp-json\/wp\/v2\/media\/1241"}],"wp:attachment":[{"href":"https:\/\/cartonsa.com\/es\/wp-json\/wp\/v2\/media?parent=1137"}],"curies":[{"name":"wp","href":"https:\/\/api.w.org\/{rel}","templated":true}]}}