{"id":1138,"date":"2018-05-01T00:44:03","date_gmt":"2018-05-01T00:44:03","guid":{"rendered":"http:\/\/cartonsa.com\/es\/?page_id=1138"},"modified":"2019-10-24T01:45:35","modified_gmt":"2019-10-24T01:45:35","slug":"cinta-adhesiva","status":"publish","type":"page","link":"https:\/\/cartonsa.com\/es\/materiales\/cinta-adhesiva\/","title":{"rendered":"Cinta Adhesiva"},"content":{"rendered":"<div id=\"row-migas-de-pan\">\n<div class=\"col-md-12\">\n<nav id=\"box-migas-pan\">\n            <a href=\"https:\/\/cartonsa.com\/es\/\" class=\"pri-mp\" title=\"Inicio\">Inicio<\/a><br \/>\n            <span class=\"fle-mp\"><i class=\"material-icons\">chevron_right<\/i><\/span><br \/>\n            <a href=\"https:\/\/cartonsa.com\/es\/materiales\/\" class=\"pri-mp\" title=\"Materiales\">Materiales<\/a><br \/>\n            <span class=\"fle-mp\"><i class=\"material-icons\">chevron_right<\/i><\/span><br \/>\n            <span class=\"actual-mp\">Cinta Adhesiva<\/span><br \/>\n        <\/nav>\n<\/p><\/div>\n<\/div>\n<div id=\"row-titulo-paginas\" class=\"bg-06\">\n<div class=\"col-md-12\">\n<section>\n<h2 class=\"titulo-h2\">Cinta Adhesiva<\/h2>\n<p>Tenemos las cintas de embalaje y precintos que su empresa necesita: elija cintas adhesivas est\u00e1ndar, personalizadas, impresas, transparentes o de colores.<\/p>\n<p>            La cinta adhesiva es un consumible muy utilizado en la industria del embalaje consistente en una tira alargada recogida en forma de rollo con adhesivo incorporado que se utiliza para unir, cerrar o flejar determinados productos (cajas, palets, cables el\u00e9ctricos\u2026).<\/p>\n<\/section><\/div>\n<\/div>\n<section id=\"box-fotos-int\">\n<article id=\"box-fotos-left\">\n        <a data-fancybox=\"galeria\" data-caption=\"Cinta Adhesiva - Materiales | Cart\u00f3n S.A.\" href=\"https:\/\/cartonsa.com\/es\/wp-content\/uploads\/2018\/05\/carton-sa-materiales-cinta-adhesiva-007.jpg\" lang=\"es\" title=\"Cinta Adhesiva - Materiales | Cart\u00f3n S.A.\"><br \/>\n            <img fetchpriority=\"high\" decoding=\"async\" src=\"https:\/\/cartonsa.com\/es\/wp-content\/uploads\/2018\/05\/carton-sa-materiales-cinta-adhesiva-07.jpg\" width=\"290\" height=\"290\" alt=\"Cinta Adhesiva - Materiales | Cart\u00f3n S.A.\"><br \/>\n        <\/a><br \/>\n        <a data-fancybox=\"galeria\" data-caption=\"Cinta Adhesiva - Materiales | Cart\u00f3n S.A.\" href=\"https:\/\/cartonsa.com\/es\/wp-content\/uploads\/2018\/05\/carton-sa-materiales-cinta-adhesiva-008.jpg\" lang=\"es\" title=\"Cinta Adhesiva - Materiales | Cart\u00f3n S.A.\"><br \/>\n            <img decoding=\"async\" src=\"https:\/\/cartonsa.com\/es\/wp-content\/uploads\/2018\/05\/carton-sa-materiales-cinta-adhesiva-08.jpg\" width=\"290\" height=\"290\" alt=\"Cinta Adhesiva - Materiales | Cart\u00f3n S.A.\"><br \/>\n        <\/a><br \/>\n        <a data-fancybox=\"galeria\" data-caption=\"Cinta Adhesiva - Materiales | Cart\u00f3n S.A.\" href=\"https:\/\/cartonsa.com\/es\/wp-content\/uploads\/2018\/05\/carton-sa-materiales-cinta-adhesiva-009.jpg\" lang=\"es\" title=\"Cinta Adhesiva - Materiales | Cart\u00f3n S.A.\"><br \/>\n            <img decoding=\"async\" src=\"https:\/\/cartonsa.com\/es\/wp-content\/uploads\/2018\/05\/carton-sa-materiales-cinta-adhesiva-09.jpg\" width=\"290\" height=\"290\" alt=\"Cinta Adhesiva - Materiales | Cart\u00f3n S.A.\"><br \/>\n        <\/a><br \/>\n        <a data-fancybox=\"galeria\" data-caption=\"Cinta Adhesiva - Materiales | Cart\u00f3n S.A.\" href=\"https:\/\/cartonsa.com\/es\/wp-content\/uploads\/2018\/05\/cinta-adhesiva1.jpg\" lang=\"es\" title=\"Cinta Adhesiva - Materiales\"><br \/>\n            <img loading=\"lazy\" decoding=\"async\" src=\"https:\/\/cartonsa.com\/es\/wp-content\/uploads\/2018\/05\/cinta-adhesiva1.jpg\" width=\"290\" height=\"290\" alt=\"Cinta Adhesiva- Materiales | Cart\u00f3n S.A.\"><br \/>\n        <\/a><br \/>\n        <a data-fancybox=\"galeria\" data-caption=\"Cinta Adhesiva - Materiales | Cart\u00f3n S.A.\" href=\"https:\/\/cartonsa.com\/es\/wp-content\/uploads\/2018\/05\/cinta-adhesiva2.jpg\" lang=\"es\" title=\"Cinta Adhesiva - Materiales | Cart\u00f3n S.A.\"><br \/>\n            <img loading=\"lazy\" decoding=\"async\" src=\"https:\/\/cartonsa.com\/es\/wp-content\/uploads\/2018\/05\/cinta-adhesiva2.jpg\" width=\"290\" height=\"290\" alt=\"Cinta Adhesiva - Materiales | Cart\u00f3n S.A.\"><br \/>\n        <\/a><br \/>\n        <a data-fancybox=\"galeria\" data-caption=\"Cinta Adhesiva - Materiales | Cart\u00f3n S.A.\" href=\"https:\/\/cartonsa.com\/es\/wp-content\/uploads\/2018\/05\/cinta-adhesiva3.jpg\" lang=\"es\" title=\"Cinta Adhesiva - Materiales | Cart\u00f3n S.A.\"><br \/>\n            <img loading=\"lazy\" decoding=\"async\" src=\"https:\/\/cartonsa.com\/es\/wp-content\/uploads\/2018\/05\/cinta-adhesiva3.jpg\" width=\"290\" height=\"290\" alt=\"Cinta Adhesiva - Materiales | Cart\u00f3n S.A.\"><br \/>\n        <\/a><br \/>\n        <a data-fancybox=\"galeria\" data-caption=\"Cinta Adhesiva - Materiales | Cart\u00f3n S.A.\" href=\"https:\/\/cartonsa.com\/es\/wp-content\/uploads\/2018\/05\/cinta-adhesiva4.jpg\" lang=\"es\" title=\"Cinta Adhesiva - Materiales | Cart\u00f3n S.A.\"><br \/>\n            <img loading=\"lazy\" decoding=\"async\" src=\"https:\/\/cartonsa.com\/es\/wp-content\/uploads\/2018\/05\/cinta-adhesiva4.jpg\" width=\"290\" height=\"290\" alt=\"Cinta Adhesiva - Materiales | Cart\u00f3n S.A.\"><br \/>\n        <\/a><br \/>\n        <a data-fancybox=\"galeria\" data-caption=\"Cinta Adhesiva - Materiales | Cart\u00f3n S.A.\" href=\"https:\/\/cartonsa.com\/es\/wp-content\/uploads\/2018\/05\/cinta-adhesiva5.jpg\" lang=\"es\" title=\"Cinta Adhesiva - Materiales | Cart\u00f3n S.A.\"><br \/>\n            <img loading=\"lazy\" decoding=\"async\" src=\"https:\/\/cartonsa.com\/es\/wp-content\/uploads\/2018\/05\/cinta-adhesiva5.jpg\" width=\"290\" height=\"290\" alt=\"Cinta Adhesiva - Materiales | Cart\u00f3n S.A.\"><br \/>\n        <\/a><br \/>\n        <a data-fancybox=\"galeria\" data-caption=\"Cinta Adhesiva - Materiales | Cart\u00f3n S.A.\" href=\"https:\/\/cartonsa.com\/es\/wp-content\/uploads\/2018\/05\/cinta-adhesiva7.jpg\" lang=\"es\" title=\"Cinta Adhesiva - Materiales | Cart\u00f3n S.A.\"><br \/>\n            <img loading=\"lazy\" decoding=\"async\" src=\"https:\/\/cartonsa.com\/es\/wp-content\/uploads\/2018\/05\/cinta-adhesiva7.jpg\" width=\"290\" height=\"290\" alt=\"Cinta Adhesiva - Materiales | Cart\u00f3n S.A.\"><br \/>\n        <\/a><br \/>\n    <\/article>\n<article id=\"box-fotos-right\">\n<div id=\"box-cotizacion-int\">\n            \n<div class=\"wpcf7 no-js\" id=\"wpcf7-f1074-o1\" lang=\"es-ES\" dir=\"ltr\" data-wpcf7-id=\"1074\">\n<div class=\"screen-reader-response\"><p role=\"status\" aria-live=\"polite\" aria-atomic=\"true\"><\/p> <ul><\/ul><\/div>\n<form action=\"\/es\/wp-json\/wp\/v2\/pages\/1138#wpcf7-f1074-o1\" method=\"post\" class=\"wpcf7-form init\" aria-label=\"Formulario de contacto\" novalidate=\"novalidate\" data-status=\"init\">\n<fieldset class=\"hidden-fields-container\"><input type=\"hidden\" name=\"_wpcf7\" value=\"1074\" \/><input type=\"hidden\" name=\"_wpcf7_version\" value=\"6.1.5\" \/><input type=\"hidden\" name=\"_wpcf7_locale\" value=\"es_ES\" \/><input type=\"hidden\" name=\"_wpcf7_unit_tag\" value=\"wpcf7-f1074-o1\" \/><input type=\"hidden\" name=\"_wpcf7_container_post\" value=\"0\" \/><input type=\"hidden\" name=\"_wpcf7_posted_data_hash\" value=\"\" \/>\n<\/fieldset>\n<p><span class=\"wpcf7-form-control-wrap\" data-name=\"text-397\"><input size=\"40\" maxlength=\"400\" class=\"wpcf7-form-control wpcf7-text wpcf7-validates-as-required\" aria-required=\"true\" aria-invalid=\"false\" placeholder=\"Producto Escogido(*)\" value=\"\" type=\"text\" name=\"text-397\" \/><\/span><br \/>\n<span class=\"wpcf7-form-control-wrap\" data-name=\"email-773\"><input size=\"40\" maxlength=\"400\" class=\"wpcf7-form-control wpcf7-email wpcf7-validates-as-required wpcf7-text wpcf7-validates-as-email\" aria-required=\"true\" aria-invalid=\"false\" placeholder=\"Correo Electr\u00f3nico(*)\" value=\"\" type=\"email\" name=\"email-773\" \/><\/span><br \/>\n<span class=\"wpcf7-form-control-wrap\" data-name=\"text-398\"><input size=\"40\" maxlength=\"400\" class=\"wpcf7-form-control wpcf7-text wpcf7-validates-as-required\" aria-required=\"true\" aria-invalid=\"false\" placeholder=\"Tel\u00e9fono(*)\" value=\"\" type=\"text\" name=\"text-398\" \/><\/span><br \/>\n<input class=\"wpcf7-form-control wpcf7-submit has-spinner\" type=\"submit\" value=\"Enviar \u00bb\" \/>\n<\/p><div class=\"wpcf7-response-output\" aria-hidden=\"true\"><\/div>\n<\/form>\n<\/div>\n\n        <\/div>\n<nav id=\"nav-right\">\n            <a href=\"https:\/\/cartonsa.com\/es\/cajas-de-carton\/cajas-para-pizza\/\" lang=\"es\" title=\"Cajas para Pizza - CART\u00d3N S.A.\"><br \/>\n                <span class=\"nav-right-txt\">Cajas para Pizza<\/span><br \/>\n                <span class=\"nav-right-cover\"><\/span><br \/>\n                <img loading=\"lazy\" decoding=\"async\" src=\"https:\/\/cartonsa.com\/es\/wp-content\/uploads\/2017\/12\/carton-sa-cajas-para-pizza-300x256.jpg\" width=\"150\" height=\"128\" alt=\"Cajas para Pizza - CART\u00d3N S.A.\"><br \/>\n            <\/a><br \/>\n            <a href=\"https:\/\/cartonsa.com\/es\/cajas-de-carton\/cajas-de-carton-corrugado\/\" lang=\"es\" title=\"Cajas de Cart\u00f3n Corrugado - CART\u00d3N S.A.\"><br \/>\n                <span class=\"nav-right-txt\">Cajas de Cart\u00f3n Corrugado<\/span><br \/>\n                <span class=\"nav-right-cover\"><\/span><br \/>\n                <img loading=\"lazy\" decoding=\"async\" src=\"https:\/\/cartonsa.com\/es\/wp-content\/uploads\/2017\/12\/carton-sa-cajas-de-carton-regular-300x256.jpg\" width=\"150\" height=\"128\" alt=\"Cajas de Cart\u00f3n Corrugado - CART\u00d3N S.A.\"><br \/>\n            <\/a><br \/>\n            <a href=\"https:\/\/cartonsa.com\/es\/cajas-de-carton\/cajas-para-archivos\/\" lang=\"es\" title=\"Cajas para Archivos - CART\u00d3N S.A.\"><br \/>\n                <span class=\"nav-right-txt\">Cajas para Archivos<\/span><br \/>\n                <span class=\"nav-right-cover\"><\/span><br \/>\n                <img loading=\"lazy\" decoding=\"async\" src=\"https:\/\/cartonsa.com\/es\/wp-content\/uploads\/2017\/12\/carton-sa-cajas-para-archivos-300x256.jpg\" width=\"150\" height=\"128\" alt=\"Cajas para Archivos - CART\u00d3N S.A.\"><br \/>\n            <\/a><br \/>\n            <a href=\"https:\/\/cartonsa.com\/es\/cajas-de-carton\/cajas-para-envios\/\" lang=\"es\" title=\"Cajas para Env\u00edos - CART\u00d3N S.A.\"><br \/>\n                <span class=\"nav-right-txt\">Cajas para Env\u00edos<\/span><br \/>\n                <span class=\"nav-right-cover\"><\/span><br \/>\n                <img loading=\"lazy\" decoding=\"async\" src=\"https:\/\/cartonsa.com\/es\/wp-content\/uploads\/2017\/12\/carton-sa-cajas-para-envios-300x256.jpg\" width=\"150\" height=\"128\" alt=\"Cajas para Env\u00edos - CART\u00d3N S.A.\"><br \/>\n            <\/a><br \/>\n            <a href=\"https:\/\/cartonsa.com\/es\/cajas-de-carton\/cajas-para-exportacion\/\" lang=\"es\" title=\"Cajas para Exportaci\u00f3n - CART\u00d3N S.A.\"><br \/>\n                <span class=\"nav-right-txt\">Cajas para Exportaci\u00f3n<\/span><br \/>\n                <span class=\"nav-right-cover\"><\/span><br \/>\n                <img loading=\"lazy\" decoding=\"async\" src=\"https:\/\/cartonsa.com\/es\/wp-content\/uploads\/2017\/12\/carton-sa-cajas-para-exportacion-300x256.jpg\" width=\"150\" height=\"128\" alt=\"Cajas para Exportaci\u00f3n - CART\u00d3N S.A.\"><br \/>\n            <\/a><br \/>\n            <a href=\"https:\/\/cartonsa.com\/es\/cajas-de-carton\/cajas-para-cupcakes\/\" lang=\"es\" title=\"Cajas para Cupcakes - CART\u00d3N S.A.\"><br \/>\n                <span class=\"nav-right-txt\">Cajas para Cupcakes<\/span><br \/>\n                <span class=\"nav-right-cover\"><\/span><br \/>\n                <img loading=\"lazy\" decoding=\"async\" src=\"https:\/\/cartonsa.com\/es\/wp-content\/uploads\/2017\/12\/carton-sa-cajas-para-cupcakes-300x256.jpg\" width=\"150\" height=\"128\" alt=\"Cajas para Cupcakes - CART\u00d3N S.A.\"><br \/>\n            <\/a><br \/>\n            <a href=\"https:\/\/cartonsa.com\/es\/cajas-de-carton\/cajas-para-zapatos\/\" lang=\"es\" title=\"Cajas para Zapatos - CART\u00d3N S.A.\"><br \/>\n                <span class=\"nav-right-txt\">Cajas para Zapatos<\/span><br \/>\n                <span class=\"nav-right-cover\"><\/span><br \/>\n                <img loading=\"lazy\" decoding=\"async\" src=\"https:\/\/cartonsa.com\/es\/wp-content\/uploads\/2017\/12\/carton-sa-cajas-para-zapatos-300x256.jpg\" width=\"150\" height=\"128\" alt=\"Cajas para Zapatos - CART\u00d3N S.A.\"><br \/>\n            <\/a><br \/>\n            <a href=\"https:\/\/cartonsa.com\/es\/cajas-de-carton\/cajas-para-frutas\/\" lang=\"es\" title=\"Cajas para Frutas - CART\u00d3N S.A.\"><br \/>\n                <span class=\"nav-right-txt\">Cajas para Frutas<\/span><br \/>\n                <span class=\"nav-right-cover\"><\/span><br \/>\n                <img loading=\"lazy\" decoding=\"async\" src=\"https:\/\/cartonsa.com\/es\/wp-content\/uploads\/2017\/12\/carton-sa-cajas-para-frutas-300x256.jpg\" width=\"150\" height=\"128\" alt=\"Cajas para Frutas - CART\u00d3N S.A.\"><br \/>\n            <\/a><br \/>\n        <\/nav>\n<\/article>\n<\/section>\n","protected":false},"excerpt":{"rendered":"<p>Inicio chevron_right Materiales chevron_right Cinta Adhesiva Cinta Adhesiva Tenemos las cintas de embalaje y precintos que su empresa necesita: elija cintas adhesivas est\u00e1ndar, personalizadas, impresas, transparentes o de colores. La cinta adhesiva es un consumible muy utilizado en la industria del embalaje consistente en una tira alargada recogida en forma de rollo con adhesivo incorporado [&hellip;]<\/p>\n","protected":false},"author":1,"featured_media":0,"parent":291,"menu_order":0,"comment_status":"closed","ping_status":"closed","template":"","meta":{"_joinchat":[],"footnotes":""},"class_list":["post-1138","page","type-page","status-publish","hentry"],"yoast_head":"<!-- This site is optimized with the Yoast SEO plugin v27.5 - https:\/\/yoast.com\/product\/yoast-seo-wordpress\/ -->\n<title>Cinta Adhesiva - Materiales | CART\u00d3N S.A. - Cajas de Cart\u00f3n e Ingenier\u00eda en Empaques en Barranquilla y toda Colombia<\/title>\n<meta name=\"description\" content=\"Tenemos las cintas de embalaje y precintos que su empresa necesita: elija cintas adhesivas est\u00e1ndar, personalizadas, impresas, transparentes o de colores.\" \/>\n<meta name=\"robots\" content=\"index, follow, max-snippet:-1, max-image-preview:large, max-video-preview:-1\" \/>\n<link rel=\"canonical\" href=\"https:\/\/cartonsa.com\/es\/materiales\/cinta-adhesiva\/\" \/>\n<meta property=\"og:locale\" content=\"es_ES\" \/>\n<meta property=\"og:type\" content=\"article\" \/>\n<meta property=\"og:title\" content=\"Cinta Adhesiva - Materiales | CART\u00d3N S.A. - Cajas de Cart\u00f3n e Ingenier\u00eda en Empaques en Barranquilla y toda Colombia\" \/>\n<meta property=\"og:description\" content=\"Tenemos las cintas de embalaje y precintos que su empresa necesita: elija cintas adhesivas est\u00e1ndar, personalizadas, impresas, transparentes o de colores.\" \/>\n<meta property=\"og:url\" content=\"https:\/\/cartonsa.com\/es\/materiales\/cinta-adhesiva\/\" \/>\n<meta property=\"og:site_name\" content=\"Cajas de Carton Colombia\" \/>\n<meta property=\"article:modified_time\" content=\"2019-10-24T01:45:35+00:00\" \/>\n<meta property=\"og:image\" content=\"https:\/\/cartonsa.com\/es\/wp-content\/uploads\/2018\/05\/carton-sa-materiales-cinta-adhesiva-07.jpg\" \/>\n<meta name=\"twitter:card\" content=\"summary_large_image\" \/>\n<meta name=\"twitter:title\" content=\"Cinta Adhesiva - Materiales | CART\u00d3N S.A. - Cajas de Cart\u00f3n e Ingenier\u00eda en Empaques en Barranquilla y toda Colombia\" \/>\n<meta name=\"twitter:description\" content=\"Tenemos las cintas de embalaje y precintos que su empresa necesita: elija cintas adhesivas est\u00e1ndar, personalizadas, impresas, transparentes o de colores.\" \/>\n<meta name=\"twitter:label1\" content=\"Tiempo de lectura\" \/>\n\t<meta name=\"twitter:data1\" content=\"1 minuto\" \/>\n<script type=\"application\/ld+json\" class=\"yoast-schema-graph\">{\"@context\":\"https:\\\/\\\/schema.org\",\"@graph\":[{\"@type\":\"WebPage\",\"@id\":\"https:\\\/\\\/cartonsa.com\\\/es\\\/materiales\\\/cinta-adhesiva\\\/\",\"url\":\"https:\\\/\\\/cartonsa.com\\\/es\\\/materiales\\\/cinta-adhesiva\\\/\",\"name\":\"Cinta Adhesiva - Materiales | CART\u00d3N S.A. - Cajas de Cart\u00f3n e Ingenier\u00eda en Empaques en Barranquilla y toda Colombia\",\"isPartOf\":{\"@id\":\"https:\\\/\\\/cartonsa.com\\\/es\\\/#website\"},\"primaryImageOfPage\":{\"@id\":\"https:\\\/\\\/cartonsa.com\\\/es\\\/materiales\\\/cinta-adhesiva\\\/#primaryimage\"},\"image\":{\"@id\":\"https:\\\/\\\/cartonsa.com\\\/es\\\/materiales\\\/cinta-adhesiva\\\/#primaryimage\"},\"thumbnailUrl\":\"https:\\\/\\\/cartonsa.com\\\/es\\\/wp-content\\\/uploads\\\/2018\\\/05\\\/carton-sa-materiales-cinta-adhesiva-07.jpg\",\"datePublished\":\"2018-05-01T00:44:03+00:00\",\"dateModified\":\"2019-10-24T01:45:35+00:00\",\"description\":\"Tenemos las cintas de embalaje y precintos que su empresa necesita: elija cintas adhesivas est\u00e1ndar, personalizadas, impresas, transparentes o de colores.\",\"breadcrumb\":{\"@id\":\"https:\\\/\\\/cartonsa.com\\\/es\\\/materiales\\\/cinta-adhesiva\\\/#breadcrumb\"},\"inLanguage\":\"es\",\"potentialAction\":[{\"@type\":\"ReadAction\",\"target\":[\"https:\\\/\\\/cartonsa.com\\\/es\\\/materiales\\\/cinta-adhesiva\\\/\"]}]},{\"@type\":\"ImageObject\",\"inLanguage\":\"es\",\"@id\":\"https:\\\/\\\/cartonsa.com\\\/es\\\/materiales\\\/cinta-adhesiva\\\/#primaryimage\",\"url\":\"https:\\\/\\\/cartonsa.com\\\/es\\\/wp-content\\\/uploads\\\/2018\\\/05\\\/carton-sa-materiales-cinta-adhesiva-07.jpg\",\"contentUrl\":\"https:\\\/\\\/cartonsa.com\\\/es\\\/wp-content\\\/uploads\\\/2018\\\/05\\\/carton-sa-materiales-cinta-adhesiva-07.jpg\",\"width\":290,\"height\":248,\"caption\":\"Cinta Adhesiva \u2013 Materiales | Cart\u00f3n S.A.\"},{\"@type\":\"BreadcrumbList\",\"@id\":\"https:\\\/\\\/cartonsa.com\\\/es\\\/materiales\\\/cinta-adhesiva\\\/#breadcrumb\",\"itemListElement\":[{\"@type\":\"ListItem\",\"position\":1,\"name\":\"Inicio\",\"item\":\"https:\\\/\\\/cartonsa.com\\\/es\\\/\"},{\"@type\":\"ListItem\",\"position\":2,\"name\":\"Materiales\",\"item\":\"https:\\\/\\\/cartonsa.com\\\/es\\\/materiales\\\/\"},{\"@type\":\"ListItem\",\"position\":3,\"name\":\"Cinta Adhesiva\"}]},{\"@type\":\"WebSite\",\"@id\":\"https:\\\/\\\/cartonsa.com\\\/es\\\/#website\",\"url\":\"https:\\\/\\\/cartonsa.com\\\/es\\\/\",\"name\":\"Cajas de Carton Colombia\",\"description\":\"Fabrica de Cajas de Carton en Colombia\",\"potentialAction\":[{\"@type\":\"SearchAction\",\"target\":{\"@type\":\"EntryPoint\",\"urlTemplate\":\"https:\\\/\\\/cartonsa.com\\\/es\\\/?s={search_term_string}\"},\"query-input\":{\"@type\":\"PropertyValueSpecification\",\"valueRequired\":true,\"valueName\":\"search_term_string\"}}],\"inLanguage\":\"es\"}]}<\/script>\n<!-- \/ Yoast SEO plugin. -->","yoast_head_json":{"title":"Cinta Adhesiva - Materiales | CART\u00d3N S.A. - Cajas de Cart\u00f3n e Ingenier\u00eda en Empaques en Barranquilla y toda Colombia","description":"Tenemos las cintas de embalaje y precintos que su empresa necesita: elija cintas adhesivas est\u00e1ndar, personalizadas, impresas, transparentes o de colores.","robots":{"index":"index","follow":"follow","max-snippet":"max-snippet:-1","max-image-preview":"max-image-preview:large","max-video-preview":"max-video-preview:-1"},"canonical":"https:\/\/cartonsa.com\/es\/materiales\/cinta-adhesiva\/","og_locale":"es_ES","og_type":"article","og_title":"Cinta Adhesiva - Materiales | CART\u00d3N S.A. - Cajas de Cart\u00f3n e Ingenier\u00eda en Empaques en Barranquilla y toda Colombia","og_description":"Tenemos las cintas de embalaje y precintos que su empresa necesita: elija cintas adhesivas est\u00e1ndar, personalizadas, impresas, transparentes o de colores.","og_url":"https:\/\/cartonsa.com\/es\/materiales\/cinta-adhesiva\/","og_site_name":"Cajas de Carton Colombia","article_modified_time":"2019-10-24T01:45:35+00:00","og_image":[{"url":"https:\/\/cartonsa.com\/es\/wp-content\/uploads\/2018\/05\/carton-sa-materiales-cinta-adhesiva-07.jpg","type":"","width":"","height":""}],"twitter_card":"summary_large_image","twitter_title":"Cinta Adhesiva - Materiales | CART\u00d3N S.A. - Cajas de Cart\u00f3n e Ingenier\u00eda en Empaques en Barranquilla y toda Colombia","twitter_description":"Tenemos las cintas de embalaje y precintos que su empresa necesita: elija cintas adhesivas est\u00e1ndar, personalizadas, impresas, transparentes o de colores.","twitter_misc":{"Tiempo de lectura":"1 minuto"},"schema":{"@context":"https:\/\/schema.org","@graph":[{"@type":"WebPage","@id":"https:\/\/cartonsa.com\/es\/materiales\/cinta-adhesiva\/","url":"https:\/\/cartonsa.com\/es\/materiales\/cinta-adhesiva\/","name":"Cinta Adhesiva - Materiales | CART\u00d3N S.A. - Cajas de Cart\u00f3n e Ingenier\u00eda en Empaques en Barranquilla y toda Colombia","isPartOf":{"@id":"https:\/\/cartonsa.com\/es\/#website"},"primaryImageOfPage":{"@id":"https:\/\/cartonsa.com\/es\/materiales\/cinta-adhesiva\/#primaryimage"},"image":{"@id":"https:\/\/cartonsa.com\/es\/materiales\/cinta-adhesiva\/#primaryimage"},"thumbnailUrl":"https:\/\/cartonsa.com\/es\/wp-content\/uploads\/2018\/05\/carton-sa-materiales-cinta-adhesiva-07.jpg","datePublished":"2018-05-01T00:44:03+00:00","dateModified":"2019-10-24T01:45:35+00:00","description":"Tenemos las cintas de embalaje y precintos que su empresa necesita: elija cintas adhesivas est\u00e1ndar, personalizadas, impresas, transparentes o de colores.","breadcrumb":{"@id":"https:\/\/cartonsa.com\/es\/materiales\/cinta-adhesiva\/#breadcrumb"},"inLanguage":"es","potentialAction":[{"@type":"ReadAction","target":["https:\/\/cartonsa.com\/es\/materiales\/cinta-adhesiva\/"]}]},{"@type":"ImageObject","inLanguage":"es","@id":"https:\/\/cartonsa.com\/es\/materiales\/cinta-adhesiva\/#primaryimage","url":"https:\/\/cartonsa.com\/es\/wp-content\/uploads\/2018\/05\/carton-sa-materiales-cinta-adhesiva-07.jpg","contentUrl":"https:\/\/cartonsa.com\/es\/wp-content\/uploads\/2018\/05\/carton-sa-materiales-cinta-adhesiva-07.jpg","width":290,"height":248,"caption":"Cinta Adhesiva \u2013 Materiales | Cart\u00f3n S.A."},{"@type":"BreadcrumbList","@id":"https:\/\/cartonsa.com\/es\/materiales\/cinta-adhesiva\/#breadcrumb","itemListElement":[{"@type":"ListItem","position":1,"name":"Inicio","item":"https:\/\/cartonsa.com\/es\/"},{"@type":"ListItem","position":2,"name":"Materiales","item":"https:\/\/cartonsa.com\/es\/materiales\/"},{"@type":"ListItem","position":3,"name":"Cinta Adhesiva"}]},{"@type":"WebSite","@id":"https:\/\/cartonsa.com\/es\/#website","url":"https:\/\/cartonsa.com\/es\/","name":"Cajas de Carton Colombia","description":"Fabrica de Cajas de Carton en Colombia","potentialAction":[{"@type":"SearchAction","target":{"@type":"EntryPoint","urlTemplate":"https:\/\/cartonsa.com\/es\/?s={search_term_string}"},"query-input":{"@type":"PropertyValueSpecification","valueRequired":true,"valueName":"search_term_string"}}],"inLanguage":"es"}]}},"_links":{"self":[{"href":"https:\/\/cartonsa.com\/es\/wp-json\/wp\/v2\/pages\/1138","targetHints":{"allow":["GET"]}}],"collection":[{"href":"https:\/\/cartonsa.com\/es\/wp-json\/wp\/v2\/pages"}],"about":[{"href":"https:\/\/cartonsa.com\/es\/wp-json\/wp\/v2\/types\/page"}],"author":[{"embeddable":true,"href":"https:\/\/cartonsa.com\/es\/wp-json\/wp\/v2\/users\/1"}],"replies":[{"embeddable":true,"href":"https:\/\/cartonsa.com\/es\/wp-json\/wp\/v2\/comments?post=1138"}],"version-history":[{"count":12,"href":"https:\/\/cartonsa.com\/es\/wp-json\/wp\/v2\/pages\/1138\/revisions"}],"predecessor-version":[{"id":1477,"href":"https:\/\/cartonsa.com\/es\/wp-json\/wp\/v2\/pages\/1138\/revisions\/1477"}],"up":[{"embeddable":true,"href":"https:\/\/cartonsa.com\/es\/wp-json\/wp\/v2\/pages\/291"}],"wp:attachment":[{"href":"https:\/\/cartonsa.com\/es\/wp-json\/wp\/v2\/media?parent=1138"}],"curies":[{"name":"wp","href":"https:\/\/api.w.org\/{rel}","templated":true}]}}