{"id":117,"date":"2017-07-31T16:10:28","date_gmt":"2017-07-31T16:10:28","guid":{"rendered":"http:\/\/cartonsa.com\/es\/?page_id=117"},"modified":"2019-10-24T00:15:40","modified_gmt":"2019-10-24T00:15:40","slug":"cajas-con-resina-para-congelados","status":"publish","type":"page","link":"https:\/\/cartonsa.com\/es\/cajas-especiales\/cajas-con-resina-para-congelados\/","title":{"rendered":"Cajas con Resina para Congelados"},"content":{"rendered":"<div id=\"row-migas-de-pan\">\n<div class=\"col-md-12\">\n<nav id=\"box-migas-pan\">\n            <a href=\"https:\/\/cartonsa.com\/es\/\" class=\"pri-mp\" title=\"Inicio\">Inicio<\/a><br \/>\n            <span class=\"fle-mp\"><i class=\"material-icons\">chevron_right<\/i><\/span><br \/>\n            <a href=\"https:\/\/cartonsa.com\/es\/cajas-de-carton\/\" class=\"pri-mp\" title=\"Cajas de Cart\u00f3n\">Cajas de Cart\u00f3n<\/a><br \/>\n            <span class=\"fle-mp\"><i class=\"material-icons\">chevron_right<\/i><\/span><br \/>\n            <span class=\"actual-mp\">Cajas con Resina para Congelados<\/span><br \/>\n        <\/nav>\n<\/p><\/div>\n<\/div>\n<div id=\"row-titulo-paginas\" class=\"bg-03\">\n<div class=\"col-md-12\">\n<section>\n<h2 class=\"titulo-h2\">Cajas con Resina para Congelados<\/h2>\n<p>Fabricamos <strong>cajas de cart\u00f3n recubiertas con resina<\/strong> para almacenamiento de congelados.<\/p>\n<\/section><\/div>\n<\/div>\n<section id=\"box-fotos-int\">\n<article id=\"box-fotos-left\">\n        <a data-fancybox=\"galeria\" data-caption=\"Cajas con Resina para Congelados - Cajas Especiales\" href=\"https:\/\/cartonsa.com\/es\/wp-content\/uploads\/2017\/12\/cartonsa-cajas-con-resina-para-congelados-5577f4b1de8f5dc2d40c3bfc6625.jpg\" lang=\"es\" title=\"Cajas con Resina para Congelados - Cajas Especiales\"><br \/>\n            <img fetchpriority=\"high\" decoding=\"async\" src=\"https:\/\/cartonsa.com\/es\/wp-content\/uploads\/2017\/12\/cartonsa-cajas-con-resina-para-congelados-5577f4b1de8f5dc2d40c3bfc6625.jpg\" width=\"290\" height=\"290\" alt=\"Cajas con Resina para Congelados - Cajas Especiales\"><br \/>\n        <\/a><br \/>\n        <a data-fancybox=\"galeria\" data-caption=\"Cajas con Resina para Congelados - Cajas Especiales\" href=\"https:\/\/cartonsa.com\/es\/wp-content\/uploads\/2017\/12\/cartonsa-cajas-con-resina-para-congelados-caja-automontable-verdura-450.jpg\" lang=\"es\" title=\"Cajas con Resina para Congelados - Cajas Especiales\"><br \/>\n            <img decoding=\"async\" src=\"https:\/\/cartonsa.com\/es\/wp-content\/uploads\/2017\/12\/cartonsa-cajas-con-resina-para-congelados-caja-automontable-verdura-450.jpg\" width=\"290\" height=\"290\" alt=\"Cajas con Resina para Congelados - Cajas Especiales\"><br \/>\n        <\/a><br \/>\n        <a data-fancybox=\"galeria\" data-caption=\"Cajas con Resina para Congelados - Cajas Especiales\" href=\"https:\/\/cartonsa.com\/es\/wp-content\/uploads\/2017\/12\/cartonsa-cajas-con-resina-para-congelados-1431830.jpeg\" lang=\"es\" title=\"Cajas con Resina para Congelados - Cajas Especiales\"><br \/>\n            <img decoding=\"async\" src=\"https:\/\/cartonsa.com\/es\/wp-content\/uploads\/2017\/12\/cartonsa-cajas-con-resina-para-congelados-1431830.jpeg\" width=\"290\" height=\"290\" alt=\"Cajas con Resina para Congelados - Cajas Especiales\"><br \/>\n        <\/a><br \/>\n        <a data-fancybox=\"galeria\" data-caption=\"Cajas con Resina para Congelados - Cajas Especiales\" href=\"https:\/\/cartonsa.com\/es\/wp-content\/uploads\/2017\/12\/cartonsa-cajas-con-resina-para-congelados-312817.jpeg\" lang=\"es\" title=\"Cajas con Resina para Congelados - Cajas Especiales\"><br \/>\n            <img loading=\"lazy\" decoding=\"async\" src=\"https:\/\/cartonsa.com\/es\/wp-content\/uploads\/2017\/12\/cartonsa-cajas-con-resina-para-congelados-312817.jpeg\" width=\"290\" height=\"290\" alt=\"Cajas con Resina para Congelados - Cajas Especiales\"><br \/>\n        <\/a><br \/>\n    <\/article>\n<article id=\"box-fotos-right\">\n<div id=\"box-cotizacion-int\">\n            \n<div class=\"wpcf7 no-js\" id=\"wpcf7-f1074-o1\" lang=\"es-ES\" dir=\"ltr\" data-wpcf7-id=\"1074\">\n<div class=\"screen-reader-response\"><p role=\"status\" aria-live=\"polite\" aria-atomic=\"true\"><\/p> <ul><\/ul><\/div>\n<form action=\"\/es\/wp-json\/wp\/v2\/pages\/117#wpcf7-f1074-o1\" method=\"post\" class=\"wpcf7-form init\" aria-label=\"Formulario de contacto\" novalidate=\"novalidate\" data-status=\"init\">\n<fieldset class=\"hidden-fields-container\"><input type=\"hidden\" name=\"_wpcf7\" value=\"1074\" \/><input type=\"hidden\" name=\"_wpcf7_version\" value=\"6.1.5\" \/><input type=\"hidden\" name=\"_wpcf7_locale\" value=\"es_ES\" \/><input type=\"hidden\" name=\"_wpcf7_unit_tag\" value=\"wpcf7-f1074-o1\" \/><input type=\"hidden\" name=\"_wpcf7_container_post\" value=\"0\" \/><input type=\"hidden\" name=\"_wpcf7_posted_data_hash\" value=\"\" \/>\n<\/fieldset>\n<p><span class=\"wpcf7-form-control-wrap\" data-name=\"text-397\"><input size=\"40\" maxlength=\"400\" class=\"wpcf7-form-control wpcf7-text wpcf7-validates-as-required\" aria-required=\"true\" aria-invalid=\"false\" placeholder=\"Producto Escogido(*)\" value=\"\" type=\"text\" name=\"text-397\" \/><\/span><br \/>\n<span class=\"wpcf7-form-control-wrap\" data-name=\"email-773\"><input size=\"40\" maxlength=\"400\" class=\"wpcf7-form-control wpcf7-email wpcf7-validates-as-required wpcf7-text wpcf7-validates-as-email\" aria-required=\"true\" aria-invalid=\"false\" placeholder=\"Correo Electr\u00f3nico(*)\" value=\"\" type=\"email\" name=\"email-773\" \/><\/span><br \/>\n<span class=\"wpcf7-form-control-wrap\" data-name=\"text-398\"><input size=\"40\" maxlength=\"400\" class=\"wpcf7-form-control wpcf7-text wpcf7-validates-as-required\" aria-required=\"true\" aria-invalid=\"false\" placeholder=\"Tel\u00e9fono(*)\" value=\"\" type=\"text\" name=\"text-398\" \/><\/span><br \/>\n<input class=\"wpcf7-form-control wpcf7-submit has-spinner\" type=\"submit\" value=\"Enviar \u00bb\" \/>\n<\/p><div class=\"wpcf7-response-output\" aria-hidden=\"true\"><\/div>\n<\/form>\n<\/div>\n\n        <\/div>\n<nav id=\"nav-right\">\n            <a href=\"https:\/\/cartonsa.com\/es\/cajas-de-carton\/cajas-para-pizza\/\" lang=\"es\" title=\"Cajas para Pizza - CART\u00d3N S.A.\"><br \/>\n                <span class=\"nav-right-txt\">Cajas para Pizza<\/span><br \/>\n                <span class=\"nav-right-cover\"><\/span><br \/>\n                <img loading=\"lazy\" decoding=\"async\" src=\"https:\/\/cartonsa.com\/es\/wp-content\/uploads\/2017\/12\/carton-sa-cajas-para-pizza-300x256.jpg\" width=\"150\" height=\"128\" alt=\"Cajas para Pizza - CART\u00d3N S.A.\"><br \/>\n            <\/a><br \/>\n            <a href=\"https:\/\/cartonsa.com\/es\/cajas-de-carton\/cajas-de-carton-corrugado\/\" lang=\"es\" title=\"Cajas de Cart\u00f3n Corrugado - CART\u00d3N S.A.\"><br \/>\n                <span class=\"nav-right-txt\">Cajas de Cart\u00f3n Corrugado<\/span><br \/>\n                <span class=\"nav-right-cover\"><\/span><br \/>\n                <img loading=\"lazy\" decoding=\"async\" src=\"https:\/\/cartonsa.com\/es\/wp-content\/uploads\/2017\/12\/carton-sa-cajas-de-carton-regular-300x256.jpg\" width=\"150\" height=\"128\" alt=\"Cajas de Cart\u00f3n Corrugado - CART\u00d3N S.A.\"><br \/>\n            <\/a><br \/>\n            <a href=\"https:\/\/cartonsa.com\/es\/cajas-de-carton\/cajas-para-archivos\/\" lang=\"es\" title=\"Cajas para Archivos - CART\u00d3N S.A.\"><br \/>\n                <span class=\"nav-right-txt\">Cajas para Archivos<\/span><br \/>\n                <span class=\"nav-right-cover\"><\/span><br \/>\n                <img loading=\"lazy\" decoding=\"async\" src=\"https:\/\/cartonsa.com\/es\/wp-content\/uploads\/2017\/12\/carton-sa-cajas-para-archivos-300x256.jpg\" width=\"150\" height=\"128\" alt=\"Cajas para Archivos - CART\u00d3N S.A.\"><br \/>\n            <\/a><br \/>\n            <a href=\"https:\/\/cartonsa.com\/es\/cajas-de-carton\/cajas-para-envios\/\" lang=\"es\" title=\"Cajas para Env\u00edos - CART\u00d3N S.A.\"><br \/>\n                <span class=\"nav-right-txt\">Cajas para Env\u00edos<\/span><br \/>\n                <span class=\"nav-right-cover\"><\/span><br \/>\n                <img loading=\"lazy\" decoding=\"async\" src=\"https:\/\/cartonsa.com\/es\/wp-content\/uploads\/2017\/12\/carton-sa-cajas-para-envios-300x256.jpg\" width=\"150\" height=\"128\" alt=\"Cajas para Env\u00edos - CART\u00d3N S.A.\"><br \/>\n            <\/a><br \/>\n        <\/nav>\n<\/article>\n<\/section>\n","protected":false},"excerpt":{"rendered":"<p>Inicio chevron_right Cajas de Cart\u00f3n chevron_right Cajas con Resina para Congelados Cajas con Resina para Congelados Fabricamos cajas de cart\u00f3n recubiertas con resina para almacenamiento de congelados. Cajas para Pizza Cajas de Cart\u00f3n Corrugado Cajas para Archivos Cajas para Env\u00edos<\/p>\n","protected":false},"author":1,"featured_media":586,"parent":131,"menu_order":0,"comment_status":"closed","ping_status":"closed","template":"","meta":{"_joinchat":[],"footnotes":""},"class_list":["post-117","page","type-page","status-publish","has-post-thumbnail","hentry"],"yoast_head":"<!-- This site is optimized with the Yoast SEO plugin v27.5 - https:\/\/yoast.com\/product\/yoast-seo-wordpress\/ -->\n<title>Cajas con Resina para Congelados \u203a Cajas Especiales | CART\u00d3N S.A. - Cajas de Cart\u00f3n e Ingenier\u00eda en Empaques en Barranquilla y toda Colombia<\/title>\n<meta name=\"description\" content=\"Fabricamos cajas de cart\u00f3n recubiertas con resina para almacenamiento de congelados.\" \/>\n<meta name=\"robots\" content=\"index, follow, max-snippet:-1, max-image-preview:large, max-video-preview:-1\" \/>\n<link rel=\"canonical\" href=\"https:\/\/cartonsa.com\/es\/cajas-especiales\/cajas-con-resina-para-congelados\/\" \/>\n<meta property=\"og:locale\" content=\"es_ES\" \/>\n<meta property=\"og:type\" content=\"article\" \/>\n<meta property=\"og:title\" content=\"Cajas con Resina para Congelados \u203a Cajas Especiales | CART\u00d3N S.A. - Cajas de Cart\u00f3n e Ingenier\u00eda en Empaques en Barranquilla y toda Colombia\" \/>\n<meta property=\"og:description\" content=\"Fabricamos cajas de cart\u00f3n recubiertas con resina para almacenamiento de congelados.\" \/>\n<meta property=\"og:url\" content=\"https:\/\/cartonsa.com\/es\/cajas-especiales\/cajas-con-resina-para-congelados\/\" \/>\n<meta property=\"og:site_name\" content=\"Cajas de Carton Colombia\" \/>\n<meta property=\"article:modified_time\" content=\"2019-10-24T00:15:40+00:00\" \/>\n<meta property=\"og:image\" content=\"https:\/\/cartonsa.com\/es\/wp-content\/uploads\/2017\/12\/carton-sa-cajas-con-resina-para-congelados.jpg\" \/>\n\t<meta property=\"og:image:width\" content=\"386\" \/>\n\t<meta property=\"og:image:height\" content=\"330\" \/>\n\t<meta property=\"og:image:type\" content=\"image\/jpeg\" \/>\n<meta name=\"twitter:card\" content=\"summary_large_image\" \/>\n<meta name=\"twitter:title\" content=\"Cajas con Resina para Congelados \u203a Cajas Especiales | CART\u00d3N S.A. - Cajas de Cart\u00f3n e Ingenier\u00eda en Empaques en Barranquilla y toda Colombia\" \/>\n<meta name=\"twitter:description\" content=\"Fabricamos cajas de cart\u00f3n recubiertas con resina para almacenamiento de congelados.\" \/>\n<meta name=\"twitter:image\" content=\"http:\/\/cartonsa.com\/es\/wp-content\/uploads\/2017\/12\/carton-sa-cajas-con-resina-para-congelados.jpg\" \/>\n<script type=\"application\/ld+json\" class=\"yoast-schema-graph\">{\"@context\":\"https:\\\/\\\/schema.org\",\"@graph\":[{\"@type\":\"WebPage\",\"@id\":\"https:\\\/\\\/cartonsa.com\\\/es\\\/cajas-especiales\\\/cajas-con-resina-para-congelados\\\/\",\"url\":\"https:\\\/\\\/cartonsa.com\\\/es\\\/cajas-especiales\\\/cajas-con-resina-para-congelados\\\/\",\"name\":\"Cajas con Resina para Congelados \u203a Cajas Especiales | CART\u00d3N S.A. - Cajas de Cart\u00f3n e Ingenier\u00eda en Empaques en Barranquilla y toda Colombia\",\"isPartOf\":{\"@id\":\"https:\\\/\\\/cartonsa.com\\\/es\\\/#website\"},\"primaryImageOfPage\":{\"@id\":\"https:\\\/\\\/cartonsa.com\\\/es\\\/cajas-especiales\\\/cajas-con-resina-para-congelados\\\/#primaryimage\"},\"image\":{\"@id\":\"https:\\\/\\\/cartonsa.com\\\/es\\\/cajas-especiales\\\/cajas-con-resina-para-congelados\\\/#primaryimage\"},\"thumbnailUrl\":\"https:\\\/\\\/cartonsa.com\\\/es\\\/wp-content\\\/uploads\\\/2017\\\/12\\\/carton-sa-cajas-con-resina-para-congelados.jpg\",\"datePublished\":\"2017-07-31T16:10:28+00:00\",\"dateModified\":\"2019-10-24T00:15:40+00:00\",\"description\":\"Fabricamos cajas de cart\u00f3n recubiertas con resina para almacenamiento de congelados.\",\"breadcrumb\":{\"@id\":\"https:\\\/\\\/cartonsa.com\\\/es\\\/cajas-especiales\\\/cajas-con-resina-para-congelados\\\/#breadcrumb\"},\"inLanguage\":\"es\",\"potentialAction\":[{\"@type\":\"ReadAction\",\"target\":[\"https:\\\/\\\/cartonsa.com\\\/es\\\/cajas-especiales\\\/cajas-con-resina-para-congelados\\\/\"]}]},{\"@type\":\"ImageObject\",\"inLanguage\":\"es\",\"@id\":\"https:\\\/\\\/cartonsa.com\\\/es\\\/cajas-especiales\\\/cajas-con-resina-para-congelados\\\/#primaryimage\",\"url\":\"https:\\\/\\\/cartonsa.com\\\/es\\\/wp-content\\\/uploads\\\/2017\\\/12\\\/carton-sa-cajas-con-resina-para-congelados.jpg\",\"contentUrl\":\"https:\\\/\\\/cartonsa.com\\\/es\\\/wp-content\\\/uploads\\\/2017\\\/12\\\/carton-sa-cajas-con-resina-para-congelados.jpg\",\"width\":386,\"height\":330,\"caption\":\"Cajas con Resina para Congelados \u2013 Cart\u00f3n S.A.\"},{\"@type\":\"BreadcrumbList\",\"@id\":\"https:\\\/\\\/cartonsa.com\\\/es\\\/cajas-especiales\\\/cajas-con-resina-para-congelados\\\/#breadcrumb\",\"itemListElement\":[{\"@type\":\"ListItem\",\"position\":1,\"name\":\"Inicio\",\"item\":\"https:\\\/\\\/cartonsa.com\\\/es\\\/\"},{\"@type\":\"ListItem\",\"position\":2,\"name\":\"Cajas Especiales\",\"item\":\"https:\\\/\\\/cartonsa.com\\\/es\\\/cajas-especiales\\\/\"},{\"@type\":\"ListItem\",\"position\":3,\"name\":\"Cajas con Resina para Congelados\"}]},{\"@type\":\"WebSite\",\"@id\":\"https:\\\/\\\/cartonsa.com\\\/es\\\/#website\",\"url\":\"https:\\\/\\\/cartonsa.com\\\/es\\\/\",\"name\":\"Cajas de Carton Colombia\",\"description\":\"Fabrica de Cajas de Carton en Colombia\",\"potentialAction\":[{\"@type\":\"SearchAction\",\"target\":{\"@type\":\"EntryPoint\",\"urlTemplate\":\"https:\\\/\\\/cartonsa.com\\\/es\\\/?s={search_term_string}\"},\"query-input\":{\"@type\":\"PropertyValueSpecification\",\"valueRequired\":true,\"valueName\":\"search_term_string\"}}],\"inLanguage\":\"es\"}]}<\/script>\n<!-- \/ Yoast SEO plugin. -->","yoast_head_json":{"title":"Cajas con Resina para Congelados \u203a Cajas Especiales | CART\u00d3N S.A. - Cajas de Cart\u00f3n e Ingenier\u00eda en Empaques en Barranquilla y toda Colombia","description":"Fabricamos cajas de cart\u00f3n recubiertas con resina para almacenamiento de congelados.","robots":{"index":"index","follow":"follow","max-snippet":"max-snippet:-1","max-image-preview":"max-image-preview:large","max-video-preview":"max-video-preview:-1"},"canonical":"https:\/\/cartonsa.com\/es\/cajas-especiales\/cajas-con-resina-para-congelados\/","og_locale":"es_ES","og_type":"article","og_title":"Cajas con Resina para Congelados \u203a Cajas Especiales | CART\u00d3N S.A. - Cajas de Cart\u00f3n e Ingenier\u00eda en Empaques en Barranquilla y toda Colombia","og_description":"Fabricamos cajas de cart\u00f3n recubiertas con resina para almacenamiento de congelados.","og_url":"https:\/\/cartonsa.com\/es\/cajas-especiales\/cajas-con-resina-para-congelados\/","og_site_name":"Cajas de Carton Colombia","article_modified_time":"2019-10-24T00:15:40+00:00","og_image":[{"width":386,"height":330,"url":"https:\/\/cartonsa.com\/es\/wp-content\/uploads\/2017\/12\/carton-sa-cajas-con-resina-para-congelados.jpg","type":"image\/jpeg"}],"twitter_card":"summary_large_image","twitter_title":"Cajas con Resina para Congelados \u203a Cajas Especiales | CART\u00d3N S.A. - Cajas de Cart\u00f3n e Ingenier\u00eda en Empaques en Barranquilla y toda Colombia","twitter_description":"Fabricamos cajas de cart\u00f3n recubiertas con resina para almacenamiento de congelados.","twitter_image":"http:\/\/cartonsa.com\/es\/wp-content\/uploads\/2017\/12\/carton-sa-cajas-con-resina-para-congelados.jpg","schema":{"@context":"https:\/\/schema.org","@graph":[{"@type":"WebPage","@id":"https:\/\/cartonsa.com\/es\/cajas-especiales\/cajas-con-resina-para-congelados\/","url":"https:\/\/cartonsa.com\/es\/cajas-especiales\/cajas-con-resina-para-congelados\/","name":"Cajas con Resina para Congelados \u203a Cajas Especiales | CART\u00d3N S.A. - Cajas de Cart\u00f3n e Ingenier\u00eda en Empaques en Barranquilla y toda Colombia","isPartOf":{"@id":"https:\/\/cartonsa.com\/es\/#website"},"primaryImageOfPage":{"@id":"https:\/\/cartonsa.com\/es\/cajas-especiales\/cajas-con-resina-para-congelados\/#primaryimage"},"image":{"@id":"https:\/\/cartonsa.com\/es\/cajas-especiales\/cajas-con-resina-para-congelados\/#primaryimage"},"thumbnailUrl":"https:\/\/cartonsa.com\/es\/wp-content\/uploads\/2017\/12\/carton-sa-cajas-con-resina-para-congelados.jpg","datePublished":"2017-07-31T16:10:28+00:00","dateModified":"2019-10-24T00:15:40+00:00","description":"Fabricamos cajas de cart\u00f3n recubiertas con resina para almacenamiento de congelados.","breadcrumb":{"@id":"https:\/\/cartonsa.com\/es\/cajas-especiales\/cajas-con-resina-para-congelados\/#breadcrumb"},"inLanguage":"es","potentialAction":[{"@type":"ReadAction","target":["https:\/\/cartonsa.com\/es\/cajas-especiales\/cajas-con-resina-para-congelados\/"]}]},{"@type":"ImageObject","inLanguage":"es","@id":"https:\/\/cartonsa.com\/es\/cajas-especiales\/cajas-con-resina-para-congelados\/#primaryimage","url":"https:\/\/cartonsa.com\/es\/wp-content\/uploads\/2017\/12\/carton-sa-cajas-con-resina-para-congelados.jpg","contentUrl":"https:\/\/cartonsa.com\/es\/wp-content\/uploads\/2017\/12\/carton-sa-cajas-con-resina-para-congelados.jpg","width":386,"height":330,"caption":"Cajas con Resina para Congelados \u2013 Cart\u00f3n S.A."},{"@type":"BreadcrumbList","@id":"https:\/\/cartonsa.com\/es\/cajas-especiales\/cajas-con-resina-para-congelados\/#breadcrumb","itemListElement":[{"@type":"ListItem","position":1,"name":"Inicio","item":"https:\/\/cartonsa.com\/es\/"},{"@type":"ListItem","position":2,"name":"Cajas Especiales","item":"https:\/\/cartonsa.com\/es\/cajas-especiales\/"},{"@type":"ListItem","position":3,"name":"Cajas con Resina para Congelados"}]},{"@type":"WebSite","@id":"https:\/\/cartonsa.com\/es\/#website","url":"https:\/\/cartonsa.com\/es\/","name":"Cajas de Carton Colombia","description":"Fabrica de Cajas de Carton en Colombia","potentialAction":[{"@type":"SearchAction","target":{"@type":"EntryPoint","urlTemplate":"https:\/\/cartonsa.com\/es\/?s={search_term_string}"},"query-input":{"@type":"PropertyValueSpecification","valueRequired":true,"valueName":"search_term_string"}}],"inLanguage":"es"}]}},"_links":{"self":[{"href":"https:\/\/cartonsa.com\/es\/wp-json\/wp\/v2\/pages\/117","targetHints":{"allow":["GET"]}}],"collection":[{"href":"https:\/\/cartonsa.com\/es\/wp-json\/wp\/v2\/pages"}],"about":[{"href":"https:\/\/cartonsa.com\/es\/wp-json\/wp\/v2\/types\/page"}],"author":[{"embeddable":true,"href":"https:\/\/cartonsa.com\/es\/wp-json\/wp\/v2\/users\/1"}],"replies":[{"embeddable":true,"href":"https:\/\/cartonsa.com\/es\/wp-json\/wp\/v2\/comments?post=117"}],"version-history":[{"count":12,"href":"https:\/\/cartonsa.com\/es\/wp-json\/wp\/v2\/pages\/117\/revisions"}],"predecessor-version":[{"id":1458,"href":"https:\/\/cartonsa.com\/es\/wp-json\/wp\/v2\/pages\/117\/revisions\/1458"}],"up":[{"embeddable":true,"href":"https:\/\/cartonsa.com\/es\/wp-json\/wp\/v2\/pages\/131"}],"wp:featuredmedia":[{"embeddable":true,"href":"https:\/\/cartonsa.com\/es\/wp-json\/wp\/v2\/media\/586"}],"wp:attachment":[{"href":"https:\/\/cartonsa.com\/es\/wp-json\/wp\/v2\/media?parent=117"}],"curies":[{"name":"wp","href":"https:\/\/api.w.org\/{rel}","templated":true}]}}