{"id":12,"date":"2017-05-12T23:12:34","date_gmt":"2017-05-12T23:12:34","guid":{"rendered":"http:\/\/cartonsa.com\/es\/?page_id=12"},"modified":"2024-04-08T22:53:29","modified_gmt":"2024-04-08T22:53:29","slug":"cajas-de-carton","status":"publish","type":"page","link":"https:\/\/cartonsa.com\/es\/cajas-de-carton\/","title":{"rendered":"Cajas de Cart\u00f3n"},"content":{"rendered":"<div id=\"row-migas-de-pan\">\n<div class=\"col-md-12\">\n<nav id=\"box-migas-pan\">\n            <a href=\"http:\/\/cartonsa.com\/es\/carton\/\" class=\"pri-mp\" title=\"Inicio\">Inicio<\/a><br \/>\n            <span class=\"fle-mp\"><i class=\"material-icons\">chevron_right<\/i><\/span><br \/>\n            <span class=\"actual-mp\">Cajas de Cart\u00f3n<\/span><br \/>\n        <\/nav>\n<\/p><\/div>\n<\/div>\n<div id=\"row-titulo-paginas\" class=\"bg-02\">\n<div class=\"col-md-12\">\n<section>\n<h2 class=\"titulo-h2\">Cajas de Cart\u00f3n<\/h2>\n<p>Conozca todos los tipos de Cajas de Cart\u00f3n que ofrecemos para  dar soluci\u00f3n a sus necesidades y requerimientos en proyectos comerciales.<\/p>\n<\/section><\/div>\n<\/div>\n<section id=\"row-contenidos-int\">\n<article>\n<figure>\n            <img fetchpriority=\"high\" decoding=\"async\" src=\"http:\/\/cartonsa.com\/es\/wp-content\/uploads\/2017\/12\/carton-sa-cajas-de-carton-regular.jpg\" width=\"250\" height=\"214\" alt=\"Cajas de Cart\u00f3n Corrugado Barranquilla\"><\/p>\n<div class=\"box-txt-nav\">\n<h3>Cajas de Cart\u00f3n Corrugado barranquilla<\/h3>\n<p>Fabricamos Cajas de Cart\u00f3n Corrugado con altos est\u00e1ndares de calidad y bajo especificaciones y requerimientos de nuestros clientes.<\/p>\n<p>                <a href=\"http:\/\/cartonsa.com\/es\/cajas-de-carton\/cajas-de-carton-corrugado\/\" lang=\"es\" title=\"Cajas de Cart\u00f3n Corrugado\">Ver m\u00e1s<\/a>\n            <\/div>\n<\/figure>\n<figure>\n            <img decoding=\"async\" src=\"http:\/\/cartonsa.com\/es\/wp-content\/uploads\/2017\/12\/carton-sa-cajas-para-envios.jpg\" width=\"250\" height=\"214\" alt=\"Cajas para Env\u00edos\"><\/p>\n<div class=\"box-txt-nav\">\n<h3>Cajas para Env\u00edos<\/h3>\n<p>Contamos con cajas especialmente dise\u00f1adas para env\u00edos de mercanc\u00edas de diferente naturaleza y especificaciones.<\/p>\n<p>                <a href=\"http:\/\/cartonsa.com\/es\/cajas-de-carton\/cajas-para-envios\/\" lang=\"es\" title=\"Cajas para Env\u00edos\">Ver m\u00e1s<\/a>\n            <\/div>\n<\/figure>\n<figure>\n            <img decoding=\"async\" src=\"http:\/\/cartonsa.com\/es\/wp-content\/uploads\/2017\/12\/carton-sa-cajas-para-exportacion.jpg\" width=\"250\" height=\"214\" alt=\"Cajas para Exportaci\u00f3n\"><\/p>\n<div class=\"box-txt-nav\">\n<h3>Cajas para Exportaci\u00f3n<\/h3>\n<p>Producimos cajas de cart\u00f3n ideales para exportaci\u00f3n de mercanc\u00edas, en materiales altamente resistentes y especificaciones especiales.<\/p>\n<p>                <a href=\"http:\/\/cartonsa.com\/es\/cajas-de-carton\/cajas-para-exportacion\/\" lang=\"es\" title=\"Cajas para Exportaci\u00f3n\">Ver m\u00e1s<\/a>\n            <\/div>\n<\/figure>\n<figure>\n            <img loading=\"lazy\" decoding=\"async\" src=\"http:\/\/cartonsa.com\/es\/wp-content\/uploads\/2017\/12\/carton-sa-cajas-para-archivos.jpg\" width=\"250\" height=\"214\" alt=\"Cajas para Archivo Barranquilla\"><\/p>\n<div class=\"box-txt-nav\">\n<h3>Cajas para Archivo Barraquilla<\/h3>\n<p>Fabricamos cajas para archivos y gesti\u00f3n documental en diferentes medidas y con diferentes acabados.<\/p>\n<p>                <a href=\"http:\/\/cartonsa.com\/es\/cajas-de-carton\/cajas-para-archivos\/\" lang=\"es\" title=\"Cajas para Archivos\">Ver m\u00e1s<\/a>\n            <\/div>\n<\/figure>\n<figure>\n            <img loading=\"lazy\" decoding=\"async\" src=\"http:\/\/cartonsa.com\/es\/wp-content\/uploads\/2017\/12\/carton-sa-cajas-para-zapatos.jpg\" width=\"250\" height=\"214\" alt=\"Cajas para Zapatos\"><\/p>\n<div class=\"box-txt-nav\">\n<h3>Cajas para Zapatos<\/h3>\n<p>Dise\u00f1amos y producimos cajas para zapatos, sandalias, botas y todo tipo de calzado, personalizadas con la identidad gr\u00e1fica seg\u00fan requerimientos.<\/p>\n<p>                <a href=\"http:\/\/cartonsa.com\/es\/cajas-de-carton\/cajas-para-zapatos\/\" lang=\"es\" title=\"Cajas para Zapatos\">Ver m\u00e1s<\/a>\n            <\/div>\n<\/figure>\n<figure>\n            <img loading=\"lazy\" decoding=\"async\" src=\"http:\/\/cartonsa.com\/es\/wp-content\/uploads\/2017\/12\/carton-sa-cajas-para-frutas.jpg\" width=\"250\" height=\"214\" alt=\"Cajas para Frutas\"><\/p>\n<div class=\"box-txt-nav\">\n<h3>Cajas para Frutas<\/h3>\n<p>Producimos cajas para empaque y embalaje de frutas, verduras y alimentos perecederos, ideales para exportaci\u00f3n y almacenamiento en refrigeraci\u00f3n.<\/p>\n<p>                <a href=\"http:\/\/cartonsa.com\/es\/cajas-de-carton\/cajas-para-frutas\/\" lang=\"es\" title=\"Cajas para Frutas\">Ver m\u00e1s<\/a>\n            <\/div>\n<\/figure>\n<figure>\n            <img loading=\"lazy\" decoding=\"async\" src=\"http:\/\/cartonsa.com\/es\/wp-content\/uploads\/2017\/12\/carton-sa-cajas-para-pizza.jpg\" width=\"250\" height=\"214\" alt=\"Cajas para Pizza\"><\/p>\n<div class=\"box-txt-nav\">\n<h3>Cajas para Pizza<\/h3>\n<p>Fabricamos cajas para pizza en todas las medidas del mercado y personalizadas seg\u00fan medidas y acabados solicitados por el cliente.<\/p>\n<p>                <a href=\"http:\/\/cartonsa.com\/es\/cajas-de-carton\/cajas-para-pizza\/\" lang=\"es\" title=\"Cajas para Pizza\">Ver m\u00e1s<\/a>\n            <\/div>\n<\/figure>\n<figure>\n            <img loading=\"lazy\" decoding=\"async\" src=\"http:\/\/cartonsa.com\/es\/wp-content\/uploads\/2017\/12\/carton-sa-cajas-para-desayuno-sorpresa.jpg\" width=\"250\" height=\"214\" alt=\"Cajas para Desayuno Sorpresa\"><\/p>\n<div class=\"box-txt-nav\">\n<h3>Cajas para Desayuno Sorpresa<\/h3>\n<p>Dise\u00f1amos y producimos cajas de cart\u00f3n especiales para desayunos sorpresa y obsequios similares, en diferentes colores y acabados seg\u00fan gusto del cliente.<\/p>\n<p>                <a href=\"http:\/\/cartonsa.com\/es\/cajas-de-carton\/cajas-para-desayuno-sorpresa\/\" lang=\"es\" title=\"Cajas para Desayuno Sorpresa\">Ver m\u00e1s<\/a>\n            <\/div>\n<\/figure>\n<figure>\n            <img loading=\"lazy\" decoding=\"async\" src=\"http:\/\/cartonsa.com\/es\/wp-content\/uploads\/2017\/12\/carton-sa-cajas-para-cupcakes.jpg\" width=\"250\" height=\"214\" alt=\"Cajas para Cupcakes\"><\/p>\n<div class=\"box-txt-nav\">\n<h3>Cajas para Cupcakes<\/h3>\n<p>Producimos y personalizamos cajas de cart\u00f3n especiales para cupcakes y galletas, con materiales y acabados de alta calidad.<\/p>\n<p>                <a href=\"http:\/\/cartonsa.com\/es\/cajas-de-carton\/cajas-para-cupcakes\/\" lang=\"es\" title=\"Cajas para Cupcakes\">Ver m\u00e1s<\/a>\n            <\/div>\n<\/figure>\n<figure>\n            <img loading=\"lazy\" decoding=\"async\" src=\"http:\/\/cartonsa.com\/es\/wp-content\/uploads\/2017\/12\/carton-sa-cajas-kits-para-comidas.jpg\" width=\"250\" height=\"214\" alt=\"Cajas para Kits de Comidas\"><\/p>\n<div class=\"box-txt-nav\">\n<h3>Cajas para Kits de Comidas<\/h3>\n<p>Fabricamos cajas especiales para kits de comidas para restaurantes y evento, en diferentes formas, colores y metariales.<\/p>\n<p>                <a href=\"http:\/\/cartonsa.com\/es\/cajas-de-carton\/cajas-para-kits-de-comidas\/\" lang=\"es\" title=\"Cajas para Kits de Comidas\">Ver m\u00e1s<\/a>\n            <\/div>\n<\/figure>\n<figure>\n            <img loading=\"lazy\" decoding=\"async\" src=\"http:\/\/cartonsa.com\/es\/wp-content\/uploads\/2017\/12\/carton-sa-cajas-para-tortas.jpg\" width=\"250\" height=\"214\" alt=\"Cajas para Tortas\"><\/p>\n<div class=\"box-txt-nav\">\n<h3>Cajas para Tortas<\/h3>\n<p>Producimos cajas para tortas en diferentes tama\u00f1os y con opciones de personalizaci\u00f3n seg\u00fan identidad corporativa y estilo de empaques.<\/p>\n<p>                <a href=\"http:\/\/cartonsa.com\/es\/cajas-de-carton\/cajas-para-tortas\/\" lang=\"es\" title=\"Cajas para Tortas\">Ver m\u00e1s<\/a>\n            <\/div>\n<\/figure>\n<figure>\n            <img loading=\"lazy\" decoding=\"async\" src=\"http:\/\/cartonsa.com\/es\/wp-content\/uploads\/2017\/12\/carton-sa-cajas-sobre-medidas.jpg\" width=\"250\" height=\"214\" alt=\"Cajas sobre Medidas\"><\/p>\n<div class=\"box-txt-nav\">\n<h3>Cajas sobre Medidas<\/h3>\n<p>Fabricamos cajas sobre medidas en diferentes tipos de cart\u00f3n y con opciones de personalizaci\u00f3n seg\u00fan necesidades de nuestros clientes.<\/p>\n<p>                <a href=\"http:\/\/cartonsa.com\/es\/cajas-de-carton\/cajas-sobre-medidas\/\" lang=\"es\" title=\"Cajas sobre Medidas\">Ver m\u00e1s<\/a>\n            <\/div>\n<\/figure>\n<\/article>\n<\/section>\n","protected":false},"excerpt":{"rendered":"<p>Inicio chevron_right Cajas de Cart\u00f3n Cajas de Cart\u00f3n Conozca todos los tipos de Cajas de Cart\u00f3n que ofrecemos para dar soluci\u00f3n a sus necesidades y requerimientos en proyectos comerciales. Cajas de Cart\u00f3n Corrugado barranquilla Fabricamos Cajas de Cart\u00f3n Corrugado con altos est\u00e1ndares de calidad y bajo especificaciones y requerimientos de nuestros clientes. Ver m\u00e1s Cajas [&hellip;]<\/p>\n","protected":false},"author":1,"featured_media":587,"parent":0,"menu_order":0,"comment_status":"closed","ping_status":"closed","template":"","meta":{"_joinchat":[],"footnotes":""},"class_list":["post-12","page","type-page","status-publish","has-post-thumbnail","hentry"],"yoast_head":"<!-- This site is optimized with the Yoast SEO plugin v27.5 - https:\/\/yoast.com\/product\/yoast-seo-wordpress\/ -->\n<title>Cajas de Cart\u00f3n Barranquilla - Env\u00edo Gratis A toda Barranquilla<\/title>\n<meta name=\"description\" content=\"Cajas de carton, Calle 30 km 7 Cont\u00e1ctanos en Barranquilla al PBX: 3005005040 Cajas para Banano, Limon, Desde $350 pesos, Domicilio Gratis desde 30 unidades.\" \/>\n<meta name=\"robots\" content=\"index, follow, max-snippet:-1, max-image-preview:large, max-video-preview:-1\" \/>\n<link rel=\"canonical\" href=\"https:\/\/cartonsa.com\/es\/cajas-de-carton\/\" \/>\n<meta property=\"og:locale\" content=\"es_ES\" \/>\n<meta property=\"og:type\" content=\"article\" \/>\n<meta property=\"og:title\" content=\"Cajas de Cart\u00f3n | CART\u00d3N S.A. - Cajas de Cart\u00f3n e Ingenier\u00eda en Empaques en Barranquilla y toda Colombia\" \/>\n<meta property=\"og:description\" content=\"Conozca todos los tipos de Cajas de Cart\u00f3n que ofrecemos para dar soluci\u00f3n a sus necesidades y requerimientos en proyectos comerciales.\" \/>\n<meta property=\"og:url\" content=\"https:\/\/cartonsa.com\/es\/cajas-de-carton\/\" \/>\n<meta property=\"og:site_name\" content=\"Cajas de Carton Colombia\" \/>\n<meta property=\"article:modified_time\" content=\"2024-04-08T22:53:29+00:00\" \/>\n<meta property=\"og:image\" content=\"https:\/\/cartonsa.com\/es\/wp-content\/uploads\/2017\/12\/carton-sa-cajas-de-carton-regular.jpg\" \/>\n\t<meta property=\"og:image:width\" content=\"386\" \/>\n\t<meta property=\"og:image:height\" content=\"330\" \/>\n\t<meta property=\"og:image:type\" content=\"image\/jpeg\" \/>\n<meta name=\"twitter:card\" content=\"summary_large_image\" \/>\n<meta name=\"twitter:title\" content=\"Cajas de Cart\u00f3n | CART\u00d3N S.A. - Cajas de Cart\u00f3n e Ingenier\u00eda en Empaques en Barranquilla y toda Colombia\" \/>\n<meta name=\"twitter:description\" content=\"Conozca todos los tipos de Cajas de Cart\u00f3n que ofrecemos para dar soluci\u00f3n a sus necesidades y requerimientos en proyectos comerciales.\" \/>\n<meta name=\"twitter:image\" content=\"http:\/\/cartonsa.com\/es\/wp-content\/uploads\/2017\/12\/carton-sa-cajas-de-carton-regular.jpg\" \/>\n<meta name=\"twitter:label1\" content=\"Tiempo de lectura\" \/>\n\t<meta name=\"twitter:data1\" content=\"5 minutos\" \/>\n<script type=\"application\/ld+json\" class=\"yoast-schema-graph\">{\"@context\":\"https:\\\/\\\/schema.org\",\"@graph\":[{\"@type\":\"WebPage\",\"@id\":\"https:\\\/\\\/cartonsa.com\\\/es\\\/cajas-de-carton\\\/\",\"url\":\"https:\\\/\\\/cartonsa.com\\\/es\\\/cajas-de-carton\\\/\",\"name\":\"Cajas de Cart\u00f3n Barranquilla - Env\u00edo Gratis A toda Barranquilla\",\"isPartOf\":{\"@id\":\"https:\\\/\\\/cartonsa.com\\\/es\\\/#website\"},\"primaryImageOfPage\":{\"@id\":\"https:\\\/\\\/cartonsa.com\\\/es\\\/cajas-de-carton\\\/#primaryimage\"},\"image\":{\"@id\":\"https:\\\/\\\/cartonsa.com\\\/es\\\/cajas-de-carton\\\/#primaryimage\"},\"thumbnailUrl\":\"https:\\\/\\\/cartonsa.com\\\/es\\\/wp-content\\\/uploads\\\/2017\\\/12\\\/carton-sa-cajas-de-carton-regular.jpg\",\"datePublished\":\"2017-05-12T23:12:34+00:00\",\"dateModified\":\"2024-04-08T22:53:29+00:00\",\"description\":\"Cajas de carton, Calle 30 km 7 Cont\u00e1ctanos en Barranquilla al PBX: 3005005040 Cajas para Banano, Limon, Desde $350 pesos, Domicilio Gratis desde 30 unidades.\",\"breadcrumb\":{\"@id\":\"https:\\\/\\\/cartonsa.com\\\/es\\\/cajas-de-carton\\\/#breadcrumb\"},\"inLanguage\":\"es\",\"potentialAction\":[{\"@type\":\"ReadAction\",\"target\":[\"https:\\\/\\\/cartonsa.com\\\/es\\\/cajas-de-carton\\\/\"]}]},{\"@type\":\"ImageObject\",\"inLanguage\":\"es\",\"@id\":\"https:\\\/\\\/cartonsa.com\\\/es\\\/cajas-de-carton\\\/#primaryimage\",\"url\":\"https:\\\/\\\/cartonsa.com\\\/es\\\/wp-content\\\/uploads\\\/2017\\\/12\\\/carton-sa-cajas-de-carton-regular.jpg\",\"contentUrl\":\"https:\\\/\\\/cartonsa.com\\\/es\\\/wp-content\\\/uploads\\\/2017\\\/12\\\/carton-sa-cajas-de-carton-regular.jpg\",\"width\":386,\"height\":330,\"caption\":\"Cajas de Cart\u00f3n Regular \u2013 Cart\u00f3n S.A.\"},{\"@type\":\"BreadcrumbList\",\"@id\":\"https:\\\/\\\/cartonsa.com\\\/es\\\/cajas-de-carton\\\/#breadcrumb\",\"itemListElement\":[{\"@type\":\"ListItem\",\"position\":1,\"name\":\"Inicio\",\"item\":\"https:\\\/\\\/cartonsa.com\\\/es\\\/\"},{\"@type\":\"ListItem\",\"position\":2,\"name\":\"Cajas de Cart\u00f3n\"}]},{\"@type\":\"WebSite\",\"@id\":\"https:\\\/\\\/cartonsa.com\\\/es\\\/#website\",\"url\":\"https:\\\/\\\/cartonsa.com\\\/es\\\/\",\"name\":\"Cajas de Carton Colombia\",\"description\":\"Fabrica de Cajas de Carton en Colombia\",\"potentialAction\":[{\"@type\":\"SearchAction\",\"target\":{\"@type\":\"EntryPoint\",\"urlTemplate\":\"https:\\\/\\\/cartonsa.com\\\/es\\\/?s={search_term_string}\"},\"query-input\":{\"@type\":\"PropertyValueSpecification\",\"valueRequired\":true,\"valueName\":\"search_term_string\"}}],\"inLanguage\":\"es\"}]}<\/script>\n<!-- \/ Yoast SEO plugin. -->","yoast_head_json":{"title":"Cajas de Cart\u00f3n Barranquilla - Env\u00edo Gratis A toda Barranquilla","description":"Cajas de carton, Calle 30 km 7 Cont\u00e1ctanos en Barranquilla al PBX: 3005005040 Cajas para Banano, Limon, Desde $350 pesos, Domicilio Gratis desde 30 unidades.","robots":{"index":"index","follow":"follow","max-snippet":"max-snippet:-1","max-image-preview":"max-image-preview:large","max-video-preview":"max-video-preview:-1"},"canonical":"https:\/\/cartonsa.com\/es\/cajas-de-carton\/","og_locale":"es_ES","og_type":"article","og_title":"Cajas de Cart\u00f3n | CART\u00d3N S.A. - Cajas de Cart\u00f3n e Ingenier\u00eda en Empaques en Barranquilla y toda Colombia","og_description":"Conozca todos los tipos de Cajas de Cart\u00f3n que ofrecemos para dar soluci\u00f3n a sus necesidades y requerimientos en proyectos comerciales.","og_url":"https:\/\/cartonsa.com\/es\/cajas-de-carton\/","og_site_name":"Cajas de Carton Colombia","article_modified_time":"2024-04-08T22:53:29+00:00","og_image":[{"width":386,"height":330,"url":"https:\/\/cartonsa.com\/es\/wp-content\/uploads\/2017\/12\/carton-sa-cajas-de-carton-regular.jpg","type":"image\/jpeg"}],"twitter_card":"summary_large_image","twitter_title":"Cajas de Cart\u00f3n | CART\u00d3N S.A. - Cajas de Cart\u00f3n e Ingenier\u00eda en Empaques en Barranquilla y toda Colombia","twitter_description":"Conozca todos los tipos de Cajas de Cart\u00f3n que ofrecemos para dar soluci\u00f3n a sus necesidades y requerimientos en proyectos comerciales.","twitter_image":"http:\/\/cartonsa.com\/es\/wp-content\/uploads\/2017\/12\/carton-sa-cajas-de-carton-regular.jpg","twitter_misc":{"Tiempo de lectura":"5 minutos"},"schema":{"@context":"https:\/\/schema.org","@graph":[{"@type":"WebPage","@id":"https:\/\/cartonsa.com\/es\/cajas-de-carton\/","url":"https:\/\/cartonsa.com\/es\/cajas-de-carton\/","name":"Cajas de Cart\u00f3n Barranquilla - Env\u00edo Gratis A toda Barranquilla","isPartOf":{"@id":"https:\/\/cartonsa.com\/es\/#website"},"primaryImageOfPage":{"@id":"https:\/\/cartonsa.com\/es\/cajas-de-carton\/#primaryimage"},"image":{"@id":"https:\/\/cartonsa.com\/es\/cajas-de-carton\/#primaryimage"},"thumbnailUrl":"https:\/\/cartonsa.com\/es\/wp-content\/uploads\/2017\/12\/carton-sa-cajas-de-carton-regular.jpg","datePublished":"2017-05-12T23:12:34+00:00","dateModified":"2024-04-08T22:53:29+00:00","description":"Cajas de carton, Calle 30 km 7 Cont\u00e1ctanos en Barranquilla al PBX: 3005005040 Cajas para Banano, Limon, Desde $350 pesos, Domicilio Gratis desde 30 unidades.","breadcrumb":{"@id":"https:\/\/cartonsa.com\/es\/cajas-de-carton\/#breadcrumb"},"inLanguage":"es","potentialAction":[{"@type":"ReadAction","target":["https:\/\/cartonsa.com\/es\/cajas-de-carton\/"]}]},{"@type":"ImageObject","inLanguage":"es","@id":"https:\/\/cartonsa.com\/es\/cajas-de-carton\/#primaryimage","url":"https:\/\/cartonsa.com\/es\/wp-content\/uploads\/2017\/12\/carton-sa-cajas-de-carton-regular.jpg","contentUrl":"https:\/\/cartonsa.com\/es\/wp-content\/uploads\/2017\/12\/carton-sa-cajas-de-carton-regular.jpg","width":386,"height":330,"caption":"Cajas de Cart\u00f3n Regular \u2013 Cart\u00f3n S.A."},{"@type":"BreadcrumbList","@id":"https:\/\/cartonsa.com\/es\/cajas-de-carton\/#breadcrumb","itemListElement":[{"@type":"ListItem","position":1,"name":"Inicio","item":"https:\/\/cartonsa.com\/es\/"},{"@type":"ListItem","position":2,"name":"Cajas de Cart\u00f3n"}]},{"@type":"WebSite","@id":"https:\/\/cartonsa.com\/es\/#website","url":"https:\/\/cartonsa.com\/es\/","name":"Cajas de Carton Colombia","description":"Fabrica de Cajas de Carton en Colombia","potentialAction":[{"@type":"SearchAction","target":{"@type":"EntryPoint","urlTemplate":"https:\/\/cartonsa.com\/es\/?s={search_term_string}"},"query-input":{"@type":"PropertyValueSpecification","valueRequired":true,"valueName":"search_term_string"}}],"inLanguage":"es"}]}},"_links":{"self":[{"href":"https:\/\/cartonsa.com\/es\/wp-json\/wp\/v2\/pages\/12","targetHints":{"allow":["GET"]}}],"collection":[{"href":"https:\/\/cartonsa.com\/es\/wp-json\/wp\/v2\/pages"}],"about":[{"href":"https:\/\/cartonsa.com\/es\/wp-json\/wp\/v2\/types\/page"}],"author":[{"embeddable":true,"href":"https:\/\/cartonsa.com\/es\/wp-json\/wp\/v2\/users\/1"}],"replies":[{"embeddable":true,"href":"https:\/\/cartonsa.com\/es\/wp-json\/wp\/v2\/comments?post=12"}],"version-history":[{"count":52,"href":"https:\/\/cartonsa.com\/es\/wp-json\/wp\/v2\/pages\/12\/revisions"}],"predecessor-version":[{"id":1545,"href":"https:\/\/cartonsa.com\/es\/wp-json\/wp\/v2\/pages\/12\/revisions\/1545"}],"wp:featuredmedia":[{"embeddable":true,"href":"https:\/\/cartonsa.com\/es\/wp-json\/wp\/v2\/media\/587"}],"wp:attachment":[{"href":"https:\/\/cartonsa.com\/es\/wp-json\/wp\/v2\/media?parent=12"}],"curies":[{"name":"wp","href":"https:\/\/api.w.org\/{rel}","templated":true}]}}