{"id":172,"date":"2017-08-09T18:38:02","date_gmt":"2017-08-09T18:38:02","guid":{"rendered":"http:\/\/cartonsa.com\/es\/?page_id=172"},"modified":"2019-10-24T01:40:03","modified_gmt":"2019-10-24T01:40:03","slug":"nuevos-materiales-para-empaques","status":"publish","type":"page","link":"https:\/\/cartonsa.com\/es\/innovacion\/nuevos-materiales-para-empaques\/","title":{"rendered":"Nuevos Materiales para Empaques"},"content":{"rendered":"<div id=\"row-migas-de-pan\">\n<div class=\"col-md-12\">\n<nav id=\"box-migas-pan\">\n            <a href=\"https:\/\/cartonsa.com\/es\/\" class=\"pri-mp\" title=\"Inicio\">Inicio<\/a><br \/>\n            <span class=\"fle-mp\"><i class=\"material-icons\">chevron_right<\/i><\/span><br \/>\n            <a href=\"https:\/\/cartonsa.com\/es\/innovacion\/\" class=\"pri-mp\" title=\"Innovaci\u00f3n\">Innovaci\u00f3n<\/a><br \/>\n            <span class=\"fle-mp\"><i class=\"material-icons\">chevron_right<\/i><\/span><br \/>\n            <span class=\"actual-mp\">Nuevos Materiales para Empaques<\/span><br \/>\n        <\/nav>\n<\/p><\/div>\n<\/div>\n<div id=\"row-titulo-paginas\" class=\"bg-05\">\n<div class=\"col-md-12\">\n<section>\n<h2 class=\"titulo-h2\">Nuevos Materiales para Empaques<\/h2>\n<p>Desarrollamos <strong>empaques con materiales innovadores y de alta resistencia<\/strong>, explorando siempre nuevas alternativas y acabados en nuestros proyectos.<\/p>\n<\/section><\/div>\n<\/div>\n<section id=\"box-fotos-int\">\n<article id=\"box-fotos-left\">\n        <a data-fancybox=\"galeria\" data-caption=\"Dise\u00f1o de Empaques - Innovaci\u00f3n\" href=\"https:\/\/cartonsa.com\/es\/wp-content\/uploads\/2018\/01\/carton-sa-ingenieria-de-empaques.jpg\" lang=\"es\" title=\"Dise\u00f1o de Empaques - Innovaci\u00f3n\"><br \/>\n            <img fetchpriority=\"high\" decoding=\"async\" src=\"https:\/\/cartonsa.com\/es\/wp-content\/uploads\/2018\/01\/carton-sa-ingenieria-de-empaques.jpg\" width=\"290\" height=\"290\" alt=\"Dise\u00f1o de Empaques - Innovaci\u00f3n\"><br \/>\n        <\/a><br \/>\n        <a data-fancybox=\"galeria\" data-caption=\"Dise\u00f1o de Empaques - Innovaci\u00f3n\" href=\"https:\/\/cartonsa.com\/es\/wp-content\/uploads\/2018\/01\/carton-sa-nuevos-materiales-para-empaques.jpg\" lang=\"es\" title=\"Dise\u00f1o de Empaques - Innovaci\u00f3n\"><br \/>\n            <img decoding=\"async\" src=\"https:\/\/cartonsa.com\/es\/wp-content\/uploads\/2018\/01\/carton-sa-nuevos-materiales-para-empaques.jpg\" width=\"290\" height=\"290\" alt=\"Dise\u00f1o de Empaques - Innovaci\u00f3n\"><br \/>\n        <\/a><br \/>\n        <a data-fancybox=\"galeria\" data-caption=\"Dise\u00f1o de Empaques - Innovaci\u00f3n\" href=\"https:\/\/cartonsa.com\/es\/wp-content\/uploads\/2018\/01\/carton-sa-desarrollo-de-empaques.jpg\" lang=\"es\" title=\"Dise\u00f1o de Empaques - Innovaci\u00f3n\"><br \/>\n            <img decoding=\"async\" src=\"https:\/\/cartonsa.com\/es\/wp-content\/uploads\/2018\/01\/carton-sa-desarrollo-de-empaques.jpg\" width=\"290\" height=\"290\" alt=\"Dise\u00f1o de Empaques - Innovaci\u00f3n\"><br \/>\n        <\/a><br \/>\n        <a data-fancybox=\"galeria\" data-caption=\"Dise\u00f1o de Empaques - Innovaci\u00f3n\" href=\"https:\/\/cartonsa.com\/es\/wp-content\/uploads\/2018\/01\/carton-sa-diseno-de-empaques.jpg\" lang=\"es\" title=\"Dise\u00f1o de Empaques - Innovaci\u00f3n\"><br \/>\n            <img loading=\"lazy\" decoding=\"async\" src=\"https:\/\/cartonsa.com\/es\/wp-content\/uploads\/2018\/01\/carton-sa-diseno-de-empaques.jpg\" width=\"290\" height=\"290\" alt=\"Dise\u00f1o de Empaques - Innovaci\u00f3n\"><br \/>\n        <\/a><br \/>\n        <a data-fancybox=\"galeria\" data-caption=\"Dise\u00f1o de Empaques - Innovaci\u00f3n\" href=\"https:\/\/cartonsa.com\/es\/wp-content\/uploads\/2018\/01\/carton-sa-nuevos-productos-carton-sa.jpg\" lang=\"es\" title=\"Dise\u00f1o de Empaques - Innovaci\u00f3n\"><br \/>\n            <img loading=\"lazy\" decoding=\"async\" src=\"https:\/\/cartonsa.com\/es\/wp-content\/uploads\/2018\/01\/carton-sa-nuevos-productos-carton-sa.jpg\" width=\"290\" height=\"290\" alt=\"Dise\u00f1o de Empaques - Innovaci\u00f3n\"><br \/>\n        <\/a><br \/>\n    <\/article>\n<article id=\"box-fotos-right\">\n<div id=\"box-cotizacion-int\">\n            \n<div class=\"wpcf7 no-js\" id=\"wpcf7-f1074-o1\" lang=\"es-ES\" dir=\"ltr\" data-wpcf7-id=\"1074\">\n<div class=\"screen-reader-response\"><p role=\"status\" aria-live=\"polite\" aria-atomic=\"true\"><\/p> <ul><\/ul><\/div>\n<form action=\"\/es\/wp-json\/wp\/v2\/pages\/172#wpcf7-f1074-o1\" method=\"post\" class=\"wpcf7-form init\" aria-label=\"Formulario de contacto\" novalidate=\"novalidate\" data-status=\"init\">\n<fieldset class=\"hidden-fields-container\"><input type=\"hidden\" name=\"_wpcf7\" value=\"1074\" \/><input type=\"hidden\" name=\"_wpcf7_version\" value=\"6.1.5\" \/><input type=\"hidden\" name=\"_wpcf7_locale\" value=\"es_ES\" \/><input type=\"hidden\" name=\"_wpcf7_unit_tag\" value=\"wpcf7-f1074-o1\" \/><input type=\"hidden\" name=\"_wpcf7_container_post\" value=\"0\" \/><input type=\"hidden\" name=\"_wpcf7_posted_data_hash\" value=\"\" \/>\n<\/fieldset>\n<p><span class=\"wpcf7-form-control-wrap\" data-name=\"text-397\"><input size=\"40\" maxlength=\"400\" class=\"wpcf7-form-control wpcf7-text wpcf7-validates-as-required\" aria-required=\"true\" aria-invalid=\"false\" placeholder=\"Producto Escogido(*)\" value=\"\" type=\"text\" name=\"text-397\" \/><\/span><br \/>\n<span class=\"wpcf7-form-control-wrap\" data-name=\"email-773\"><input size=\"40\" maxlength=\"400\" class=\"wpcf7-form-control wpcf7-email wpcf7-validates-as-required wpcf7-text wpcf7-validates-as-email\" aria-required=\"true\" aria-invalid=\"false\" placeholder=\"Correo Electr\u00f3nico(*)\" value=\"\" type=\"email\" name=\"email-773\" \/><\/span><br \/>\n<span class=\"wpcf7-form-control-wrap\" data-name=\"text-398\"><input size=\"40\" maxlength=\"400\" class=\"wpcf7-form-control wpcf7-text wpcf7-validates-as-required\" aria-required=\"true\" aria-invalid=\"false\" placeholder=\"Tel\u00e9fono(*)\" value=\"\" type=\"text\" name=\"text-398\" \/><\/span><br \/>\n<input class=\"wpcf7-form-control wpcf7-submit has-spinner\" type=\"submit\" value=\"Enviar \u00bb\" \/>\n<\/p><div class=\"wpcf7-response-output\" aria-hidden=\"true\"><\/div>\n<\/form>\n<\/div>\n\n        <\/div>\n<nav id=\"nav-right\">\n            <a href=\"https:\/\/cartonsa.com\/es\/cajas-de-carton\/cajas-para-exportacion\/\" lang=\"es\" title=\"Cajas para Exportaci\u00f3n - CART\u00d3N S.A.\"><br \/>\n                <span class=\"nav-right-txt\">Cajas para Exportaci\u00f3n<\/span><br \/>\n                <span class=\"nav-right-cover\"><\/span><br \/>\n                <img loading=\"lazy\" decoding=\"async\" src=\"https:\/\/cartonsa.com\/es\/wp-content\/uploads\/2017\/12\/carton-sa-cajas-para-exportacion-300x256.jpg\" width=\"150\" height=\"128\" alt=\"Cajas para Exportaci\u00f3n - CART\u00d3N S.A.\"><br \/>\n            <\/a><br \/>\n            <a href=\"https:\/\/cartonsa.com\/es\/cajas-de-carton\/cajas-para-cupcakes\/\" lang=\"es\" title=\"Cajas para Cupcakes - CART\u00d3N S.A.\"><br \/>\n                <span class=\"nav-right-txt\">Cajas para Cupcakes<\/span><br \/>\n                <span class=\"nav-right-cover\"><\/span><br \/>\n                <img loading=\"lazy\" decoding=\"async\" src=\"https:\/\/cartonsa.com\/es\/wp-content\/uploads\/2017\/12\/carton-sa-cajas-para-cupcakes-300x256.jpg\" width=\"150\" height=\"128\" alt=\"Cajas para Cupcakes - CART\u00d3N S.A.\"><br \/>\n            <\/a><br \/>\n            <a href=\"https:\/\/cartonsa.com\/es\/cajas-de-carton\/cajas-para-zapatos\/\" lang=\"es\" title=\"Cajas para Zapatos - CART\u00d3N S.A.\"><br \/>\n                <span class=\"nav-right-txt\">Cajas para Zapatos<\/span><br \/>\n                <span class=\"nav-right-cover\"><\/span><br \/>\n                <img loading=\"lazy\" decoding=\"async\" src=\"https:\/\/cartonsa.com\/es\/wp-content\/uploads\/2017\/12\/carton-sa-cajas-para-zapatos-300x256.jpg\" width=\"150\" height=\"128\" alt=\"Cajas para Zapatos - CART\u00d3N S.A.\"><br \/>\n            <\/a><br \/>\n            <a href=\"https:\/\/cartonsa.com\/es\/cajas-de-carton\/cajas-para-frutas\/\" lang=\"es\" title=\"Cajas para Frutas - CART\u00d3N S.A.\"><br \/>\n                <span class=\"nav-right-txt\">Cajas para Frutas<\/span><br \/>\n                <span class=\"nav-right-cover\"><\/span><br \/>\n                <img loading=\"lazy\" decoding=\"async\" src=\"https:\/\/cartonsa.com\/es\/wp-content\/uploads\/2017\/12\/carton-sa-cajas-para-frutas-300x256.jpg\" width=\"150\" height=\"128\" alt=\"Cajas para Frutas - CART\u00d3N S.A.\"><br \/>\n            <\/a><br \/>\n        <\/nav>\n<\/article>\n<\/section>\n","protected":false},"excerpt":{"rendered":"<p>Inicio chevron_right Innovaci\u00f3n chevron_right Nuevos Materiales para Empaques Nuevos Materiales para Empaques Desarrollamos empaques con materiales innovadores y de alta resistencia, explorando siempre nuevas alternativas y acabados en nuestros proyectos. Cajas para Exportaci\u00f3n Cajas para Cupcakes Cajas para Zapatos Cajas para Frutas<\/p>\n","protected":false},"author":1,"featured_media":657,"parent":9,"menu_order":0,"comment_status":"closed","ping_status":"closed","template":"","meta":{"_joinchat":[],"footnotes":""},"class_list":["post-172","page","type-page","status-publish","has-post-thumbnail","hentry"],"yoast_head":"<!-- This site is optimized with the Yoast SEO plugin v27.5 - https:\/\/yoast.com\/product\/yoast-seo-wordpress\/ -->\n<title>Nuevos Materiales para Empaques - Innovaci\u00f3n en Empaques | CART\u00d3N S.A. - Cajas de Cart\u00f3n e Ingenier\u00eda en Empaques en Barranquilla y toda Colombia<\/title>\n<meta name=\"description\" content=\"Desarrollamos empaques con materiales innovadores y de alta resistencia, explorando siempre nuevas alternativas y acabados en nuestros proyectos.\" \/>\n<meta name=\"robots\" content=\"index, follow, max-snippet:-1, max-image-preview:large, max-video-preview:-1\" \/>\n<link rel=\"canonical\" href=\"https:\/\/cartonsa.com\/es\/innovacion\/nuevos-materiales-para-empaques\/\" \/>\n<meta property=\"og:locale\" content=\"es_ES\" \/>\n<meta property=\"og:type\" content=\"article\" \/>\n<meta property=\"og:title\" content=\"Nuevos Materiales para Empaques - Innovaci\u00f3n en Empaques | CART\u00d3N S.A. - Cajas de Cart\u00f3n e Ingenier\u00eda en Empaques en Barranquilla y toda Colombia\" \/>\n<meta property=\"og:description\" content=\"Desarrollamos empaques con materiales innovadores y de alta resistencia, explorando siempre nuevas alternativas y acabados en nuestros proyectos.\" \/>\n<meta property=\"og:url\" content=\"https:\/\/cartonsa.com\/es\/innovacion\/nuevos-materiales-para-empaques\/\" \/>\n<meta property=\"og:site_name\" content=\"Cajas de Carton Colombia\" \/>\n<meta property=\"article:modified_time\" content=\"2019-10-24T01:40:03+00:00\" \/>\n<meta property=\"og:image\" content=\"https:\/\/cartonsa.com\/es\/wp-content\/uploads\/2018\/01\/carton-sa-nuevos-materiales-para-empaques.jpg\" \/>\n\t<meta property=\"og:image:width\" content=\"386\" \/>\n\t<meta property=\"og:image:height\" content=\"330\" \/>\n\t<meta property=\"og:image:type\" content=\"image\/jpeg\" \/>\n<meta name=\"twitter:card\" content=\"summary_large_image\" \/>\n<meta name=\"twitter:title\" content=\"Nuevos Materiales para Empaques - Innovaci\u00f3n en Empaques | CART\u00d3N S.A. - Cajas de Cart\u00f3n e Ingenier\u00eda en Empaques en Barranquilla y toda Colombia\" \/>\n<meta name=\"twitter:description\" content=\"Desarrollamos empaques con materiales innovadores y de alta resistencia, explorando siempre nuevas alternativas y acabados en nuestros proyectos.\" \/>\n<script type=\"application\/ld+json\" class=\"yoast-schema-graph\">{\"@context\":\"https:\\\/\\\/schema.org\",\"@graph\":[{\"@type\":\"WebPage\",\"@id\":\"https:\\\/\\\/cartonsa.com\\\/es\\\/innovacion\\\/nuevos-materiales-para-empaques\\\/\",\"url\":\"https:\\\/\\\/cartonsa.com\\\/es\\\/innovacion\\\/nuevos-materiales-para-empaques\\\/\",\"name\":\"Nuevos Materiales para Empaques - Innovaci\u00f3n en Empaques | CART\u00d3N S.A. - Cajas de Cart\u00f3n e Ingenier\u00eda en Empaques en Barranquilla y toda Colombia\",\"isPartOf\":{\"@id\":\"https:\\\/\\\/cartonsa.com\\\/es\\\/#website\"},\"primaryImageOfPage\":{\"@id\":\"https:\\\/\\\/cartonsa.com\\\/es\\\/innovacion\\\/nuevos-materiales-para-empaques\\\/#primaryimage\"},\"image\":{\"@id\":\"https:\\\/\\\/cartonsa.com\\\/es\\\/innovacion\\\/nuevos-materiales-para-empaques\\\/#primaryimage\"},\"thumbnailUrl\":\"https:\\\/\\\/cartonsa.com\\\/es\\\/wp-content\\\/uploads\\\/2018\\\/01\\\/carton-sa-nuevos-materiales-para-empaques.jpg\",\"datePublished\":\"2017-08-09T18:38:02+00:00\",\"dateModified\":\"2019-10-24T01:40:03+00:00\",\"description\":\"Desarrollamos empaques con materiales innovadores y de alta resistencia, explorando siempre nuevas alternativas y acabados en nuestros proyectos.\",\"breadcrumb\":{\"@id\":\"https:\\\/\\\/cartonsa.com\\\/es\\\/innovacion\\\/nuevos-materiales-para-empaques\\\/#breadcrumb\"},\"inLanguage\":\"es\",\"potentialAction\":[{\"@type\":\"ReadAction\",\"target\":[\"https:\\\/\\\/cartonsa.com\\\/es\\\/innovacion\\\/nuevos-materiales-para-empaques\\\/\"]}]},{\"@type\":\"ImageObject\",\"inLanguage\":\"es\",\"@id\":\"https:\\\/\\\/cartonsa.com\\\/es\\\/innovacion\\\/nuevos-materiales-para-empaques\\\/#primaryimage\",\"url\":\"https:\\\/\\\/cartonsa.com\\\/es\\\/wp-content\\\/uploads\\\/2018\\\/01\\\/carton-sa-nuevos-materiales-para-empaques.jpg\",\"contentUrl\":\"https:\\\/\\\/cartonsa.com\\\/es\\\/wp-content\\\/uploads\\\/2018\\\/01\\\/carton-sa-nuevos-materiales-para-empaques.jpg\",\"width\":386,\"height\":330,\"caption\":\"Nuevos Materiales para Empaques \u2013 Innovaci\u00f3n en Empaques | Cart\u00f3n S.A.\"},{\"@type\":\"BreadcrumbList\",\"@id\":\"https:\\\/\\\/cartonsa.com\\\/es\\\/innovacion\\\/nuevos-materiales-para-empaques\\\/#breadcrumb\",\"itemListElement\":[{\"@type\":\"ListItem\",\"position\":1,\"name\":\"Inicio\",\"item\":\"https:\\\/\\\/cartonsa.com\\\/es\\\/\"},{\"@type\":\"ListItem\",\"position\":2,\"name\":\"Innovaci\u00f3n\",\"item\":\"https:\\\/\\\/cartonsa.com\\\/es\\\/innovacion\\\/\"},{\"@type\":\"ListItem\",\"position\":3,\"name\":\"Nuevos Materiales para Empaques\"}]},{\"@type\":\"WebSite\",\"@id\":\"https:\\\/\\\/cartonsa.com\\\/es\\\/#website\",\"url\":\"https:\\\/\\\/cartonsa.com\\\/es\\\/\",\"name\":\"Cajas de Carton Colombia\",\"description\":\"Fabrica de Cajas de Carton en Colombia\",\"potentialAction\":[{\"@type\":\"SearchAction\",\"target\":{\"@type\":\"EntryPoint\",\"urlTemplate\":\"https:\\\/\\\/cartonsa.com\\\/es\\\/?s={search_term_string}\"},\"query-input\":{\"@type\":\"PropertyValueSpecification\",\"valueRequired\":true,\"valueName\":\"search_term_string\"}}],\"inLanguage\":\"es\"}]}<\/script>\n<!-- \/ Yoast SEO plugin. -->","yoast_head_json":{"title":"Nuevos Materiales para Empaques - Innovaci\u00f3n en Empaques | CART\u00d3N S.A. - Cajas de Cart\u00f3n e Ingenier\u00eda en Empaques en Barranquilla y toda Colombia","description":"Desarrollamos empaques con materiales innovadores y de alta resistencia, explorando siempre nuevas alternativas y acabados en nuestros proyectos.","robots":{"index":"index","follow":"follow","max-snippet":"max-snippet:-1","max-image-preview":"max-image-preview:large","max-video-preview":"max-video-preview:-1"},"canonical":"https:\/\/cartonsa.com\/es\/innovacion\/nuevos-materiales-para-empaques\/","og_locale":"es_ES","og_type":"article","og_title":"Nuevos Materiales para Empaques - Innovaci\u00f3n en Empaques | CART\u00d3N S.A. - Cajas de Cart\u00f3n e Ingenier\u00eda en Empaques en Barranquilla y toda Colombia","og_description":"Desarrollamos empaques con materiales innovadores y de alta resistencia, explorando siempre nuevas alternativas y acabados en nuestros proyectos.","og_url":"https:\/\/cartonsa.com\/es\/innovacion\/nuevos-materiales-para-empaques\/","og_site_name":"Cajas de Carton Colombia","article_modified_time":"2019-10-24T01:40:03+00:00","og_image":[{"width":386,"height":330,"url":"https:\/\/cartonsa.com\/es\/wp-content\/uploads\/2018\/01\/carton-sa-nuevos-materiales-para-empaques.jpg","type":"image\/jpeg"}],"twitter_card":"summary_large_image","twitter_title":"Nuevos Materiales para Empaques - Innovaci\u00f3n en Empaques | CART\u00d3N S.A. - Cajas de Cart\u00f3n e Ingenier\u00eda en Empaques en Barranquilla y toda Colombia","twitter_description":"Desarrollamos empaques con materiales innovadores y de alta resistencia, explorando siempre nuevas alternativas y acabados en nuestros proyectos.","schema":{"@context":"https:\/\/schema.org","@graph":[{"@type":"WebPage","@id":"https:\/\/cartonsa.com\/es\/innovacion\/nuevos-materiales-para-empaques\/","url":"https:\/\/cartonsa.com\/es\/innovacion\/nuevos-materiales-para-empaques\/","name":"Nuevos Materiales para Empaques - Innovaci\u00f3n en Empaques | CART\u00d3N S.A. - Cajas de Cart\u00f3n e Ingenier\u00eda en Empaques en Barranquilla y toda Colombia","isPartOf":{"@id":"https:\/\/cartonsa.com\/es\/#website"},"primaryImageOfPage":{"@id":"https:\/\/cartonsa.com\/es\/innovacion\/nuevos-materiales-para-empaques\/#primaryimage"},"image":{"@id":"https:\/\/cartonsa.com\/es\/innovacion\/nuevos-materiales-para-empaques\/#primaryimage"},"thumbnailUrl":"https:\/\/cartonsa.com\/es\/wp-content\/uploads\/2018\/01\/carton-sa-nuevos-materiales-para-empaques.jpg","datePublished":"2017-08-09T18:38:02+00:00","dateModified":"2019-10-24T01:40:03+00:00","description":"Desarrollamos empaques con materiales innovadores y de alta resistencia, explorando siempre nuevas alternativas y acabados en nuestros proyectos.","breadcrumb":{"@id":"https:\/\/cartonsa.com\/es\/innovacion\/nuevos-materiales-para-empaques\/#breadcrumb"},"inLanguage":"es","potentialAction":[{"@type":"ReadAction","target":["https:\/\/cartonsa.com\/es\/innovacion\/nuevos-materiales-para-empaques\/"]}]},{"@type":"ImageObject","inLanguage":"es","@id":"https:\/\/cartonsa.com\/es\/innovacion\/nuevos-materiales-para-empaques\/#primaryimage","url":"https:\/\/cartonsa.com\/es\/wp-content\/uploads\/2018\/01\/carton-sa-nuevos-materiales-para-empaques.jpg","contentUrl":"https:\/\/cartonsa.com\/es\/wp-content\/uploads\/2018\/01\/carton-sa-nuevos-materiales-para-empaques.jpg","width":386,"height":330,"caption":"Nuevos Materiales para Empaques \u2013 Innovaci\u00f3n en Empaques | Cart\u00f3n S.A."},{"@type":"BreadcrumbList","@id":"https:\/\/cartonsa.com\/es\/innovacion\/nuevos-materiales-para-empaques\/#breadcrumb","itemListElement":[{"@type":"ListItem","position":1,"name":"Inicio","item":"https:\/\/cartonsa.com\/es\/"},{"@type":"ListItem","position":2,"name":"Innovaci\u00f3n","item":"https:\/\/cartonsa.com\/es\/innovacion\/"},{"@type":"ListItem","position":3,"name":"Nuevos Materiales para Empaques"}]},{"@type":"WebSite","@id":"https:\/\/cartonsa.com\/es\/#website","url":"https:\/\/cartonsa.com\/es\/","name":"Cajas de Carton Colombia","description":"Fabrica de Cajas de Carton en Colombia","potentialAction":[{"@type":"SearchAction","target":{"@type":"EntryPoint","urlTemplate":"https:\/\/cartonsa.com\/es\/?s={search_term_string}"},"query-input":{"@type":"PropertyValueSpecification","valueRequired":true,"valueName":"search_term_string"}}],"inLanguage":"es"}]}},"_links":{"self":[{"href":"https:\/\/cartonsa.com\/es\/wp-json\/wp\/v2\/pages\/172","targetHints":{"allow":["GET"]}}],"collection":[{"href":"https:\/\/cartonsa.com\/es\/wp-json\/wp\/v2\/pages"}],"about":[{"href":"https:\/\/cartonsa.com\/es\/wp-json\/wp\/v2\/types\/page"}],"author":[{"embeddable":true,"href":"https:\/\/cartonsa.com\/es\/wp-json\/wp\/v2\/users\/1"}],"replies":[{"embeddable":true,"href":"https:\/\/cartonsa.com\/es\/wp-json\/wp\/v2\/comments?post=172"}],"version-history":[{"count":10,"href":"https:\/\/cartonsa.com\/es\/wp-json\/wp\/v2\/pages\/172\/revisions"}],"predecessor-version":[{"id":1473,"href":"https:\/\/cartonsa.com\/es\/wp-json\/wp\/v2\/pages\/172\/revisions\/1473"}],"up":[{"embeddable":true,"href":"https:\/\/cartonsa.com\/es\/wp-json\/wp\/v2\/pages\/9"}],"wp:featuredmedia":[{"embeddable":true,"href":"https:\/\/cartonsa.com\/es\/wp-json\/wp\/v2\/media\/657"}],"wp:attachment":[{"href":"https:\/\/cartonsa.com\/es\/wp-json\/wp\/v2\/media?parent=172"}],"curies":[{"name":"wp","href":"https:\/\/api.w.org\/{rel}","templated":true}]}}