{"id":288,"date":"2017-12-06T14:40:57","date_gmt":"2017-12-06T14:40:57","guid":{"rendered":"http:\/\/cartonsa.com\/es\/?page_id=288"},"modified":"2025-11-20T02:28:44","modified_gmt":"2025-11-20T02:28:44","slug":"cajas-para-kits-de-comidas","status":"publish","type":"page","link":"https:\/\/cartonsa.com\/es\/cajas-de-carton\/cajas-para-kits-de-comidas\/","title":{"rendered":"Cajas para Kits de Comidas"},"content":{"rendered":"\t\t<div data-elementor-type=\"wp-page\" data-elementor-id=\"288\" class=\"elementor elementor-288\">\n\t\t\t\t<div class=\"elementor-element elementor-element-692e0449 e-flex e-con-boxed e-con e-parent\" data-id=\"692e0449\" data-element_type=\"container\" data-e-type=\"container\" data-settings=\"{&quot;background_background&quot;:&quot;classic&quot;}\">\n\t\t\t\t\t<div class=\"e-con-inner\">\n\t\t<div class=\"elementor-element elementor-element-46194e8f e-con-full e-flex e-con e-child\" data-id=\"46194e8f\" data-element_type=\"container\" data-e-type=\"container\">\n\t\t\t\t<div class=\"elementor-element elementor-element-134bbef7 elementor-widget__width-auto elementor-widget elementor-widget-heading\" data-id=\"134bbef7\" data-element_type=\"widget\" data-e-type=\"widget\" data-widget_type=\"heading.default\">\n\t\t\t\t\t<h2 class=\"elementor-heading-title elementor-size-default\">Cajas para Kits de Comidas<\/h2>\t\t\t\t<\/div>\n\t\t\t\t<\/div>\n\t\t\t\t\t<\/div>\n\t\t\t\t<\/div>\n\t\t<div class=\"elementor-element elementor-element-6db303c8 e-flex e-con-boxed e-con e-parent\" data-id=\"6db303c8\" data-element_type=\"container\" data-e-type=\"container\" data-settings=\"{&quot;background_background&quot;:&quot;classic&quot;}\">\n\t\t\t\t\t<div class=\"e-con-inner\">\n\t\t<div class=\"elementor-element elementor-element-22820495 e-con-full e-flex e-con e-child\" data-id=\"22820495\" data-element_type=\"container\" data-e-type=\"container\">\n\t\t\t\t<div class=\"elementor-element elementor-element-33028439 elementor-widget__width-auto elementor-widget elementor-widget-heading\" data-id=\"33028439\" data-element_type=\"widget\" data-e-type=\"widget\" data-widget_type=\"heading.default\">\n\t\t\t\t\t<p class=\"elementor-heading-title elementor-size-default\"><a href=\"https:\/\/cartonsa.com\/es\/cajas-de-carton\/\">Volver a la categor\u00eda<\/a><\/p>\t\t\t\t<\/div>\n\t\t\t\t<div class=\"elementor-element elementor-element-432f56a7 elementor-widget__width-initial elementor-view-default elementor-widget elementor-widget-icon\" data-id=\"432f56a7\" data-element_type=\"widget\" data-e-type=\"widget\" data-widget_type=\"icon.default\">\n\t\t\t\t\t\t\t<div class=\"elementor-icon-wrapper\">\n\t\t\t<div class=\"elementor-icon\">\n\t\t\t<svg aria-hidden=\"true\" class=\"e-font-icon-svg e-fas-chevron-right\" viewBox=\"0 0 320 512\" xmlns=\"http:\/\/www.w3.org\/2000\/svg\"><path d=\"M285.476 272.971L91.132 467.314c-9.373 9.373-24.569 9.373-33.941 0l-22.667-22.667c-9.357-9.357-9.375-24.522-.04-33.901L188.505 256 34.484 101.255c-9.335-9.379-9.317-24.544.04-33.901l22.667-22.667c9.373-9.373 24.569-9.373 33.941 0L285.475 239.03c9.373 9.372 9.373 24.568.001 33.941z\"><\/path><\/svg>\t\t\t<\/div>\n\t\t<\/div>\n\t\t\t\t\t\t<\/div>\n\t\t\t\t<div class=\"elementor-element elementor-element-740cb3a5 elementor-widget__width-auto elementor-widget elementor-widget-heading\" data-id=\"740cb3a5\" data-element_type=\"widget\" data-e-type=\"widget\" data-widget_type=\"heading.default\">\n\t\t\t\t\t<p class=\"elementor-heading-title elementor-size-default\">Cajas para Kits de Comidas<\/p>\t\t\t\t<\/div>\n\t\t\t\t<\/div>\n\t\t\t\t\t<\/div>\n\t\t\t\t<\/div>\n\t\t<div class=\"elementor-element elementor-element-286b3375 e-flex e-con-boxed e-con e-parent\" data-id=\"286b3375\" data-element_type=\"container\" data-e-type=\"container\" data-settings=\"{&quot;background_background&quot;:&quot;classic&quot;}\">\n\t\t\t\t\t<div class=\"e-con-inner\">\n\t\t<div class=\"elementor-element elementor-element-5aacbccf e-grid e-con-full e-con e-child\" data-id=\"5aacbccf\" data-element_type=\"container\" data-e-type=\"container\" data-settings=\"{&quot;background_background&quot;:&quot;classic&quot;}\">\n\t\t<div class=\"elementor-element elementor-element-44103bf e-con-full e-flex e-con e-child\" data-id=\"44103bf\" data-element_type=\"container\" data-e-type=\"container\" data-settings=\"{&quot;background_background&quot;:&quot;classic&quot;}\">\n\t\t\t\t<div class=\"elementor-element elementor-element-12fcb2fa elementor-widget elementor-widget-image\" data-id=\"12fcb2fa\" data-element_type=\"widget\" data-e-type=\"widget\" data-widget_type=\"image.default\">\n\t\t\t\t\t\t\t\t\t\t\t\t\t\t\t<img fetchpriority=\"high\" decoding=\"async\" width=\"400\" height=\"400\" src=\"https:\/\/cartonsa.com\/es\/wp-content\/uploads\/2018\/02\/cartonsa-boxes-inicio-03.jpg\" class=\"attachment-large size-large wp-image-981\" alt=\"CART\u00d3N S.A. | Cajas de Cart\u00f3n e Ingenier\u00eda en Empaques en Barranquilla y toda Colombia\" srcset=\"https:\/\/cartonsa.com\/es\/wp-content\/uploads\/2018\/02\/cartonsa-boxes-inicio-03.jpg 400w, https:\/\/cartonsa.com\/es\/wp-content\/uploads\/2018\/02\/cartonsa-boxes-inicio-03-150x150.jpg 150w, https:\/\/cartonsa.com\/es\/wp-content\/uploads\/2018\/02\/cartonsa-boxes-inicio-03-300x300.jpg 300w, https:\/\/cartonsa.com\/es\/wp-content\/uploads\/2018\/02\/cartonsa-boxes-inicio-03-360x360.jpg 360w, https:\/\/cartonsa.com\/es\/wp-content\/uploads\/2018\/02\/cartonsa-boxes-inicio-03-250x250.jpg 250w, https:\/\/cartonsa.com\/es\/wp-content\/uploads\/2018\/02\/cartonsa-boxes-inicio-03-100x100.jpg 100w\" sizes=\"(max-width: 400px) 100vw, 400px\" \/>\t\t\t\t\t\t\t\t\t\t\t\t\t\t\t<\/div>\n\t\t\t\t<\/div>\n\t\t<div class=\"elementor-element elementor-element-48acd1fa e-con-full e-flex e-con e-child\" data-id=\"48acd1fa\" data-element_type=\"container\" data-e-type=\"container\">\n\t\t\t\t<div class=\"elementor-element elementor-element-21e1ad21 elementor-widget elementor-widget-heading\" data-id=\"21e1ad21\" data-element_type=\"widget\" data-e-type=\"widget\" data-widget_type=\"heading.default\">\n\t\t\t\t\t<h2 class=\"elementor-heading-title elementor-size-default\">Cajas para Kits de Comidas<\/h2>\t\t\t\t<\/div>\n\t\t\t\t<div class=\"elementor-element elementor-element-2cef236d elementor-widget elementor-widget-text-editor\" data-id=\"2cef236d\" data-element_type=\"widget\" data-e-type=\"widget\" data-widget_type=\"text-editor.default\">\n\t\t\t\t\t\t\t\t\t<p style=\"text-align: left;\"><span style=\"color: #ffffff;\">Fabricamos\u00a0cajas de cart\u00f3n corrugado con altos est\u00e1ndares de calidad y bajo especificaciones y requerimientos\u00a0de nuestros clientes.<\/span><\/p>\t\t\t\t\t\t\t\t<\/div>\n\t\t\t\t<\/div>\n\t\t\t\t<\/div>\n\t\t\t\t\t<\/div>\n\t\t\t\t<\/div>\n\t\t<div class=\"elementor-element elementor-element-3bbcf383 e-flex e-con-boxed e-con e-parent\" data-id=\"3bbcf383\" data-element_type=\"container\" data-e-type=\"container\">\n\t\t\t\t\t<div class=\"e-con-inner\">\n\t\t<div class=\"elementor-element elementor-element-587a1cda e-con-full e-flex e-con e-child\" data-id=\"587a1cda\" data-element_type=\"container\" data-e-type=\"container\">\n\t\t\t\t<div class=\"elementor-element elementor-element-26fb5f9c elementor-widget elementor-widget-image\" data-id=\"26fb5f9c\" data-element_type=\"widget\" data-e-type=\"widget\" data-widget_type=\"image.default\">\n\t\t\t\t\t\t\t\t\t\t\t\t\t\t\t<img decoding=\"async\" width=\"450\" height=\"350\" src=\"https:\/\/cartonsa.com\/es\/wp-content\/uploads\/2018\/01\/carton-sa-cajas-para-frutas-inicio.jpg\" class=\"attachment-large size-large wp-image-917\" alt=\"Cajas para Frutas - Cart\u00f3n S.A.\" srcset=\"https:\/\/cartonsa.com\/es\/wp-content\/uploads\/2018\/01\/carton-sa-cajas-para-frutas-inicio.jpg 450w, https:\/\/cartonsa.com\/es\/wp-content\/uploads\/2018\/01\/carton-sa-cajas-para-frutas-inicio-300x233.jpg 300w, https:\/\/cartonsa.com\/es\/wp-content\/uploads\/2018\/01\/carton-sa-cajas-para-frutas-inicio-360x280.jpg 360w, https:\/\/cartonsa.com\/es\/wp-content\/uploads\/2018\/01\/carton-sa-cajas-para-frutas-inicio-250x194.jpg 250w, https:\/\/cartonsa.com\/es\/wp-content\/uploads\/2018\/01\/carton-sa-cajas-para-frutas-inicio-100x78.jpg 100w\" sizes=\"(max-width: 450px) 100vw, 450px\" \/>\t\t\t\t\t\t\t\t\t\t\t\t\t\t\t<\/div>\n\t\t\t\t<\/div>\n\t\t<div class=\"elementor-element elementor-element-12bdea1d e-con-full e-flex e-con e-child\" data-id=\"12bdea1d\" data-element_type=\"container\" data-e-type=\"container\">\n\t\t\t\t<div class=\"elementor-element elementor-element-254c7c19 elementor-widget elementor-widget-heading\" data-id=\"254c7c19\" data-element_type=\"widget\" data-e-type=\"widget\" data-widget_type=\"heading.default\">\n\t\t\t\t\t<h3 class=\"elementor-heading-title elementor-size-default\">Cajas de Cart\u00f3n para Kits de Comidas en Barranquilla<\/h3>\t\t\t\t<\/div>\n\t\t\t\t<div class=\"elementor-element elementor-element-2adc57fd elementor-widget elementor-widget-text-editor\" data-id=\"2adc57fd\" data-element_type=\"widget\" data-e-type=\"widget\" data-widget_type=\"text-editor.default\">\n\t\t\t\t\t\t\t\t\t<p>Nuestras cajas para kits de comidas en Barranquilla est\u00e1n dise\u00f1adas para garantizar higiene, resistencia y una presentaci\u00f3n impecable en cada entrega. Utilizamos cart\u00f3n de alta calidad que protege los alimentos y mantiene la estructura del empaque durante el transporte, incluso en recorridos prolongados o condiciones de humedad.<\/p>\t\t\t\t\t\t\t\t<\/div>\n\t\t\t\t<div class=\"elementor-element elementor-element-5072880a elementor-widget elementor-widget-text-editor\" data-id=\"5072880a\" data-element_type=\"widget\" data-e-type=\"widget\" data-widget_type=\"text-editor.default\">\n\t\t\t\t\t\t\t\t\t<p data-start=\"538\" data-end=\"826\">Ofrecemos opciones personalizadas en tama\u00f1o, dise\u00f1o e impresi\u00f3n, ideales para restaurantes, dark kitchens y marcas que desean destacar con una experiencia de empaque pr\u00e1ctica y est\u00e9ticamente atractiva. Ya sea para kits semanales, men\u00fas especiales o productos gourmet, desarrollamos empaques funcionales que fortalecen la imagen de tu negocio y optimizan la log\u00edstica de entrega.<\/p>\t\t\t\t\t\t\t\t<\/div>\n\t\t\t\t<\/div>\n\t\t\t\t\t<\/div>\n\t\t\t\t<\/div>\n\t\t<div class=\"elementor-element elementor-element-4f8d6836 e-flex e-con-boxed e-con e-parent\" data-id=\"4f8d6836\" data-element_type=\"container\" data-e-type=\"container\">\n\t\t\t\t\t<div class=\"e-con-inner\">\n\t\t<div class=\"elementor-element elementor-element-7404be83 e-grid e-con-full e-con e-child\" data-id=\"7404be83\" data-element_type=\"container\" data-e-type=\"container\">\n\t\t\t\t<div class=\"elementor-element elementor-element-3f9ce05f elementor-widget__width-auto elementor-widget elementor-widget-image\" data-id=\"3f9ce05f\" data-element_type=\"widget\" data-e-type=\"widget\" data-widget_type=\"image.default\">\n\t\t\t\t\t\t\t\t\t\t\t\t\t\t\t<img decoding=\"async\" width=\"386\" height=\"330\" src=\"https:\/\/cartonsa.com\/es\/wp-content\/uploads\/2018\/01\/carton-sa-trayectoria-y-experiencia.jpg\" class=\"attachment-large size-large wp-image-711\" alt=\"Trayectoria y Experiencia | Cart\u00f3n S.A.\" srcset=\"https:\/\/cartonsa.com\/es\/wp-content\/uploads\/2018\/01\/carton-sa-trayectoria-y-experiencia.jpg 386w, https:\/\/cartonsa.com\/es\/wp-content\/uploads\/2018\/01\/carton-sa-trayectoria-y-experiencia-300x256.jpg 300w, https:\/\/cartonsa.com\/es\/wp-content\/uploads\/2018\/01\/carton-sa-trayectoria-y-experiencia-360x308.jpg 360w, https:\/\/cartonsa.com\/es\/wp-content\/uploads\/2018\/01\/carton-sa-trayectoria-y-experiencia-250x214.jpg 250w, https:\/\/cartonsa.com\/es\/wp-content\/uploads\/2018\/01\/carton-sa-trayectoria-y-experiencia-100x85.jpg 100w\" sizes=\"(max-width: 386px) 100vw, 386px\" \/>\t\t\t\t\t\t\t\t\t\t\t\t\t\t\t<\/div>\n\t\t\t\t<div class=\"elementor-element elementor-element-59476690 elementor-widget__width-auto elementor-widget elementor-widget-image\" data-id=\"59476690\" data-element_type=\"widget\" data-e-type=\"widget\" data-widget_type=\"image.default\">\n\t\t\t\t\t\t\t\t\t\t\t\t\t\t\t<img loading=\"lazy\" decoding=\"async\" width=\"386\" height=\"330\" src=\"https:\/\/cartonsa.com\/es\/wp-content\/uploads\/2017\/12\/carton-sa-cajas-kits-para-comidas.jpg\" class=\"attachment-large size-large wp-image-603\" alt=\"Cajas para Kits de Comidas \u2013 Cart\u00f3n S.A.\" srcset=\"https:\/\/cartonsa.com\/es\/wp-content\/uploads\/2017\/12\/carton-sa-cajas-kits-para-comidas.jpg 386w, https:\/\/cartonsa.com\/es\/wp-content\/uploads\/2017\/12\/carton-sa-cajas-kits-para-comidas-300x256.jpg 300w, https:\/\/cartonsa.com\/es\/wp-content\/uploads\/2017\/12\/carton-sa-cajas-kits-para-comidas-360x308.jpg 360w, https:\/\/cartonsa.com\/es\/wp-content\/uploads\/2017\/12\/carton-sa-cajas-kits-para-comidas-250x214.jpg 250w, https:\/\/cartonsa.com\/es\/wp-content\/uploads\/2017\/12\/carton-sa-cajas-kits-para-comidas-100x85.jpg 100w\" sizes=\"(max-width: 386px) 100vw, 386px\" \/>\t\t\t\t\t\t\t\t\t\t\t\t\t\t\t<\/div>\n\t\t\t\t<div class=\"elementor-element elementor-element-3a4d4fe8 elementor-widget__width-auto elementor-widget elementor-widget-image\" data-id=\"3a4d4fe8\" data-element_type=\"widget\" data-e-type=\"widget\" data-widget_type=\"image.default\">\n\t\t\t\t\t\t\t\t\t\t\t\t\t\t\t<img loading=\"lazy\" decoding=\"async\" width=\"386\" height=\"330\" src=\"https:\/\/cartonsa.com\/es\/wp-content\/uploads\/2017\/12\/carton-sa-cajas-para-tortas.jpg\" class=\"attachment-large size-large wp-image-595\" alt=\"Cajas para Tortas \u2013 Cart\u00f3n S.A.\" srcset=\"https:\/\/cartonsa.com\/es\/wp-content\/uploads\/2017\/12\/carton-sa-cajas-para-tortas.jpg 386w, https:\/\/cartonsa.com\/es\/wp-content\/uploads\/2017\/12\/carton-sa-cajas-para-tortas-300x256.jpg 300w, https:\/\/cartonsa.com\/es\/wp-content\/uploads\/2017\/12\/carton-sa-cajas-para-tortas-360x308.jpg 360w, https:\/\/cartonsa.com\/es\/wp-content\/uploads\/2017\/12\/carton-sa-cajas-para-tortas-250x214.jpg 250w, https:\/\/cartonsa.com\/es\/wp-content\/uploads\/2017\/12\/carton-sa-cajas-para-tortas-100x85.jpg 100w\" sizes=\"(max-width: 386px) 100vw, 386px\" \/>\t\t\t\t\t\t\t\t\t\t\t\t\t\t\t<\/div>\n\t\t\t\t<\/div>\n\t\t\t\t\t<\/div>\n\t\t\t\t<\/div>\n\t\t\t\t<\/div>\n\t\t","protected":false},"excerpt":{"rendered":"<p>Cajas para Kits de Comidas Volver a la categor\u00eda Cajas para Kits de Comidas Cajas para Kits de Comidas Fabricamos\u00a0cajas de cart\u00f3n corrugado con altos est\u00e1ndares de calidad y bajo especificaciones y requerimientos\u00a0de nuestros clientes. Cajas de Cart\u00f3n para Kits de Comidas en Barranquilla Nuestras cajas para kits de comidas en Barranquilla est\u00e1n dise\u00f1adas para [&hellip;]<\/p>\n","protected":false},"author":1,"featured_media":603,"parent":12,"menu_order":0,"comment_status":"closed","ping_status":"closed","template":"","meta":{"_joinchat":[],"footnotes":""},"class_list":["post-288","page","type-page","status-publish","has-post-thumbnail","hentry"],"yoast_head":"<!-- This site is optimized with the Yoast SEO plugin v27.5 - https:\/\/yoast.com\/product\/yoast-seo-wordpress\/ -->\n<title>Cajas para Kits de Comidas \u203a Cajas de Cart\u00f3n | CART\u00d3N S.A. - Cajas de Cart\u00f3n e Ingenier\u00eda en Empaques en Barranquilla y toda Colombia<\/title>\n<meta name=\"description\" content=\"Fabricamos cajas especiales para kits de comidas para restaurantes y eventos, en diferentes formas, colores y metariales.\" \/>\n<meta name=\"robots\" content=\"index, follow, max-snippet:-1, max-image-preview:large, max-video-preview:-1\" \/>\n<link rel=\"canonical\" href=\"https:\/\/cartonsa.com\/es\/cajas-de-carton\/cajas-para-kits-de-comidas\/\" \/>\n<meta property=\"og:locale\" content=\"es_ES\" \/>\n<meta property=\"og:type\" content=\"article\" \/>\n<meta property=\"og:title\" content=\"Cajas para Kits de Comidas \u203a Cajas de Cart\u00f3n | CART\u00d3N S.A. - Cajas de Cart\u00f3n e Ingenier\u00eda en Empaques en Barranquilla y toda Colombia\" \/>\n<meta property=\"og:description\" content=\"Fabricamos cajas especiales para kits de comidas para restaurantes y eventos, en diferentes formas, colores y metariales.\" \/>\n<meta property=\"og:url\" content=\"https:\/\/cartonsa.com\/es\/cajas-de-carton\/cajas-para-kits-de-comidas\/\" \/>\n<meta property=\"og:site_name\" content=\"Cajas de Carton Colombia\" \/>\n<meta property=\"article:modified_time\" content=\"2025-11-20T02:28:44+00:00\" \/>\n<meta property=\"og:image\" content=\"https:\/\/cartonsa.com\/es\/wp-content\/uploads\/2017\/12\/carton-sa-cajas-kits-para-comidas.jpg\" \/>\n\t<meta property=\"og:image:width\" content=\"386\" \/>\n\t<meta property=\"og:image:height\" content=\"330\" \/>\n\t<meta property=\"og:image:type\" content=\"image\/jpeg\" \/>\n<meta name=\"twitter:card\" content=\"summary_large_image\" \/>\n<meta name=\"twitter:title\" content=\"Cajas para Kits de Comidas \u203a Cajas de Cart\u00f3n | CART\u00d3N S.A. - Cajas de Cart\u00f3n e Ingenier\u00eda en Empaques en Barranquilla y toda Colombia\" \/>\n<meta name=\"twitter:description\" content=\"Fabricamos cajas especiales para kits de comidas para restaurantes y eventos, en diferentes formas, colores y metariales.\" \/>\n<meta name=\"twitter:image\" content=\"http:\/\/cartonsa.com\/es\/wp-content\/uploads\/2017\/12\/carton-sa-cajas-kits-para-comidas.jpg\" \/>\n<meta name=\"twitter:label1\" content=\"Tiempo de lectura\" \/>\n\t<meta name=\"twitter:data1\" content=\"1 minuto\" \/>\n<script type=\"application\/ld+json\" class=\"yoast-schema-graph\">{\"@context\":\"https:\\\/\\\/schema.org\",\"@graph\":[{\"@type\":\"WebPage\",\"@id\":\"https:\\\/\\\/cartonsa.com\\\/es\\\/cajas-de-carton\\\/cajas-para-kits-de-comidas\\\/\",\"url\":\"https:\\\/\\\/cartonsa.com\\\/es\\\/cajas-de-carton\\\/cajas-para-kits-de-comidas\\\/\",\"name\":\"Cajas para Kits de Comidas \u203a Cajas de Cart\u00f3n | CART\u00d3N S.A. - Cajas de Cart\u00f3n e Ingenier\u00eda en Empaques en Barranquilla y toda Colombia\",\"isPartOf\":{\"@id\":\"https:\\\/\\\/cartonsa.com\\\/es\\\/#website\"},\"primaryImageOfPage\":{\"@id\":\"https:\\\/\\\/cartonsa.com\\\/es\\\/cajas-de-carton\\\/cajas-para-kits-de-comidas\\\/#primaryimage\"},\"image\":{\"@id\":\"https:\\\/\\\/cartonsa.com\\\/es\\\/cajas-de-carton\\\/cajas-para-kits-de-comidas\\\/#primaryimage\"},\"thumbnailUrl\":\"https:\\\/\\\/cartonsa.com\\\/es\\\/wp-content\\\/uploads\\\/2017\\\/12\\\/carton-sa-cajas-kits-para-comidas.jpg\",\"datePublished\":\"2017-12-06T14:40:57+00:00\",\"dateModified\":\"2025-11-20T02:28:44+00:00\",\"description\":\"Fabricamos cajas especiales para kits de comidas para restaurantes y eventos, en diferentes formas, colores y metariales.\",\"breadcrumb\":{\"@id\":\"https:\\\/\\\/cartonsa.com\\\/es\\\/cajas-de-carton\\\/cajas-para-kits-de-comidas\\\/#breadcrumb\"},\"inLanguage\":\"es\",\"potentialAction\":[{\"@type\":\"ReadAction\",\"target\":[\"https:\\\/\\\/cartonsa.com\\\/es\\\/cajas-de-carton\\\/cajas-para-kits-de-comidas\\\/\"]}]},{\"@type\":\"ImageObject\",\"inLanguage\":\"es\",\"@id\":\"https:\\\/\\\/cartonsa.com\\\/es\\\/cajas-de-carton\\\/cajas-para-kits-de-comidas\\\/#primaryimage\",\"url\":\"https:\\\/\\\/cartonsa.com\\\/es\\\/wp-content\\\/uploads\\\/2017\\\/12\\\/carton-sa-cajas-kits-para-comidas.jpg\",\"contentUrl\":\"https:\\\/\\\/cartonsa.com\\\/es\\\/wp-content\\\/uploads\\\/2017\\\/12\\\/carton-sa-cajas-kits-para-comidas.jpg\",\"width\":386,\"height\":330,\"caption\":\"Cajas para Kits de Comidas \u2013 Cart\u00f3n S.A.\"},{\"@type\":\"BreadcrumbList\",\"@id\":\"https:\\\/\\\/cartonsa.com\\\/es\\\/cajas-de-carton\\\/cajas-para-kits-de-comidas\\\/#breadcrumb\",\"itemListElement\":[{\"@type\":\"ListItem\",\"position\":1,\"name\":\"Inicio\",\"item\":\"https:\\\/\\\/cartonsa.com\\\/es\\\/\"},{\"@type\":\"ListItem\",\"position\":2,\"name\":\"Cajas de Cart\u00f3n\",\"item\":\"https:\\\/\\\/cartonsa.com\\\/es\\\/cajas-de-carton\\\/\"},{\"@type\":\"ListItem\",\"position\":3,\"name\":\"Cajas para Kits de Comidas\"}]},{\"@type\":\"WebSite\",\"@id\":\"https:\\\/\\\/cartonsa.com\\\/es\\\/#website\",\"url\":\"https:\\\/\\\/cartonsa.com\\\/es\\\/\",\"name\":\"Cajas de Carton Colombia\",\"description\":\"Fabrica de Cajas de Carton en Colombia\",\"potentialAction\":[{\"@type\":\"SearchAction\",\"target\":{\"@type\":\"EntryPoint\",\"urlTemplate\":\"https:\\\/\\\/cartonsa.com\\\/es\\\/?s={search_term_string}\"},\"query-input\":{\"@type\":\"PropertyValueSpecification\",\"valueRequired\":true,\"valueName\":\"search_term_string\"}}],\"inLanguage\":\"es\"}]}<\/script>\n<!-- \/ Yoast SEO plugin. -->","yoast_head_json":{"title":"Cajas para Kits de Comidas \u203a Cajas de Cart\u00f3n | CART\u00d3N S.A. - Cajas de Cart\u00f3n e Ingenier\u00eda en Empaques en Barranquilla y toda Colombia","description":"Fabricamos cajas especiales para kits de comidas para restaurantes y eventos, en diferentes formas, colores y metariales.","robots":{"index":"index","follow":"follow","max-snippet":"max-snippet:-1","max-image-preview":"max-image-preview:large","max-video-preview":"max-video-preview:-1"},"canonical":"https:\/\/cartonsa.com\/es\/cajas-de-carton\/cajas-para-kits-de-comidas\/","og_locale":"es_ES","og_type":"article","og_title":"Cajas para Kits de Comidas \u203a Cajas de Cart\u00f3n | CART\u00d3N S.A. - Cajas de Cart\u00f3n e Ingenier\u00eda en Empaques en Barranquilla y toda Colombia","og_description":"Fabricamos cajas especiales para kits de comidas para restaurantes y eventos, en diferentes formas, colores y metariales.","og_url":"https:\/\/cartonsa.com\/es\/cajas-de-carton\/cajas-para-kits-de-comidas\/","og_site_name":"Cajas de Carton Colombia","article_modified_time":"2025-11-20T02:28:44+00:00","og_image":[{"width":386,"height":330,"url":"https:\/\/cartonsa.com\/es\/wp-content\/uploads\/2017\/12\/carton-sa-cajas-kits-para-comidas.jpg","type":"image\/jpeg"}],"twitter_card":"summary_large_image","twitter_title":"Cajas para Kits de Comidas \u203a Cajas de Cart\u00f3n | CART\u00d3N S.A. - Cajas de Cart\u00f3n e Ingenier\u00eda en Empaques en Barranquilla y toda Colombia","twitter_description":"Fabricamos cajas especiales para kits de comidas para restaurantes y eventos, en diferentes formas, colores y metariales.","twitter_image":"http:\/\/cartonsa.com\/es\/wp-content\/uploads\/2017\/12\/carton-sa-cajas-kits-para-comidas.jpg","twitter_misc":{"Tiempo de lectura":"1 minuto"},"schema":{"@context":"https:\/\/schema.org","@graph":[{"@type":"WebPage","@id":"https:\/\/cartonsa.com\/es\/cajas-de-carton\/cajas-para-kits-de-comidas\/","url":"https:\/\/cartonsa.com\/es\/cajas-de-carton\/cajas-para-kits-de-comidas\/","name":"Cajas para Kits de Comidas \u203a Cajas de Cart\u00f3n | CART\u00d3N S.A. - Cajas de Cart\u00f3n e Ingenier\u00eda en Empaques en Barranquilla y toda Colombia","isPartOf":{"@id":"https:\/\/cartonsa.com\/es\/#website"},"primaryImageOfPage":{"@id":"https:\/\/cartonsa.com\/es\/cajas-de-carton\/cajas-para-kits-de-comidas\/#primaryimage"},"image":{"@id":"https:\/\/cartonsa.com\/es\/cajas-de-carton\/cajas-para-kits-de-comidas\/#primaryimage"},"thumbnailUrl":"https:\/\/cartonsa.com\/es\/wp-content\/uploads\/2017\/12\/carton-sa-cajas-kits-para-comidas.jpg","datePublished":"2017-12-06T14:40:57+00:00","dateModified":"2025-11-20T02:28:44+00:00","description":"Fabricamos cajas especiales para kits de comidas para restaurantes y eventos, en diferentes formas, colores y metariales.","breadcrumb":{"@id":"https:\/\/cartonsa.com\/es\/cajas-de-carton\/cajas-para-kits-de-comidas\/#breadcrumb"},"inLanguage":"es","potentialAction":[{"@type":"ReadAction","target":["https:\/\/cartonsa.com\/es\/cajas-de-carton\/cajas-para-kits-de-comidas\/"]}]},{"@type":"ImageObject","inLanguage":"es","@id":"https:\/\/cartonsa.com\/es\/cajas-de-carton\/cajas-para-kits-de-comidas\/#primaryimage","url":"https:\/\/cartonsa.com\/es\/wp-content\/uploads\/2017\/12\/carton-sa-cajas-kits-para-comidas.jpg","contentUrl":"https:\/\/cartonsa.com\/es\/wp-content\/uploads\/2017\/12\/carton-sa-cajas-kits-para-comidas.jpg","width":386,"height":330,"caption":"Cajas para Kits de Comidas \u2013 Cart\u00f3n S.A."},{"@type":"BreadcrumbList","@id":"https:\/\/cartonsa.com\/es\/cajas-de-carton\/cajas-para-kits-de-comidas\/#breadcrumb","itemListElement":[{"@type":"ListItem","position":1,"name":"Inicio","item":"https:\/\/cartonsa.com\/es\/"},{"@type":"ListItem","position":2,"name":"Cajas de Cart\u00f3n","item":"https:\/\/cartonsa.com\/es\/cajas-de-carton\/"},{"@type":"ListItem","position":3,"name":"Cajas para Kits de Comidas"}]},{"@type":"WebSite","@id":"https:\/\/cartonsa.com\/es\/#website","url":"https:\/\/cartonsa.com\/es\/","name":"Cajas de Carton Colombia","description":"Fabrica de Cajas de Carton en Colombia","potentialAction":[{"@type":"SearchAction","target":{"@type":"EntryPoint","urlTemplate":"https:\/\/cartonsa.com\/es\/?s={search_term_string}"},"query-input":{"@type":"PropertyValueSpecification","valueRequired":true,"valueName":"search_term_string"}}],"inLanguage":"es"}]}},"_links":{"self":[{"href":"https:\/\/cartonsa.com\/es\/wp-json\/wp\/v2\/pages\/288","targetHints":{"allow":["GET"]}}],"collection":[{"href":"https:\/\/cartonsa.com\/es\/wp-json\/wp\/v2\/pages"}],"about":[{"href":"https:\/\/cartonsa.com\/es\/wp-json\/wp\/v2\/types\/page"}],"author":[{"embeddable":true,"href":"https:\/\/cartonsa.com\/es\/wp-json\/wp\/v2\/users\/1"}],"replies":[{"embeddable":true,"href":"https:\/\/cartonsa.com\/es\/wp-json\/wp\/v2\/comments?post=288"}],"version-history":[{"count":35,"href":"https:\/\/cartonsa.com\/es\/wp-json\/wp\/v2\/pages\/288\/revisions"}],"predecessor-version":[{"id":3455,"href":"https:\/\/cartonsa.com\/es\/wp-json\/wp\/v2\/pages\/288\/revisions\/3455"}],"up":[{"embeddable":true,"href":"https:\/\/cartonsa.com\/es\/wp-json\/wp\/v2\/pages\/12"}],"wp:featuredmedia":[{"embeddable":true,"href":"https:\/\/cartonsa.com\/es\/wp-json\/wp\/v2\/media\/603"}],"wp:attachment":[{"href":"https:\/\/cartonsa.com\/es\/wp-json\/wp\/v2\/media?parent=288"}],"curies":[{"name":"wp","href":"https:\/\/api.w.org\/{rel}","templated":true}]}}