{"id":9,"date":"2017-05-12T23:13:08","date_gmt":"2017-05-12T23:13:08","guid":{"rendered":"http:\/\/cartonsa.com\/es\/?page_id=9"},"modified":"2019-10-24T01:33:13","modified_gmt":"2019-10-24T01:33:13","slug":"innovacion","status":"publish","type":"page","link":"https:\/\/cartonsa.com\/es\/innovacion\/","title":{"rendered":"Innovaci\u00f3n"},"content":{"rendered":"<div id=\"row-migas-de-pan\">\n<div class=\"col-md-12\">\n<nav id=\"box-migas-pan\">\n            <a href=\"https:\/\/cartonsa.com\/es\/carton\/\" class=\"pri-mp\" title=\"Inicio\">Inicio<\/a><br \/>\n            <span class=\"fle-mp\"><i class=\"material-icons\">chevron_right<\/i><\/span><br \/>\n            <span class=\"actual-mp\">Innovaci\u00f3n<\/span><br \/>\n        <\/nav>\n<\/p><\/div>\n<\/div>\n<div id=\"row-titulo-paginas\" class=\"bg-05\">\n<div class=\"col-md-12\">\n<section>\n<h2 class=\"titulo-h2\">Innovaci\u00f3n<\/h2>\n<p>Innovamos, dise\u00f1amos, desarrollamos y fabricamos empaques con altos est\u00e1ndares de calidad y 100% personalizados con diferentes funcionalidades y bajo diversas especificaciones.<\/p>\n<\/section><\/div>\n<\/div>\n<section id=\"row-contenidos-int\">\n<article>\n<figure>\n            <img fetchpriority=\"high\" decoding=\"async\" src=\"https:\/\/cartonsa.com\/es\/wp-content\/uploads\/2018\/01\/carton-sa-diseno-de-empaques.jpg\" width=\"250\" height=\"214\" alt=\"Dise\u00f1o de Empaques\"><\/p>\n<div class=\"box-txt-nav\">\n<h3>Dise\u00f1o de Empaques<\/h3>\n<p>Dise\u00f1amos empaques tanto a nivel de funcionalidades, morfolog\u00eda y estilo gr\u00e1fico.<\/p>\n<p>                <a href=\"https:\/\/cartonsa.com\/es\/innovacion\/diseno-de-empaques\/\" lang=\"es\" title=\"Dise\u00f1o de Empaques\">Ver m\u00e1s<\/a>\n            <\/div>\n<\/figure>\n<figure>\n            <img decoding=\"async\" src=\"https:\/\/cartonsa.com\/es\/wp-content\/uploads\/2018\/01\/carton-sa-desarrollo-de-empaques.jpg\" width=\"250\" height=\"214\" alt=\"Desarrollo de Empaques\"><\/p>\n<div class=\"box-txt-nav\">\n<h3>Desarrollo de Empaques<\/h3>\n<p>Desarrollamos todo tipo de empaques en diferentes dise\u00f1os, especificaciones, medidas y materiales.<\/p>\n<p>                <a href=\"https:\/\/cartonsa.com\/es\/innovacion\/desarrollo-de-empaques\/\" lang=\"es\" title=\"Desarrollo de Empaques\">Ver m\u00e1s<\/a>\n            <\/div>\n<\/figure>\n<figure>\n            <img decoding=\"async\" src=\"https:\/\/cartonsa.com\/es\/wp-content\/uploads\/2018\/01\/carton-sa-ingenieria-de-empaques.jpg\" width=\"250\" height=\"214\" alt=\"Ingenier\u00eda de Empaques\"><\/p>\n<div class=\"box-txt-nav\">\n<h3>Ingenier\u00eda de Empaques<\/h3>\n<p>Nuestro equipo de ingenier\u00eda en empaques desarrolla proyectos de innovaci\u00f3n en packaging para marcas de diferentes sectores de la industria.<\/p>\n<p>                <a href=\"https:\/\/cartonsa.com\/es\/innovacion\/ingenieria-de-empaques\/\" lang=\"es\" title=\"Ingenier\u00eda de Empaques\">Ver m\u00e1s<\/a>\n            <\/div>\n<\/figure>\n<figure>\n            <img loading=\"lazy\" decoding=\"async\" src=\"https:\/\/cartonsa.com\/es\/wp-content\/uploads\/2018\/01\/carton-sa-impacto-eco-social.jpg\" width=\"250\" height=\"214\" alt=\"Impacto Eco Social\"><\/p>\n<div class=\"box-txt-nav\">\n<h3>Impacto Eco Social<\/h3>\n<p>Comprendemos la importancia de desarrollar proyectos que generen impacto positivo en el medio ambiente a trav\u00e9s del uso de materiales bio degradables y reciclables.<\/p>\n<p>                <a href=\"https:\/\/cartonsa.com\/es\/innovacion\/impacto-eco-social\/\" lang=\"es\" title=\"Impacto Eco Social\">Ver m\u00e1s<\/a>\n            <\/div>\n<\/figure>\n<figure>\n            <img loading=\"lazy\" decoding=\"async\" src=\"https:\/\/cartonsa.com\/es\/wp-content\/uploads\/2017\/12\/carton-sa-mobiliario-en-carton.jpg\" width=\"250\" height=\"214\" alt=\"Mobiliario en Cart\u00f3n\"><\/p>\n<div class=\"box-txt-nav\">\n<h3>Mobiliario en Cart\u00f3n<\/h3>\n<p>Dise\u00f1amos y fabricamos diferentes tipos de referencias de mobiliario en cart\u00f3n, en estructuras y materiales de alta resistencia y durabilidad.<\/p>\n<p>                <a href=\"https:\/\/cartonsa.com\/es\/innovacion\/mobiliario-en-carton\/\" lang=\"es\" title=\"Mobiliario en Cart\u00f3n\">Ver m\u00e1s<\/a>\n            <\/div>\n<\/figure>\n<figure>\n            <img loading=\"lazy\" decoding=\"async\" src=\"https:\/\/cartonsa.com\/es\/wp-content\/uploads\/2018\/01\/carton-sa-nuevos-materiales-para-empaques.jpg\" width=\"250\" height=\"214\" alt=\"Nuevos Materiales para Empaques\"><\/p>\n<div class=\"box-txt-nav\">\n<h3>Nuevos Materiales para Empaques<\/h3>\n<p>Desarrollamos empaques con materiales innovadores y de alta resistencia, explorando siempre nuevas alternativas y acabados en nuestros proyectos.<\/p>\n<p>                <a href=\"https:\/\/cartonsa.com\/es\/innovacion\/nuevos-materiales-para-empaques\/\" lang=\"es\" title=\"Nuevos Materiales para Empaques\">Ver m\u00e1s<\/a>\n            <\/div>\n<\/figure>\n<figure>\n            <img loading=\"lazy\" decoding=\"async\" src=\"https:\/\/cartonsa.com\/es\/wp-content\/uploads\/2018\/01\/carton-sa-nuevos-productos-carton-sa.jpg\" width=\"250\" height=\"214\" alt=\"Nuevos Productos CART\u00d3N S.A.\"><\/p>\n<div class=\"box-txt-nav\">\n<h3>Nuevos Productos CART\u00d3N S.A.<\/h3>\n<p>Somos una empresa altamente innovadora y lo demostramos en nuestra constante oferta de nuevos productos y desarrollos en empaques.<\/p>\n<p>                <a href=\"https:\/\/cartonsa.com\/es\/innovacion\/nuevos-productos-carton-sa\/\" lang=\"es\" title=\"Nuevos Productos CART\u00d3N S.A.\">Ver m\u00e1s<\/a>\n            <\/div>\n<\/figure>\n<\/article>\n<\/section>\n","protected":false},"excerpt":{"rendered":"<p>Inicio chevron_right Innovaci\u00f3n Innovaci\u00f3n Innovamos, dise\u00f1amos, desarrollamos y fabricamos empaques con altos est\u00e1ndares de calidad y 100% personalizados con diferentes funcionalidades y bajo diversas especificaciones. Dise\u00f1o de Empaques Dise\u00f1amos empaques tanto a nivel de funcionalidades, morfolog\u00eda y estilo gr\u00e1fico. Ver m\u00e1s Desarrollo de Empaques Desarrollamos todo tipo de empaques en diferentes dise\u00f1os, especificaciones, medidas y [&hellip;]<\/p>\n","protected":false},"author":1,"featured_media":0,"parent":0,"menu_order":0,"comment_status":"closed","ping_status":"closed","template":"","meta":{"_joinchat":[],"footnotes":""},"class_list":["post-9","page","type-page","status-publish","hentry"],"yoast_head":"<!-- This site is optimized with the Yoast SEO plugin v27.5 - https:\/\/yoast.com\/product\/yoast-seo-wordpress\/ -->\n<title>Innovaci\u00f3n - CART\u00d3N S.A. | Cajas de Cart\u00f3n e Ingenier\u00eda en Empaques en Barranquilla y toda Colombia<\/title>\n<meta name=\"description\" content=\"Innovamos, dise\u00f1amos, desarrollamos y fabricamos empaques con altos est\u00e1ndares de calidad y 100% personalizados con diferentes funcionalidades y bajo diversas especificaciones.\" \/>\n<meta name=\"robots\" content=\"index, follow, max-snippet:-1, max-image-preview:large, max-video-preview:-1\" \/>\n<link rel=\"canonical\" href=\"https:\/\/cartonsa.com\/es\/innovacion\/\" \/>\n<meta property=\"og:locale\" content=\"es_ES\" \/>\n<meta property=\"og:type\" content=\"article\" \/>\n<meta property=\"og:title\" content=\"Innovaci\u00f3n - CART\u00d3N S.A. | Cajas de Cart\u00f3n e Ingenier\u00eda en Empaques en Barranquilla y toda Colombia\" \/>\n<meta property=\"og:description\" content=\"Innovamos, dise\u00f1amos, desarrollamos y fabricamos empaques con altos est\u00e1ndares de calidad y 100% personalizados con diferentes funcionalidades y bajo diversas especificaciones.\" \/>\n<meta property=\"og:url\" content=\"https:\/\/cartonsa.com\/es\/innovacion\/\" \/>\n<meta property=\"og:site_name\" content=\"Cajas de Carton Colombia\" \/>\n<meta property=\"article:modified_time\" content=\"2019-10-24T01:33:13+00:00\" \/>\n<meta property=\"og:image\" content=\"https:\/\/cartonsa.com\/es\/wp-content\/uploads\/2018\/01\/carton-sa-diseno-de-empaques.jpg\" \/>\n<meta name=\"twitter:card\" content=\"summary_large_image\" \/>\n<meta name=\"twitter:title\" content=\"Innovaci\u00f3n - CART\u00d3N S.A. | Cajas de Cart\u00f3n e Ingenier\u00eda en Empaques en Barranquilla y toda Colombia\" \/>\n<meta name=\"twitter:description\" content=\"Innovamos, dise\u00f1amos, desarrollamos y fabricamos empaques con altos est\u00e1ndares de calidad y 100% personalizados con diferentes funcionalidades y bajo diversas especificaciones.\" \/>\n<meta name=\"twitter:label1\" content=\"Tiempo de lectura\" \/>\n\t<meta name=\"twitter:data1\" content=\"1 minuto\" \/>\n<script type=\"application\/ld+json\" class=\"yoast-schema-graph\">{\"@context\":\"https:\\\/\\\/schema.org\",\"@graph\":[{\"@type\":\"WebPage\",\"@id\":\"https:\\\/\\\/cartonsa.com\\\/es\\\/innovacion\\\/\",\"url\":\"https:\\\/\\\/cartonsa.com\\\/es\\\/innovacion\\\/\",\"name\":\"Innovaci\u00f3n - CART\u00d3N S.A. | Cajas de Cart\u00f3n e Ingenier\u00eda en Empaques en Barranquilla y toda Colombia\",\"isPartOf\":{\"@id\":\"https:\\\/\\\/cartonsa.com\\\/es\\\/#website\"},\"primaryImageOfPage\":{\"@id\":\"https:\\\/\\\/cartonsa.com\\\/es\\\/innovacion\\\/#primaryimage\"},\"image\":{\"@id\":\"https:\\\/\\\/cartonsa.com\\\/es\\\/innovacion\\\/#primaryimage\"},\"thumbnailUrl\":\"https:\\\/\\\/cartonsa.com\\\/es\\\/wp-content\\\/uploads\\\/2018\\\/01\\\/carton-sa-diseno-de-empaques.jpg\",\"datePublished\":\"2017-05-12T23:13:08+00:00\",\"dateModified\":\"2019-10-24T01:33:13+00:00\",\"description\":\"Innovamos, dise\u00f1amos, desarrollamos y fabricamos empaques con altos est\u00e1ndares de calidad y 100% personalizados con diferentes funcionalidades y bajo diversas especificaciones.\",\"breadcrumb\":{\"@id\":\"https:\\\/\\\/cartonsa.com\\\/es\\\/innovacion\\\/#breadcrumb\"},\"inLanguage\":\"es\",\"potentialAction\":[{\"@type\":\"ReadAction\",\"target\":[\"https:\\\/\\\/cartonsa.com\\\/es\\\/innovacion\\\/\"]}]},{\"@type\":\"ImageObject\",\"inLanguage\":\"es\",\"@id\":\"https:\\\/\\\/cartonsa.com\\\/es\\\/innovacion\\\/#primaryimage\",\"url\":\"https:\\\/\\\/cartonsa.com\\\/es\\\/wp-content\\\/uploads\\\/2018\\\/01\\\/carton-sa-diseno-de-empaques.jpg\",\"contentUrl\":\"https:\\\/\\\/cartonsa.com\\\/es\\\/wp-content\\\/uploads\\\/2018\\\/01\\\/carton-sa-diseno-de-empaques.jpg\",\"width\":386,\"height\":330,\"caption\":\"Dise\u00f1o de Empaques \u2013 Innovaci\u00f3n en Empaques | Cart\u00f3n S.A.\"},{\"@type\":\"BreadcrumbList\",\"@id\":\"https:\\\/\\\/cartonsa.com\\\/es\\\/innovacion\\\/#breadcrumb\",\"itemListElement\":[{\"@type\":\"ListItem\",\"position\":1,\"name\":\"Inicio\",\"item\":\"https:\\\/\\\/cartonsa.com\\\/es\\\/\"},{\"@type\":\"ListItem\",\"position\":2,\"name\":\"Innovaci\u00f3n\"}]},{\"@type\":\"WebSite\",\"@id\":\"https:\\\/\\\/cartonsa.com\\\/es\\\/#website\",\"url\":\"https:\\\/\\\/cartonsa.com\\\/es\\\/\",\"name\":\"Cajas de Carton Colombia\",\"description\":\"Fabrica de Cajas de Carton en Colombia\",\"potentialAction\":[{\"@type\":\"SearchAction\",\"target\":{\"@type\":\"EntryPoint\",\"urlTemplate\":\"https:\\\/\\\/cartonsa.com\\\/es\\\/?s={search_term_string}\"},\"query-input\":{\"@type\":\"PropertyValueSpecification\",\"valueRequired\":true,\"valueName\":\"search_term_string\"}}],\"inLanguage\":\"es\"}]}<\/script>\n<!-- \/ Yoast SEO plugin. -->","yoast_head_json":{"title":"Innovaci\u00f3n - CART\u00d3N S.A. | Cajas de Cart\u00f3n e Ingenier\u00eda en Empaques en Barranquilla y toda Colombia","description":"Innovamos, dise\u00f1amos, desarrollamos y fabricamos empaques con altos est\u00e1ndares de calidad y 100% personalizados con diferentes funcionalidades y bajo diversas especificaciones.","robots":{"index":"index","follow":"follow","max-snippet":"max-snippet:-1","max-image-preview":"max-image-preview:large","max-video-preview":"max-video-preview:-1"},"canonical":"https:\/\/cartonsa.com\/es\/innovacion\/","og_locale":"es_ES","og_type":"article","og_title":"Innovaci\u00f3n - CART\u00d3N S.A. | Cajas de Cart\u00f3n e Ingenier\u00eda en Empaques en Barranquilla y toda Colombia","og_description":"Innovamos, dise\u00f1amos, desarrollamos y fabricamos empaques con altos est\u00e1ndares de calidad y 100% personalizados con diferentes funcionalidades y bajo diversas especificaciones.","og_url":"https:\/\/cartonsa.com\/es\/innovacion\/","og_site_name":"Cajas de Carton Colombia","article_modified_time":"2019-10-24T01:33:13+00:00","og_image":[{"url":"https:\/\/cartonsa.com\/es\/wp-content\/uploads\/2018\/01\/carton-sa-diseno-de-empaques.jpg","type":"","width":"","height":""}],"twitter_card":"summary_large_image","twitter_title":"Innovaci\u00f3n - CART\u00d3N S.A. | Cajas de Cart\u00f3n e Ingenier\u00eda en Empaques en Barranquilla y toda Colombia","twitter_description":"Innovamos, dise\u00f1amos, desarrollamos y fabricamos empaques con altos est\u00e1ndares de calidad y 100% personalizados con diferentes funcionalidades y bajo diversas especificaciones.","twitter_misc":{"Tiempo de lectura":"1 minuto"},"schema":{"@context":"https:\/\/schema.org","@graph":[{"@type":"WebPage","@id":"https:\/\/cartonsa.com\/es\/innovacion\/","url":"https:\/\/cartonsa.com\/es\/innovacion\/","name":"Innovaci\u00f3n - CART\u00d3N S.A. | Cajas de Cart\u00f3n e Ingenier\u00eda en Empaques en Barranquilla y toda Colombia","isPartOf":{"@id":"https:\/\/cartonsa.com\/es\/#website"},"primaryImageOfPage":{"@id":"https:\/\/cartonsa.com\/es\/innovacion\/#primaryimage"},"image":{"@id":"https:\/\/cartonsa.com\/es\/innovacion\/#primaryimage"},"thumbnailUrl":"https:\/\/cartonsa.com\/es\/wp-content\/uploads\/2018\/01\/carton-sa-diseno-de-empaques.jpg","datePublished":"2017-05-12T23:13:08+00:00","dateModified":"2019-10-24T01:33:13+00:00","description":"Innovamos, dise\u00f1amos, desarrollamos y fabricamos empaques con altos est\u00e1ndares de calidad y 100% personalizados con diferentes funcionalidades y bajo diversas especificaciones.","breadcrumb":{"@id":"https:\/\/cartonsa.com\/es\/innovacion\/#breadcrumb"},"inLanguage":"es","potentialAction":[{"@type":"ReadAction","target":["https:\/\/cartonsa.com\/es\/innovacion\/"]}]},{"@type":"ImageObject","inLanguage":"es","@id":"https:\/\/cartonsa.com\/es\/innovacion\/#primaryimage","url":"https:\/\/cartonsa.com\/es\/wp-content\/uploads\/2018\/01\/carton-sa-diseno-de-empaques.jpg","contentUrl":"https:\/\/cartonsa.com\/es\/wp-content\/uploads\/2018\/01\/carton-sa-diseno-de-empaques.jpg","width":386,"height":330,"caption":"Dise\u00f1o de Empaques \u2013 Innovaci\u00f3n en Empaques | Cart\u00f3n S.A."},{"@type":"BreadcrumbList","@id":"https:\/\/cartonsa.com\/es\/innovacion\/#breadcrumb","itemListElement":[{"@type":"ListItem","position":1,"name":"Inicio","item":"https:\/\/cartonsa.com\/es\/"},{"@type":"ListItem","position":2,"name":"Innovaci\u00f3n"}]},{"@type":"WebSite","@id":"https:\/\/cartonsa.com\/es\/#website","url":"https:\/\/cartonsa.com\/es\/","name":"Cajas de Carton Colombia","description":"Fabrica de Cajas de Carton en Colombia","potentialAction":[{"@type":"SearchAction","target":{"@type":"EntryPoint","urlTemplate":"https:\/\/cartonsa.com\/es\/?s={search_term_string}"},"query-input":{"@type":"PropertyValueSpecification","valueRequired":true,"valueName":"search_term_string"}}],"inLanguage":"es"}]}},"_links":{"self":[{"href":"https:\/\/cartonsa.com\/es\/wp-json\/wp\/v2\/pages\/9","targetHints":{"allow":["GET"]}}],"collection":[{"href":"https:\/\/cartonsa.com\/es\/wp-json\/wp\/v2\/pages"}],"about":[{"href":"https:\/\/cartonsa.com\/es\/wp-json\/wp\/v2\/types\/page"}],"author":[{"embeddable":true,"href":"https:\/\/cartonsa.com\/es\/wp-json\/wp\/v2\/users\/1"}],"replies":[{"embeddable":true,"href":"https:\/\/cartonsa.com\/es\/wp-json\/wp\/v2\/comments?post=9"}],"version-history":[{"count":17,"href":"https:\/\/cartonsa.com\/es\/wp-json\/wp\/v2\/pages\/9\/revisions"}],"predecessor-version":[{"id":1467,"href":"https:\/\/cartonsa.com\/es\/wp-json\/wp\/v2\/pages\/9\/revisions\/1467"}],"wp:attachment":[{"href":"https:\/\/cartonsa.com\/es\/wp-json\/wp\/v2\/media?parent=9"}],"curies":[{"name":"wp","href":"https:\/\/api.w.org\/{rel}","templated":true}]}}